{"id":136868,"date":"2024-03-08T15:19:33","date_gmt":"2024-11-06T08:51:58","guid":{"rendered":"https:\/\/kingarms.ee\/product\/fenix-tk20r-ue-tuksnesa-camo-pilns-komplekts\/"},"modified":"2025-08-02T19:01:46","modified_gmt":"2025-08-02T16:01:46","slug":"fenix-tk20r-ue-tuksnesa-camo-pilns-komplekts","status":"publish","type":"product","link":"https:\/\/kingarms.ee\/lv\/product\/fenix-tk20r-ue-tuksnesa-camo-pilns-komplekts\/","title":{"rendered":"Fenix tk20r ue tuksne\u0161a camo pilns komplekts"},"content":{"rendered":"<p><img loading=\"lazy\" decoding=\"async\" class=\"alignnone size-full wp-image-99505\" src=\"https:\/\/kingarms.ee\/wp-content\/uploads\/2024\/03\/TK20R-UE-01.jpg\" alt=\"\" width=\"1000\" height=\"1000\" srcset=\"https:\/\/kingarms.ee\/wp-content\/uploads\/2024\/03\/TK20R-UE-01.jpg 1000w, https:\/\/kingarms.ee\/wp-content\/uploads\/2024\/03\/TK20R-UE-01-300x300.jpg 300w, https:\/\/kingarms.ee\/wp-content\/uploads\/2024\/03\/TK20R-UE-01-150x150.jpg 150w, https:\/\/kingarms.ee\/wp-content\/uploads\/2024\/03\/TK20R-UE-01-768x768.jpg 768w, https:\/\/kingarms.ee\/wp-content\/uploads\/2024\/03\/TK20R-UE-01-500x500.jpg 500w\" sizes=\"auto, (max-width: 1000px) 100vw, 1000px\" \/><\/p>\n","protected":false},"excerpt":{"rendered":"<p>Fenix TK20R UE Desert Camo pilns komplekts Virsb\u016bves kr\u0101sa Br\u016bns camo (Desert Camo) Maksim\u0101l\u0101 gaismas jauda 2800 l\u016bmeni Minim\u0101l\u0101 gaismas jauda 30 l\u016bmeni LED elementa tips Luminus SST70 Gaismas temperat\u016bra balts 6500K Optikas tips Gludas virsmas paraboliskais reflektors Tie\u0161\u0101s uzl\u0101des iesp\u0113ja J\u0101 (USB-C ) Iek\u013cauts akumulators J\u0101 Iek\u013cauts akumulatora ietilp\u012bba 5000mAh Lampu p\u0101rsl\u0113g\u0161anas meh\u0101nisms Aizmugur\u0113jais baro\u0161anas un re\u017e\u012bma sl\u0113dzis + aizmugur\u0113j\u0101 re\u017e\u012bma izv\u0113les poga (Flexisensa vad\u012bbas p\u0101rsl\u0113g\u0161anas sl\u0113dzis) Kr\u0101su gaismas re\u017e\u012bms N\u0113 Maksim\u0101lais darba laiks ar vienu uzl\u0101di 40h@max.30lm Darba laiks maksim\u0101laj\u0101 re\u017e\u012bm\u0101 3h@max .2800lm (sis.stepdown) Maksim\u0101lais gaismas pl\u016bsmas diapazons 465 metri Maksim\u0101l\u0101 gaismas pl\u016bsmas intensit\u0101te 53880cd Baro\u0161anas sprieguma stabiliz\u0101cija J\u0101 Aizsardz\u012bba pret p\u0101rkar\u0161anu J\u0101 (sekojot lampas darba temperat\u016brai) Darb\u012bbas re\u017e\u012bmi Taktisk\u0101 grupa: max.2800lm@3h un strobe; Darba grupa: max.2800lm@3h, 1000lm@3h15min, 350lm@9h, 30lm@40h Aizsardz\u012bbas klase IP68 2m P\u0101rbaud\u012bta triecieniztur\u012bba L\u012bdz 1 metram Lampas izm\u0113ri 153.7mm (garums) x 34mm (galva) (korpuss)4mm.<br \/>\nLampas svars 135g (bez baro\u0161anas blokiem)<br \/>\nKorpusa materi\u0101ls III tipa anod\u0113ts alum\u012bnijs<br \/>\nPrim\u0101r\u0101 baro\u0161anas avota tips Pogas aug\u0161da\u013ca un PCB aizsarg\u0101ts tipa 21700 litija jonu akumulators (ieteicams Fenix ARB-L21 s\u0113rijas akumulators)<br \/>\nKomplekt\u0101 ietilpst lampa, Fenix Type 21700 5000mAh Li-ion akumulators, rezerves O-gredzens, USB-C uzl\u0101des kabelis, viegls jostas maci\u0146\u0161, rokas siksni\u0146a.<\/p>\n","protected":false},"featured_media":134991,"template":"","meta":{"_acf_changed":false},"product_brand":[],"product_cat":[1037],"product_tag":[],"class_list":{"0":"post-136868","1":"product","2":"type-product","3":"status-publish","4":"has-post-thumbnail","6":"product_cat-lukturisi","8":"first","9":"instock","10":"taxable","11":"shipping-taxable","12":"purchasable","13":"product-type-simple"},"acf":[],"_links":{"self":[{"href":"https:\/\/kingarms.ee\/lv\/wp-json\/wp\/v2\/product\/136868","targetHints":{"allow":["GET"]}}],"collection":[{"href":"https:\/\/kingarms.ee\/lv\/wp-json\/wp\/v2\/product"}],"about":[{"href":"https:\/\/kingarms.ee\/lv\/wp-json\/wp\/v2\/types\/product"}],"wp:featuredmedia":[{"embeddable":true,"href":"https:\/\/kingarms.ee\/lv\/wp-json\/wp\/v2\/media\/134991"}],"wp:attachment":[{"href":"https:\/\/kingarms.ee\/lv\/wp-json\/wp\/v2\/media?parent=136868"}],"wp:term":[{"taxonomy":"product_brand","embeddable":true,"href":"https:\/\/kingarms.ee\/lv\/wp-json\/wp\/v2\/product_brand?post=136868"},{"taxonomy":"product_cat","embeddable":true,"href":"https:\/\/kingarms.ee\/lv\/wp-json\/wp\/v2\/product_cat?post=136868"},{"taxonomy":"product_tag","embeddable":true,"href":"https:\/\/kingarms.ee\/lv\/wp-json\/wp\/v2\/product_tag?post=136868"}],"curies":[{"name":"wp","href":"https:\/\/api.w.org\/{rel}","templated":true}]}}