{"id":136890,"date":"2024-01-31T13:38:57","date_gmt":"2024-11-06T10:15:21","guid":{"rendered":"https:\/\/kingarms.ee\/product\/skatieties-uz-izdzivosanas-rokasspradzi\/"},"modified":"2025-08-03T12:33:12","modified_gmt":"2025-08-03T09:33:12","slug":"noverosana-neavers-nelvel-4","status":"publish","type":"product","link":"https:\/\/kingarms.ee\/lv\/product\/noverosana-neavers-nelvel-4\/","title":{"rendered":"Skatieties uz izdz\u012bvo\u0161anas rokasspr\u0101dzi"},"content":{"rendered":"","protected":false},"excerpt":{"rendered":"<p>Stil\u012bgs 6-in-1 daudzfunkcion\u0101ls izdz\u012bvo\u0161anas aproces pulkstenis, kas apvieno rokasspr\u0101dzes pulksteni, kompasu, svilpi, termometru, uguns startu un parakordu. Izgatavots no iztur\u012bga 7 sv\u012btru 550 m\u0101rci\u0146u izplet\u0146u auklas, kas var p\u0101rv\u0113rsties par 3 metru garu gl\u0101b\u0161anas apjomu \u0101rk\u0101rtas lieto\u0161anai. \u0160is pulkstenis ir ne tikai praktisks, bet ar\u012b stil\u012bgs, ar unik\u0101lu dizainu un daudzfunkcion\u0101lu izmanto\u0161anu. Ide\u0101la d\u0101vana draugiem vai radiem un ir lieliski piem\u0113rota, lai piestiprin\u0101tu, kempingu, pirm\u0101s pal\u012bdz\u012bbas, k\u0101p\u0161anas, laivu brauciens, k\u0101p\u0161ana kalnos, p\u0101rg\u0101jieni, p\u0101rg\u0101jieni, piedz\u012bvojumi un milit\u0101risti. Aproces lielums ir pagarin\u0101ts 26 cm, un platums ir 2,5 cm. K\u0101 piez\u012bme, j\u0101atz\u012bm\u0113, ka rokasspr\u0101dze nav \u0101rst\u0113ta, bet ir ide\u0101li piem\u0113rota 7-9 coll\u0101m plaukstas loc\u012btavai. Papildus n\u0113s\u0101\u0161anai uz plaukstas loc\u012btavas to var \u0113rti pak\u0101rt uz mugursomas.<\/p>\n","protected":false},"featured_media":134260,"template":"","meta":{"_acf_changed":false},"product_brand":[],"product_cat":[1076],"product_tag":[],"class_list":{"0":"post-136890","1":"product","2":"type-product","3":"status-publish","4":"has-post-thumbnail","6":"product_cat-rokas-pulkstenis","8":"first","9":"instock","10":"taxable","11":"shipping-taxable","12":"purchasable","13":"product-type-simple"},"acf":[],"_links":{"self":[{"href":"https:\/\/kingarms.ee\/lv\/wp-json\/wp\/v2\/product\/136890","targetHints":{"allow":["GET"]}}],"collection":[{"href":"https:\/\/kingarms.ee\/lv\/wp-json\/wp\/v2\/product"}],"about":[{"href":"https:\/\/kingarms.ee\/lv\/wp-json\/wp\/v2\/types\/product"}],"wp:featuredmedia":[{"embeddable":true,"href":"https:\/\/kingarms.ee\/lv\/wp-json\/wp\/v2\/media\/134260"}],"wp:attachment":[{"href":"https:\/\/kingarms.ee\/lv\/wp-json\/wp\/v2\/media?parent=136890"}],"wp:term":[{"taxonomy":"product_brand","embeddable":true,"href":"https:\/\/kingarms.ee\/lv\/wp-json\/wp\/v2\/product_brand?post=136890"},{"taxonomy":"product_cat","embeddable":true,"href":"https:\/\/kingarms.ee\/lv\/wp-json\/wp\/v2\/product_cat?post=136890"},{"taxonomy":"product_tag","embeddable":true,"href":"https:\/\/kingarms.ee\/lv\/wp-json\/wp\/v2\/product_tag?post=136890"}],"curies":[{"name":"wp","href":"https:\/\/api.w.org\/{rel}","templated":true}]}}