{"id":136892,"date":"2024-01-31T13:35:42","date_gmt":"2024-11-06T10:17:37","guid":{"rendered":"https:\/\/kingarms.ee\/product\/skatiedies-uz-izdzithanas-rockspradz\/"},"modified":"2025-08-03T12:34:10","modified_gmt":"2025-08-03T09:34:10","slug":"uzraudzibas-selna-3","status":"publish","type":"product","link":"https:\/\/kingarms.ee\/lv\/product\/uzraudzibas-selna-3\/","title":{"rendered":"SKATIEDIES UZ Izdz\u012bthanas Rockspr\u0101dz"},"content":{"rendered":"","protected":false},"excerpt":{"rendered":"<p>Stil\u012bbs 6-in-1 daudzfunkcionAls Izdz\u012bkanas aproces Pulksten\u0101 neatkar\u012bgi no t\u0101, vai Apvieno Rockspr\u0101ves Pulksten, kompoz\u012bcija, purvs, termometrs, Uguns startu un rindkopa. Izgavatots nav izturiege 7 sv\u012btru 550 m\u0101rci\u0146u izplet\u0146u izci\u013c\u0146i, vai nu variCv\u0113rstiesi par 3 metru garu gl\u0101bhanas apjomu ozrk\u0101rtas lietoshanai. Shis in nicksten ir ne Tikai praks\u0113, bet ar\u012b stil\u012bbi, ar unikalu dizainu un daudfunkcionalu izmate\u0161anu. Ide\u0101la D\u0101vana Draugiem Vai Radiem Un IR Lieliski Piem\u0113rota, Lai Piestiprin\u0101tu, Kempingu, Pirmas Pal\u012bdz\u012bbas, K\u0101pshanas, Laivu Brauciens, K\u0101pshana Kalnos, P\u0101rg\u0101jeni, Parg\u0101jieni, P\u0101rg\u0101jieni, Pietzvojumi Unilita. APROCES meli ir Bakerarin\u0101tes 26 cm, ANO Platums IR 2,5 cm. K\u0101 pjezieme, j\u0101atz\u012bm\u0113, ar\u012b roksmap\u0113 nav iarst\u0113, bet irdaira piem\u0113rota 7-9 coll\u0101m plaukstas loc\u012bvavai. Papillus n\u0113s\u0101\u0161anai Uzplaukstas loc\u012btavas uz var ozrti pak\u0101rt uz Mugursomas.<\/p>\n","protected":false},"featured_media":134258,"template":"","meta":{"_acf_changed":false},"product_brand":[],"product_cat":[1076],"product_tag":[],"class_list":{"0":"post-136892","1":"product","2":"type-product","3":"status-publish","4":"has-post-thumbnail","6":"product_cat-rokas-pulkstenis","8":"first","9":"instock","10":"taxable","11":"shipping-taxable","12":"purchasable","13":"product-type-simple"},"acf":[],"_links":{"self":[{"href":"https:\/\/kingarms.ee\/lv\/wp-json\/wp\/v2\/product\/136892","targetHints":{"allow":["GET"]}}],"collection":[{"href":"https:\/\/kingarms.ee\/lv\/wp-json\/wp\/v2\/product"}],"about":[{"href":"https:\/\/kingarms.ee\/lv\/wp-json\/wp\/v2\/types\/product"}],"wp:featuredmedia":[{"embeddable":true,"href":"https:\/\/kingarms.ee\/lv\/wp-json\/wp\/v2\/media\/134258"}],"wp:attachment":[{"href":"https:\/\/kingarms.ee\/lv\/wp-json\/wp\/v2\/media?parent=136892"}],"wp:term":[{"taxonomy":"product_brand","embeddable":true,"href":"https:\/\/kingarms.ee\/lv\/wp-json\/wp\/v2\/product_brand?post=136892"},{"taxonomy":"product_cat","embeddable":true,"href":"https:\/\/kingarms.ee\/lv\/wp-json\/wp\/v2\/product_cat?post=136892"},{"taxonomy":"product_tag","embeddable":true,"href":"https:\/\/kingarms.ee\/lv\/wp-json\/wp\/v2\/product_tag?post=136892"}],"curies":[{"name":"wp","href":"https:\/\/api.w.org\/{rel}","templated":true}]}}