{"id":136898,"date":"2024-01-27T15:26:26","date_gmt":"2024-01-27T12:26:26","guid":{"rendered":"https:\/\/kingarms.ee\/product\/piparu-smidzinasanas-nato-zala-krasa-60-ml\/"},"modified":"2025-08-03T12:37:24","modified_gmt":"2025-08-03T09:37:24","slug":"piparu-aerosols-nato-zala-60ml","status":"publish","type":"product","link":"https:\/\/kingarms.ee\/lv\/product\/piparu-aerosols-nato-zala-60ml\/","title":{"rendered":"Piparu smidzin\u0101\u0161anas NATO za\u013c\u0101 kr\u0101s\u0101 (60 ml)"},"content":{"rendered":"<p><img loading=\"lazy\" decoding=\"async\" class=\"alignnone size-full wp-image-94232\" src=\"https:\/\/kingarms.ee\/wp-content\/uploads\/2024\/01\/s-pdpxl.file_.jpeg\" alt=\"\" width=\"459\" height=\"459\" srcset=\"https:\/\/kingarms.ee\/wp-content\/uploads\/2024\/01\/s-pdpxl.file_.jpeg 459w, https:\/\/kingarms.ee\/wp-content\/uploads\/2024\/01\/s-pdpxl.file_-300x300.jpeg 300w, https:\/\/kingarms.ee\/wp-content\/uploads\/2024\/01\/s-pdpxl.file_-150x150.jpeg 150w\" sizes=\"auto, (max-width: 459px) 100vw, 459px\" \/><\/p>\n","protected":false},"excerpt":{"rendered":"<p>Piparu aerosols NATO Green (60 ml) Viena no sp\u0113c\u012bg\u0101kaj\u0101m piparu g\u0101z\u0113m tirg\u016b. Lieto\u0161anai piem\u0113rotas telp\u0101s. Vairumtirdzniec\u012bba no apgabaliem 50gab<\/p>\n","protected":false},"featured_media":134170,"template":"","meta":{"_acf_changed":false},"product_brand":[],"product_cat":[1111],"product_tag":[],"class_list":{"0":"post-136898","1":"product","2":"type-product","3":"status-publish","4":"has-post-thumbnail","6":"product_cat-piparu-aerosols","8":"first","9":"instock","10":"sale","11":"taxable","12":"shipping-taxable","13":"purchasable","14":"product-type-simple"},"acf":[],"_links":{"self":[{"href":"https:\/\/kingarms.ee\/lv\/wp-json\/wp\/v2\/product\/136898","targetHints":{"allow":["GET"]}}],"collection":[{"href":"https:\/\/kingarms.ee\/lv\/wp-json\/wp\/v2\/product"}],"about":[{"href":"https:\/\/kingarms.ee\/lv\/wp-json\/wp\/v2\/types\/product"}],"wp:featuredmedia":[{"embeddable":true,"href":"https:\/\/kingarms.ee\/lv\/wp-json\/wp\/v2\/media\/134170"}],"wp:attachment":[{"href":"https:\/\/kingarms.ee\/lv\/wp-json\/wp\/v2\/media?parent=136898"}],"wp:term":[{"taxonomy":"product_brand","embeddable":true,"href":"https:\/\/kingarms.ee\/lv\/wp-json\/wp\/v2\/product_brand?post=136898"},{"taxonomy":"product_cat","embeddable":true,"href":"https:\/\/kingarms.ee\/lv\/wp-json\/wp\/v2\/product_cat?post=136898"},{"taxonomy":"product_tag","embeddable":true,"href":"https:\/\/kingarms.ee\/lv\/wp-json\/wp\/v2\/product_tag?post=136898"}],"curies":[{"name":"wp","href":"https:\/\/api.w.org\/{rel}","templated":true}]}}