{"id":136900,"date":"2024-01-27T15:23:58","date_gmt":"2024-01-27T12:23:58","guid":{"rendered":"https:\/\/kingarms.ee\/product\/piparu-smidzinasanas-nato-dzeltena-krasa-60-ml\/"},"modified":"2025-08-03T12:38:23","modified_gmt":"2025-08-03T09:38:23","slug":"piparu-aerosols-nato-dzeltens-60ml","status":"publish","type":"product","link":"https:\/\/kingarms.ee\/lv\/product\/piparu-aerosols-nato-dzeltens-60ml\/","title":{"rendered":"Piparu smidzin\u0101\u0161anas NATO dzelten\u0101 kr\u0101s\u0101 (60 ml)"},"content":{"rendered":"<p><img loading=\"lazy\" decoding=\"async\" class=\"alignnone size-full wp-image-94223\" src=\"https:\/\/kingarms.ee\/wp-content\/uploads\/2024\/01\/pipragaas-nato-kollane-60ml.jpeg\" alt=\"\" width=\"800\" height=\"800\" srcset=\"https:\/\/kingarms.ee\/wp-content\/uploads\/2024\/01\/pipragaas-nato-kollane-60ml.jpeg 800w, https:\/\/kingarms.ee\/wp-content\/uploads\/2024\/01\/pipragaas-nato-kollane-60ml-300x300.jpeg 300w, https:\/\/kingarms.ee\/wp-content\/uploads\/2024\/01\/pipragaas-nato-kollane-60ml-150x150.jpeg 150w, https:\/\/kingarms.ee\/wp-content\/uploads\/2024\/01\/pipragaas-nato-kollane-60ml-768x768.jpeg 768w, https:\/\/kingarms.ee\/wp-content\/uploads\/2024\/01\/pipragaas-nato-kollane-60ml-500x500.jpeg 500w\" sizes=\"auto, (max-width: 800px) 100vw, 800px\" \/><\/p>\n","protected":false},"excerpt":{"rendered":"<p>Piparu aerosols NATO dzeltens (60 ml) viens no sp\u0113c\u012bg\u0101kajiem pipariem tirg\u016b. Lieto\u0161anai piem\u0113rotas telp\u0101s. Vairumtirdzniec\u012bba no apgabaliem 50gab<\/p>\n","protected":false},"featured_media":134152,"template":"","meta":{"_acf_changed":false},"product_brand":[],"product_cat":[1111],"product_tag":[],"class_list":{"0":"post-136900","1":"product","2":"type-product","3":"status-publish","4":"has-post-thumbnail","6":"product_cat-piparu-aerosols","8":"first","9":"outofstock","10":"taxable","11":"shipping-taxable","12":"purchasable","13":"product-type-simple"},"acf":[],"_links":{"self":[{"href":"https:\/\/kingarms.ee\/lv\/wp-json\/wp\/v2\/product\/136900","targetHints":{"allow":["GET"]}}],"collection":[{"href":"https:\/\/kingarms.ee\/lv\/wp-json\/wp\/v2\/product"}],"about":[{"href":"https:\/\/kingarms.ee\/lv\/wp-json\/wp\/v2\/types\/product"}],"wp:featuredmedia":[{"embeddable":true,"href":"https:\/\/kingarms.ee\/lv\/wp-json\/wp\/v2\/media\/134152"}],"wp:attachment":[{"href":"https:\/\/kingarms.ee\/lv\/wp-json\/wp\/v2\/media?parent=136900"}],"wp:term":[{"taxonomy":"product_brand","embeddable":true,"href":"https:\/\/kingarms.ee\/lv\/wp-json\/wp\/v2\/product_brand?post=136900"},{"taxonomy":"product_cat","embeddable":true,"href":"https:\/\/kingarms.ee\/lv\/wp-json\/wp\/v2\/product_cat?post=136900"},{"taxonomy":"product_tag","embeddable":true,"href":"https:\/\/kingarms.ee\/lv\/wp-json\/wp\/v2\/product_tag?post=136900"}],"curies":[{"name":"wp","href":"https:\/\/api.w.org\/{rel}","templated":true}]}}