{"id":136927,"date":"2024-01-18T16:52:52","date_gmt":"2024-11-06T11:04:16","guid":{"rendered":"https:\/\/kingarms.ee\/product\/3-9x56-laika-optiskais-merkis-comel\/"},"modified":"2025-08-03T12:52:00","modified_gmt":"2025-08-03T09:52:00","slug":"3-9x56-laika-optiskais-haycomel","status":"publish","type":"product","link":"https:\/\/kingarms.ee\/lv\/product\/3-9x56-laika-optiskais-haycomel\/","title":{"rendered":"3-9&#215;56 laika optiskais m\u0113r\u0137is (COMEL)"},"content":{"rendered":"","protected":false},"excerpt":{"rendered":"<p>3-9&#215;56 laika optiskais m\u0113r\u0137is (COMEL)<\/p>\n<p>Modelis: 3-9&#215;56<br \/>\nT\u012bkls: mil-dot<br \/>\nPalielin\u0101jums: 3-9<br \/>\nIededzis: sarkana un za\u013ca<br \/>\nObjekt\u012bva diametrs: 2,2 collas (56 mm)<br \/>\nCaurules diametrs: 1 \u201d(25,4 cm)<br \/>\nAkumulators: CR 2032 X 1 (iek\u013cauts)<br \/>\nTips: \u0161autenes optiskais m\u0113r\u0137is<\/p>\n","protected":false},"featured_media":134038,"template":"","meta":{"_acf_changed":false},"product_brand":[],"product_cat":[1065,1067],"product_tag":[],"class_list":{"0":"post-136927","1":"product","2":"type-product","3":"status-publish","4":"has-post-thumbnail","6":"product_cat-airsoft-redzes-un-gredzeni","7":"product_cat-skats","9":"first","10":"instock","11":"taxable","12":"shipping-taxable","13":"purchasable","14":"product-type-simple"},"acf":[],"_links":{"self":[{"href":"https:\/\/kingarms.ee\/lv\/wp-json\/wp\/v2\/product\/136927","targetHints":{"allow":["GET"]}}],"collection":[{"href":"https:\/\/kingarms.ee\/lv\/wp-json\/wp\/v2\/product"}],"about":[{"href":"https:\/\/kingarms.ee\/lv\/wp-json\/wp\/v2\/types\/product"}],"wp:featuredmedia":[{"embeddable":true,"href":"https:\/\/kingarms.ee\/lv\/wp-json\/wp\/v2\/media\/134038"}],"wp:attachment":[{"href":"https:\/\/kingarms.ee\/lv\/wp-json\/wp\/v2\/media?parent=136927"}],"wp:term":[{"taxonomy":"product_brand","embeddable":true,"href":"https:\/\/kingarms.ee\/lv\/wp-json\/wp\/v2\/product_brand?post=136927"},{"taxonomy":"product_cat","embeddable":true,"href":"https:\/\/kingarms.ee\/lv\/wp-json\/wp\/v2\/product_cat?post=136927"},{"taxonomy":"product_tag","embeddable":true,"href":"https:\/\/kingarms.ee\/lv\/wp-json\/wp\/v2\/product_tag?post=136927"}],"curies":[{"name":"wp","href":"https:\/\/api.w.org\/{rel}","templated":true}]}}