{"id":136943,"date":"2024-01-18T14:27:52","date_gmt":"2024-11-06T12:42:07","guid":{"rendered":"https:\/\/kingarms.ee\/product\/ziemas-cimdu-mehanix-coldwork-pamatnes-slana-koijots\/"},"modified":"2025-08-03T12:55:18","modified_gmt":"2025-08-03T09:55:18","slug":"ziemas-cimdu-mechanix-collwork-bazes-slana-coyote","status":"publish","type":"product","link":"https:\/\/kingarms.ee\/lv\/product\/ziemas-cimdu-mechanix-collwork-bazes-slana-coyote\/","title":{"rendered":"Ziemas cimdu meh\u0101nix Coldwork pamatnes sl\u0101\u0146a koijots"},"content":{"rendered":"","protected":false},"excerpt":{"rendered":"<h2>Ziemas Cimdu Mehanix Coldwork Pamatnes Sl\u0101\u0146a Koijots<\/h2>\n<p>Funkcijas \u2022 \u016adensnecaurlaid\u012bga stiep\u0161an\u0101s d\u012bv\u0101na strukt\u016bra nov\u0113r\u0161 aukstu gaisu gais\u0101<br \/>\n\u2022 Mikrofli odere palielina siltumu un pied\u0101v\u0101 \u0101rk\u0101rtas komfortu<br \/>\n\u2022 Stil\u012bgs, zema profila dizains \u013cauj cimdus izmantot k\u0101 oderi vai atsevi\u0161\u0137i<br \/>\n\u2022 \u012ak\u0161\u0137a un r\u0101d\u012bt\u0101jp\u0113li ar sk\u0101rienekr\u0101nu<br \/>\n?<br \/>\n\u2022 P\u0101rejas aproces dizains nodro\u0161ina stabilu s\u0113dekli, vienlaikus turot elementus prom<br \/>\n?<br \/>\n\u2022 Var valk\u0101t k\u0101 oderi vai stat\u012bvu -alonu cimdu.<\/p>\n","protected":false},"featured_media":134030,"template":"","meta":{"_acf_changed":false},"product_brand":[],"product_cat":[1092],"product_tag":[],"class_list":{"0":"post-136943","1":"product","2":"type-product","3":"status-publish","4":"has-post-thumbnail","6":"product_cat-cimdi","8":"first","9":"instock","10":"sale","11":"taxable","12":"shipping-taxable","13":"purchasable","14":"product-type-variable"},"acf":[],"_links":{"self":[{"href":"https:\/\/kingarms.ee\/lv\/wp-json\/wp\/v2\/product\/136943","targetHints":{"allow":["GET"]}}],"collection":[{"href":"https:\/\/kingarms.ee\/lv\/wp-json\/wp\/v2\/product"}],"about":[{"href":"https:\/\/kingarms.ee\/lv\/wp-json\/wp\/v2\/types\/product"}],"wp:featuredmedia":[{"embeddable":true,"href":"https:\/\/kingarms.ee\/lv\/wp-json\/wp\/v2\/media\/134030"}],"wp:attachment":[{"href":"https:\/\/kingarms.ee\/lv\/wp-json\/wp\/v2\/media?parent=136943"}],"wp:term":[{"taxonomy":"product_brand","embeddable":true,"href":"https:\/\/kingarms.ee\/lv\/wp-json\/wp\/v2\/product_brand?post=136943"},{"taxonomy":"product_cat","embeddable":true,"href":"https:\/\/kingarms.ee\/lv\/wp-json\/wp\/v2\/product_cat?post=136943"},{"taxonomy":"product_tag","embeddable":true,"href":"https:\/\/kingarms.ee\/lv\/wp-json\/wp\/v2\/product_tag?post=136943"}],"curies":[{"name":"wp","href":"https:\/\/api.w.org\/{rel}","templated":true}]}}