{"id":136955,"date":"2024-01-18T14:07:08","date_gmt":"2024-11-06T12:44:44","guid":{"rendered":"https:\/\/kingarms.ee\/product\/taktiska-aizsargajoso-aizsargbrilles-mehanix-n-type\/"},"modified":"2025-08-03T12:56:05","modified_gmt":"2025-08-03T09:56:05","slug":"taktiskas-aizsardzibas-aizsargbrilles-mechanix-n-tuupi-3","status":"publish","type":"product","link":"https:\/\/kingarms.ee\/lv\/product\/taktiskas-aizsardzibas-aizsargbrilles-mechanix-n-tuupi-3\/","title":{"rendered":"Taktisk\u0101 aizsarg\u0101jo\u0161o aizsargbrilles meh\u0101nix N-Type"},"content":{"rendered":"","protected":false},"excerpt":{"rendered":"<p>Taktisk\u0101s aizsarg\u0101jo\u0161\u0101s aizsargbrilles Mechanix N-Type Vision N-Type aizsargbrilles ir izgatavotas no viegla trieciena iztur\u012bga polikarbon\u0101ta, nodro\u0161inot maksim\u0101lu skatu lauku un visaptvero\u0161u acu aizsardz\u012bbu. Paredz\u0113ts iek\u0161telpu un \u0101ra lieto\u0161anai da\u017e\u0101d\u0101s viet\u0101s. Funkcijas: \u2022 viegls polikarbon\u0101ta r\u0101mis nodro\u0161ina maksim\u0101lu aizsardz\u012bbu.<br \/>\n\u2022 \u012apa\u0161s objekt\u012bva apvalks, lai nov\u0113rstu miglu un skr\u0101p\u0113jumus.<br \/>\n\u2022 Izliekts objekt\u012bvs nodro\u0161ina \u012bpa\u0161i labu acu aizsardz\u012bbu.<br \/>\n\u2022 Bezr\u0101mju objekt\u012bva dizains nodro\u0161ina pla\u0161u redzes lauku<br \/>\n\u2022 M\u012bkstie TPR ausu un deguna spilventi\u0146i nodro\u0161ina dro\u0161as, \u0113rtas un nesl\u012bdo\u0161as vietas.<br \/>\n\u2022 Tum\u0161s k\u016bpo\u0161s objekt\u012bvs ir piem\u0113rots ilgsto\u0161ai saulei.<br \/>\n!<br \/>\n\u2022 99% UV aizsardz\u012bba.<\/p>\n","protected":false},"featured_media":134276,"template":"","meta":{"_acf_changed":false},"product_brand":[],"product_cat":[1084,1086],"product_tag":[],"class_list":{"0":"post-136955","1":"product","2":"type-product","3":"status-publish","4":"has-post-thumbnail","6":"product_cat-ballistiskas-brilles","7":"product_cat-drosibas-brilles","9":"first","10":"instock","11":"taxable","12":"shipping-taxable","13":"purchasable","14":"product-type-simple"},"acf":[],"_links":{"self":[{"href":"https:\/\/kingarms.ee\/lv\/wp-json\/wp\/v2\/product\/136955","targetHints":{"allow":["GET"]}}],"collection":[{"href":"https:\/\/kingarms.ee\/lv\/wp-json\/wp\/v2\/product"}],"about":[{"href":"https:\/\/kingarms.ee\/lv\/wp-json\/wp\/v2\/types\/product"}],"wp:featuredmedia":[{"embeddable":true,"href":"https:\/\/kingarms.ee\/lv\/wp-json\/wp\/v2\/media\/134276"}],"wp:attachment":[{"href":"https:\/\/kingarms.ee\/lv\/wp-json\/wp\/v2\/media?parent=136955"}],"wp:term":[{"taxonomy":"product_brand","embeddable":true,"href":"https:\/\/kingarms.ee\/lv\/wp-json\/wp\/v2\/product_brand?post=136955"},{"taxonomy":"product_cat","embeddable":true,"href":"https:\/\/kingarms.ee\/lv\/wp-json\/wp\/v2\/product_cat?post=136955"},{"taxonomy":"product_tag","embeddable":true,"href":"https:\/\/kingarms.ee\/lv\/wp-json\/wp\/v2\/product_tag?post=136955"}],"curies":[{"name":"wp","href":"https:\/\/api.w.org\/{rel}","templated":true}]}}