{"id":136964,"date":"2024-01-17T12:36:47","date_gmt":"2024-11-06T16:10:55","guid":{"rendered":"https:\/\/kingarms.ee\/product\/pirmas-palitidibas-soma\/"},"modified":"2025-08-03T13:18:40","modified_gmt":"2025-08-03T10:18:40","slug":"pirmais-palidzibas-komplekts-2","status":"publish","type":"product","link":"https:\/\/kingarms.ee\/lv\/product\/pirmais-palidzibas-komplekts-2\/","title":{"rendered":"Pirmas pal\u012bt\u012bdibas soma"},"content":{"rendered":"","protected":false},"excerpt":{"rendered":"<p>Pirmas pal\u012bt\u012bdibas soma neaemama \u0101\u0137a liedz molle fiksetja platformai<br \/>\nANO 2 D-GREDZENI ANO 2 MOLL SIKSNAS<br \/>\nAizmugur\u0113 ar Nospieded Pogu<br \/>\nS\u0101nu molle Mont\u0101za Augi<br \/>\nPiel\u0101gojams \u0101\u0137is -Kara Vietas Siksna<br \/>\nHaak-Aas Atloka Prieksha, 2 S\u0101nu R\u0101vejsl\u0113dz\u0113ji<br \/>\nL\u012bdz<br \/>\nNo\u0146EMAMS N\u0113S\u0101\u0161anas Stien, Sarkans<br \/>\n\u0100\u0137is un Cilpa MarinkuJums<br \/>\nCILPAS PANELIS AR &#8220;PIRIMAS PALIDZIBAS&#8221; Platster.<br \/>\nKast\u0113Sthiras un<br \/>\nGumiJas Poulavas iek\u0161pus\u0113<br \/>\nPieg\u0101t\u0101tes Bez Satura!<br \/>\nIzm\u0113ri: APM. 16 x 18 x 8 cm (l x k x s)<\/p>\n","protected":false},"featured_media":134344,"template":"","meta":{"_acf_changed":false},"product_brand":[],"product_cat":[1104,1098],"product_tag":[],"class_list":{"0":"post-136964","1":"product","2":"type-product","3":"status-publish","4":"has-post-thumbnail","6":"product_cat-kabatas","7":"product_cat-maisini-somas-un-siksnas","9":"first","10":"instock","11":"taxable","12":"shipping-taxable","13":"purchasable","14":"product-type-simple"},"acf":[],"_links":{"self":[{"href":"https:\/\/kingarms.ee\/lv\/wp-json\/wp\/v2\/product\/136964","targetHints":{"allow":["GET"]}}],"collection":[{"href":"https:\/\/kingarms.ee\/lv\/wp-json\/wp\/v2\/product"}],"about":[{"href":"https:\/\/kingarms.ee\/lv\/wp-json\/wp\/v2\/types\/product"}],"wp:featuredmedia":[{"embeddable":true,"href":"https:\/\/kingarms.ee\/lv\/wp-json\/wp\/v2\/media\/134344"}],"wp:attachment":[{"href":"https:\/\/kingarms.ee\/lv\/wp-json\/wp\/v2\/media?parent=136964"}],"wp:term":[{"taxonomy":"product_brand","embeddable":true,"href":"https:\/\/kingarms.ee\/lv\/wp-json\/wp\/v2\/product_brand?post=136964"},{"taxonomy":"product_cat","embeddable":true,"href":"https:\/\/kingarms.ee\/lv\/wp-json\/wp\/v2\/product_cat?post=136964"},{"taxonomy":"product_tag","embeddable":true,"href":"https:\/\/kingarms.ee\/lv\/wp-json\/wp\/v2\/product_tag?post=136964"}],"curies":[{"name":"wp","href":"https:\/\/api.w.org\/{rel}","templated":true}]}}