{"id":136966,"date":"2024-01-17T12:33:01","date_gmt":"2024-11-06T16:13:37","guid":{"rendered":"https:\/\/kingarms.ee\/product\/pirmas-palititibas-soma\/"},"modified":"2025-08-03T13:19:31","modified_gmt":"2025-08-03T10:19:31","slug":"pirmas-palidzibas-soma","status":"publish","type":"product","link":"https:\/\/kingarms.ee\/lv\/product\/pirmas-palidzibas-soma\/","title":{"rendered":"Pirmas Pal\u012bt\u012btibas soma"},"content":{"rendered":"","protected":false},"excerpt":{"rendered":"<p>Pirma Pal\u012bt\u012btibas soma neaemama \u0101\u0137a liededz molle fits un platformai<br \/>\nANO 2 D-GEDZEN ANO 2 MOLL SIKNAS<br \/>\nAizmugur\u0113 ar neospiede pogu<br \/>\nS\u0101nu Molle Montoza Augi<br \/>\nPiel\u0101gojams \u0101\u0137is -Kara Vietas Siksna<br \/>\nHaak-Aas Atloka Prieksha, 2 S\u0101nu R\u0101vsl\u0113ddzieji<br \/>\nL\u012bds<br \/>\nNo\u0146emams n\u0113S\u0101\u0161anas Stien, Sarkans<br \/>\n\u0100\u0137is un cilpa marinims<br \/>\nCILPAS PANELIS AR &#8220;PIRIMAS PALIDZIBAS&#8221; Platster.<br \/>\nKast\u0113sthiras un<br \/>\nGumiJas Poulavava iekshpus\u0113<br \/>\nPieg\u0101tes Bez Satura!<br \/>\nIzm\u0113ri: APM. 16 x 18 x 8 cm (l x k x s)<\/p>\n","protected":false},"featured_media":134342,"template":"","meta":{"_acf_changed":false},"product_brand":[],"product_cat":[1104,1098],"product_tag":[],"class_list":{"0":"post-136966","1":"product","2":"type-product","3":"status-publish","4":"has-post-thumbnail","6":"product_cat-kabatas","7":"product_cat-maisini-somas-un-siksnas","9":"first","10":"instock","11":"taxable","12":"shipping-taxable","13":"purchasable","14":"product-type-simple"},"acf":[],"_links":{"self":[{"href":"https:\/\/kingarms.ee\/lv\/wp-json\/wp\/v2\/product\/136966","targetHints":{"allow":["GET"]}}],"collection":[{"href":"https:\/\/kingarms.ee\/lv\/wp-json\/wp\/v2\/product"}],"about":[{"href":"https:\/\/kingarms.ee\/lv\/wp-json\/wp\/v2\/types\/product"}],"wp:featuredmedia":[{"embeddable":true,"href":"https:\/\/kingarms.ee\/lv\/wp-json\/wp\/v2\/media\/134342"}],"wp:attachment":[{"href":"https:\/\/kingarms.ee\/lv\/wp-json\/wp\/v2\/media?parent=136966"}],"wp:term":[{"taxonomy":"product_brand","embeddable":true,"href":"https:\/\/kingarms.ee\/lv\/wp-json\/wp\/v2\/product_brand?post=136966"},{"taxonomy":"product_cat","embeddable":true,"href":"https:\/\/kingarms.ee\/lv\/wp-json\/wp\/v2\/product_cat?post=136966"},{"taxonomy":"product_tag","embeddable":true,"href":"https:\/\/kingarms.ee\/lv\/wp-json\/wp\/v2\/product_tag?post=136966"}],"curies":[{"name":"wp","href":"https:\/\/api.w.org\/{rel}","templated":true}]}}