{"id":136968,"date":"2024-01-17T12:30:07","date_gmt":"2024-11-06T16:15:59","guid":{"rendered":"https:\/\/kingarms.ee\/product\/pirmas-palidzibas-kabata\/"},"modified":"2025-08-03T13:20:26","modified_gmt":"2025-08-03T10:20:26","slug":"pirmas-palidzibas-kabata","status":"publish","type":"product","link":"https:\/\/kingarms.ee\/lv\/product\/pirmas-palidzibas-kabata\/","title":{"rendered":"Pirm\u0101s pal\u012bdz\u012bbas kabata"},"content":{"rendered":"","protected":false},"excerpt":{"rendered":"<p>Pirm\u0101s pal\u012bdz\u012bbas kabatas no\u0146emama \u0101\u0137a-mucas gult\u0146a pl\u0101ksne<br \/>\nun 2 D-gredzeni un 2 moll siksnas<br \/>\nAizmugur\u0113 ar nospiediet pogu<br \/>\nS\u0101nu molle mont\u0101\u017eas augi<br \/>\nPiel\u0101gojams \u0101\u0137is -k\u0101 vietas siksna<br \/>\nHaak-aas atloka priek\u0161\u0101, 2 s\u0101nu r\u0101v\u0113jsl\u0113dz\u0113ji<br \/>\nun k\u016btis<br \/>\nNo\u0146emams n\u0113s\u0101\u0161anas stienis, sarkans<br \/>\n\u0100\u0137is un cilpas mar\u0137\u0113jums<br \/>\ncilpas panelis ar &#8220;Pirm\u0101s pal\u012bdz\u012bbas&#8221; pl\u0101ksteri.<br \/>\nKast\u0113s at\u0161\u0137iras un<br \/>\ngumijas p\u013cavas iek\u0161pus\u0113<br \/>\nPieg\u0101d\u0101ts bez satura!<br \/>\nIzm\u0113ri: apm. 16 x 18 x 8 cm (l x k x s) materi\u0101ls:<\/p>\n","protected":false},"featured_media":134340,"template":"","meta":{"_acf_changed":false},"product_brand":[],"product_cat":[1104,1098],"product_tag":[],"class_list":{"0":"post-136968","1":"product","2":"type-product","3":"status-publish","4":"has-post-thumbnail","6":"product_cat-kabatas","7":"product_cat-maisini-somas-un-siksnas","9":"first","10":"instock","11":"taxable","12":"shipping-taxable","13":"purchasable","14":"product-type-simple"},"acf":[],"_links":{"self":[{"href":"https:\/\/kingarms.ee\/lv\/wp-json\/wp\/v2\/product\/136968","targetHints":{"allow":["GET"]}}],"collection":[{"href":"https:\/\/kingarms.ee\/lv\/wp-json\/wp\/v2\/product"}],"about":[{"href":"https:\/\/kingarms.ee\/lv\/wp-json\/wp\/v2\/types\/product"}],"wp:featuredmedia":[{"embeddable":true,"href":"https:\/\/kingarms.ee\/lv\/wp-json\/wp\/v2\/media\/134340"}],"wp:attachment":[{"href":"https:\/\/kingarms.ee\/lv\/wp-json\/wp\/v2\/media?parent=136968"}],"wp:term":[{"taxonomy":"product_brand","embeddable":true,"href":"https:\/\/kingarms.ee\/lv\/wp-json\/wp\/v2\/product_brand?post=136968"},{"taxonomy":"product_cat","embeddable":true,"href":"https:\/\/kingarms.ee\/lv\/wp-json\/wp\/v2\/product_cat?post=136968"},{"taxonomy":"product_tag","embeddable":true,"href":"https:\/\/kingarms.ee\/lv\/wp-json\/wp\/v2\/product_tag?post=136968"}],"curies":[{"name":"wp","href":"https:\/\/api.w.org\/{rel}","templated":true}]}}