{"id":136978,"date":"2024-01-15T13:53:30","date_gmt":"2024-11-06T16:37:58","guid":{"rendered":"https:\/\/kingarms.ee\/product\/papira-pistoles-ziede-patriots\/"},"modified":"2025-08-03T13:29:28","modified_gmt":"2025-08-03T10:29:28","slug":"papira-lielgabalu-norma","status":"publish","type":"product","link":"https:\/\/kingarms.ee\/lv\/product\/papira-lielgabalu-norma\/","title":{"rendered":"Pap\u012bra pistoles ziede, patriots ,"},"content":{"rendered":"","protected":false},"excerpt":{"rendered":"<p><span style=\"font-weight: 400;\">Papl\u0101tes piem\u0113rot\u012bba:<\/span><\/p>\n<ul>\n<li style=\"font-weight: 400;\" aria-level=\"1\"><span style=\"font-weight: 400;\">Patriots<\/span><\/li>\n<\/ul>\n<p>Daudzums: 2gab. Materi\u0101ls: Plastmasas papl\u0101tes ietilp\u012bba: 6gab nepiecie\u0161amie piederumi: l\u012bme un skr\u016bvgriezis<\/p>\n","protected":false},"featured_media":134162,"template":"","meta":{"_acf_changed":false},"product_brand":[],"product_cat":[997],"product_tag":[],"class_list":{"0":"post-136978","1":"product","2":"type-product","3":"status-publish","4":"has-post-thumbnail","6":"product_cat-papira-pistoles","8":"first","9":"onbackorder","10":"taxable","11":"shipping-taxable","12":"product-type-simple"},"acf":[],"_links":{"self":[{"href":"https:\/\/kingarms.ee\/lv\/wp-json\/wp\/v2\/product\/136978","targetHints":{"allow":["GET"]}}],"collection":[{"href":"https:\/\/kingarms.ee\/lv\/wp-json\/wp\/v2\/product"}],"about":[{"href":"https:\/\/kingarms.ee\/lv\/wp-json\/wp\/v2\/types\/product"}],"wp:featuredmedia":[{"embeddable":true,"href":"https:\/\/kingarms.ee\/lv\/wp-json\/wp\/v2\/media\/134162"}],"wp:attachment":[{"href":"https:\/\/kingarms.ee\/lv\/wp-json\/wp\/v2\/media?parent=136978"}],"wp:term":[{"taxonomy":"product_brand","embeddable":true,"href":"https:\/\/kingarms.ee\/lv\/wp-json\/wp\/v2\/product_brand?post=136978"},{"taxonomy":"product_cat","embeddable":true,"href":"https:\/\/kingarms.ee\/lv\/wp-json\/wp\/v2\/product_cat?post=136978"},{"taxonomy":"product_tag","embeddable":true,"href":"https:\/\/kingarms.ee\/lv\/wp-json\/wp\/v2\/product_tag?post=136978"}],"curies":[{"name":"wp","href":"https:\/\/api.w.org\/{rel}","templated":true}]}}