{"id":136982,"date":"2024-01-15T13:48:47","date_gmt":"2024-11-06T16:43:53","guid":{"rendered":"https:\/\/kingarms.ee\/product\/papira-pistoles-ziede-zombie-slayer\/"},"modified":"2025-08-03T13:31:25","modified_gmt":"2025-08-03T10:31:25","slug":"papira-lielgabala-sandina-zombiju-slaneklis","status":"publish","type":"product","link":"https:\/\/kingarms.ee\/lv\/product\/papira-lielgabala-sandina-zombiju-slaneklis\/","title":{"rendered":"Pap\u012bra pistoles ziede , Zombie Slayer ,"},"content":{"rendered":"","protected":false},"excerpt":{"rendered":"<p><span style=\"font-weight: 400;\">Papl\u0101tes piem\u0113rotiba:<\/span><\/p>\n<ul>\n<li style=\"font-weight: 400;\" aria-level=\"1\"><span style=\"font-weight: 400;\">Zombiju slepkava<\/span><\/li>\n<\/ul>\n<p>Daudzums: 2gab. Materi\u0101ls: Plastmasas paprikas Ietilp\u012bba: 6gab Nepieciehamie Piederum: Lije un Skr\u016bvgriezis<\/p>\n","protected":false},"featured_media":134168,"template":"","meta":{"_acf_changed":false},"product_brand":[],"product_cat":[997],"product_tag":[],"class_list":{"0":"post-136982","1":"product","2":"type-product","3":"status-publish","4":"has-post-thumbnail","6":"product_cat-papira-pistoles","8":"first","9":"onbackorder","10":"taxable","11":"shipping-taxable","12":"product-type-simple"},"acf":[],"_links":{"self":[{"href":"https:\/\/kingarms.ee\/lv\/wp-json\/wp\/v2\/product\/136982","targetHints":{"allow":["GET"]}}],"collection":[{"href":"https:\/\/kingarms.ee\/lv\/wp-json\/wp\/v2\/product"}],"about":[{"href":"https:\/\/kingarms.ee\/lv\/wp-json\/wp\/v2\/types\/product"}],"wp:featuredmedia":[{"embeddable":true,"href":"https:\/\/kingarms.ee\/lv\/wp-json\/wp\/v2\/media\/134168"}],"wp:attachment":[{"href":"https:\/\/kingarms.ee\/lv\/wp-json\/wp\/v2\/media?parent=136982"}],"wp:term":[{"taxonomy":"product_brand","embeddable":true,"href":"https:\/\/kingarms.ee\/lv\/wp-json\/wp\/v2\/product_brand?post=136982"},{"taxonomy":"product_cat","embeddable":true,"href":"https:\/\/kingarms.ee\/lv\/wp-json\/wp\/v2\/product_cat?post=136982"},{"taxonomy":"product_tag","embeddable":true,"href":"https:\/\/kingarms.ee\/lv\/wp-json\/wp\/v2\/product_tag?post=136982"}],"curies":[{"name":"wp","href":"https:\/\/api.w.org\/{rel}","templated":true}]}}