{"id":136984,"date":"2024-01-15T13:45:39","date_gmt":"2024-11-06T16:46:40","guid":{"rendered":"https:\/\/kingarms.ee\/product\/papira-pistoles-ziede-guardian-izmiris\/"},"modified":"2025-08-03T13:32:20","modified_gmt":"2025-08-03T10:32:20","slug":"papira-lielgabalu-norma-koderian-teksts","status":"publish","type":"product","link":"https:\/\/kingarms.ee\/lv\/product\/papira-lielgabalu-norma-koderian-teksts\/","title":{"rendered":"Pap\u012bra pistoles ziede , Guardian izmiris ,"},"content":{"rendered":"","protected":false},"excerpt":{"rendered":"<p><span style=\"font-weight: 400;\">Papl\u0101tes piem\u0113rotiba:<\/span><\/p>\n<ul>\n<li style=\"font-weight: 400;\" aria-level=\"1\"><span style=\"font-weight: 400;\">Aizbild\u0146a izmir\u0161ana<\/span><\/li>\n<\/ul>\n<p>Daudzums: 2gab. Mater\u0101ni: plastmasas paprika Ietilp\u012bba: 6gab Nepieciehamie Piederum: Lije un Skr\u016bvgriezis<\/p>\n","protected":false},"featured_media":134160,"template":"","meta":{"_acf_changed":false},"product_brand":[],"product_cat":[997],"product_tag":[],"class_list":{"0":"post-136984","1":"product","2":"type-product","3":"status-publish","4":"has-post-thumbnail","6":"product_cat-papira-pistoles","8":"first","9":"onbackorder","10":"taxable","11":"shipping-taxable","12":"product-type-simple"},"acf":[],"_links":{"self":[{"href":"https:\/\/kingarms.ee\/lv\/wp-json\/wp\/v2\/product\/136984","targetHints":{"allow":["GET"]}}],"collection":[{"href":"https:\/\/kingarms.ee\/lv\/wp-json\/wp\/v2\/product"}],"about":[{"href":"https:\/\/kingarms.ee\/lv\/wp-json\/wp\/v2\/types\/product"}],"wp:featuredmedia":[{"embeddable":true,"href":"https:\/\/kingarms.ee\/lv\/wp-json\/wp\/v2\/media\/134160"}],"wp:attachment":[{"href":"https:\/\/kingarms.ee\/lv\/wp-json\/wp\/v2\/media?parent=136984"}],"wp:term":[{"taxonomy":"product_brand","embeddable":true,"href":"https:\/\/kingarms.ee\/lv\/wp-json\/wp\/v2\/product_brand?post=136984"},{"taxonomy":"product_cat","embeddable":true,"href":"https:\/\/kingarms.ee\/lv\/wp-json\/wp\/v2\/product_cat?post=136984"},{"taxonomy":"product_tag","embeddable":true,"href":"https:\/\/kingarms.ee\/lv\/wp-json\/wp\/v2\/product_tag?post=136984"}],"curies":[{"name":"wp","href":"https:\/\/api.w.org\/{rel}","templated":true}]}}