{"id":136991,"date":"2024-01-15T13:38:36","date_gmt":"2024-11-08T07:41:00","guid":{"rendered":"https:\/\/kingarms.ee\/product\/papira-pistoles-lodes-8-mm\/"},"modified":"2025-08-03T13:34:15","modified_gmt":"2025-08-03T10:34:15","slug":"papira-pistoles-bumbinas-8-mm","status":"publish","type":"product","link":"https:\/\/kingarms.ee\/lv\/product\/papira-pistoles-bumbinas-8-mm\/","title":{"rendered":"Pap\u012bra pistoles lodes 8 mm"},"content":{"rendered":"","protected":false},"excerpt":{"rendered":"<p>Pap\u012bra pistoles lodes 8 mm<\/p>\n<p><span style=\"font-weight: 400;\">Lo\u017eu piem\u0113rot\u012bba:<\/span><\/p>\n<ul>\n<li style=\"font-weight: 400;\" aria-level=\"1\"><span style=\"font-weight: 400;\">Aizbild\u0146a izmirshana<\/span><\/li>\n<li style=\"font-weight: 400;\" aria-level=\"1\"><span style=\"font-weight: 400;\">Zombie Slepka<\/span><\/li>\n<li style=\"font-weight: 400;\" aria-level=\"1\"><span style=\"font-weight: 400;\">Zaoulais Espiesti<\/span><\/li>\n<li style=\"font-weight: 400;\" aria-level=\"1\"><span style=\"font-weight: 400;\">Patriots<\/span><\/li>\n<\/ul>\n<p>Daudzums: 500tk materi\u0101ls: pap\u012brs<\/p>\n","protected":false},"featured_media":134164,"template":"","meta":{"_acf_changed":false},"product_brand":[],"product_cat":[997],"product_tag":[],"class_list":{"0":"post-136991","1":"product","2":"type-product","3":"status-publish","4":"has-post-thumbnail","6":"product_cat-papira-pistoles","8":"first","9":"onbackorder","10":"taxable","11":"shipping-taxable","12":"product-type-simple"},"acf":[],"_links":{"self":[{"href":"https:\/\/kingarms.ee\/lv\/wp-json\/wp\/v2\/product\/136991","targetHints":{"allow":["GET"]}}],"collection":[{"href":"https:\/\/kingarms.ee\/lv\/wp-json\/wp\/v2\/product"}],"about":[{"href":"https:\/\/kingarms.ee\/lv\/wp-json\/wp\/v2\/types\/product"}],"wp:featuredmedia":[{"embeddable":true,"href":"https:\/\/kingarms.ee\/lv\/wp-json\/wp\/v2\/media\/134164"}],"wp:attachment":[{"href":"https:\/\/kingarms.ee\/lv\/wp-json\/wp\/v2\/media?parent=136991"}],"wp:term":[{"taxonomy":"product_brand","embeddable":true,"href":"https:\/\/kingarms.ee\/lv\/wp-json\/wp\/v2\/product_brand?post=136991"},{"taxonomy":"product_cat","embeddable":true,"href":"https:\/\/kingarms.ee\/lv\/wp-json\/wp\/v2\/product_cat?post=136991"},{"taxonomy":"product_tag","embeddable":true,"href":"https:\/\/kingarms.ee\/lv\/wp-json\/wp\/v2\/product_tag?post=136991"}],"curies":[{"name":"wp","href":"https:\/\/api.w.org\/{rel}","templated":true}]}}