{"id":137000,"date":"2024-01-13T12:25:54","date_gmt":"2024-11-08T10:12:03","guid":{"rendered":"https:\/\/kingarms.ee\/product\/maskejosa-lente-mc\/"},"modified":"2025-08-03T13:41:22","modified_gmt":"2025-08-03T10:41:22","slug":"maskesanas-lente-mc","status":"publish","type":"product","link":"https:\/\/kingarms.ee\/lv\/product\/maskesanas-lente-mc\/","title":{"rendered":"Mask\u0113jo\u0161a lente-mc"},"content":{"rendered":"","protected":false},"excerpt":{"rendered":"<p>Masking lente- MC Masking lente ir laba alternat\u012bva cilv\u0113kiem, kuri nev\u0113las gleznot savu ieroci, lai tos lab\u0101k mask\u0113tu. Papildus mask\u0113\u0161anai lente nodro\u0161ina aizsardz\u012bbu pret skr\u0101p\u0113jumiem.<\/p>\n","protected":false},"featured_media":133566,"template":"","meta":{"_acf_changed":false},"product_brand":[],"product_cat":[1064],"product_tag":[],"class_list":{"0":"post-137000","1":"product","2":"type-product","3":"status-publish","4":"has-post-thumbnail","6":"product_cat-krasas-un-maskesana","8":"first","9":"instock","10":"taxable","11":"shipping-taxable","12":"purchasable","13":"product-type-simple"},"acf":[],"_links":{"self":[{"href":"https:\/\/kingarms.ee\/lv\/wp-json\/wp\/v2\/product\/137000","targetHints":{"allow":["GET"]}}],"collection":[{"href":"https:\/\/kingarms.ee\/lv\/wp-json\/wp\/v2\/product"}],"about":[{"href":"https:\/\/kingarms.ee\/lv\/wp-json\/wp\/v2\/types\/product"}],"wp:featuredmedia":[{"embeddable":true,"href":"https:\/\/kingarms.ee\/lv\/wp-json\/wp\/v2\/media\/133566"}],"wp:attachment":[{"href":"https:\/\/kingarms.ee\/lv\/wp-json\/wp\/v2\/media?parent=137000"}],"wp:term":[{"taxonomy":"product_brand","embeddable":true,"href":"https:\/\/kingarms.ee\/lv\/wp-json\/wp\/v2\/product_brand?post=137000"},{"taxonomy":"product_cat","embeddable":true,"href":"https:\/\/kingarms.ee\/lv\/wp-json\/wp\/v2\/product_cat?post=137000"},{"taxonomy":"product_tag","embeddable":true,"href":"https:\/\/kingarms.ee\/lv\/wp-json\/wp\/v2\/product_tag?post=137000"}],"curies":[{"name":"wp","href":"https:\/\/api.w.org\/{rel}","templated":true}]}}