{"id":137004,"date":"2024-01-13T12:18:08","date_gmt":"2024-11-08T10:16:46","guid":{"rendered":"https:\/\/kingarms.ee\/product\/ghillie-kit-woodland\/"},"modified":"2025-08-03T13:42:59","modified_gmt":"2025-08-03T10:42:59","slug":"ghillie-set-towoodland","status":"publish","type":"product","link":"https:\/\/kingarms.ee\/lv\/product\/ghillie-set-towoodland\/","title":{"rendered":"Ghillie Kit- Woodland"},"content":{"rendered":"","protected":false},"excerpt":{"rendered":"<p>Ghillie Kit- Woodland Ghillie uzvalks, at\u0161\u0137ir\u012bb\u0101 no parastajiem ofici\u0101lajiem komplektiem, Ghillie Suit Camouflage komplekti pasl\u0113pj papildus mask\u0113\u0161an\u0101s pied\u0101v\u0101jumam, k\u0101 ar\u012b lietot\u0101ja siluetam. T\u0101 rezult\u0101t\u0101 maska ir iev\u0113rojami uzlabota. Kamufu komplekti ir katra \u0161\u0101v\u0113ja apr\u012bkojuma galvenais elements. Pateicoties vi\u0146iem, snaiperis lieliski sp\u0113j sapl\u016bst vid\u0113 un k\u013c\u016bt neredzams. Masking ir m\u0101ksla, t\u0101p\u0113c \u0161\u0101v\u0113ji iziet \u012bpa\u0161as apm\u0101c\u012bbas, kuru m\u0113r\u0137is ir piel\u0101goties Ghillie uzvalka videi. Pateicoties Ghillie uzvalku mask\u0113\u0161an\u0101s komplektiem, j\u016bs varat ar\u012b sp\u0113l\u0113t snaipera lomu Airsoft sp\u0113les laik\u0101 un s\u0113t bailes starp saviem ienaidniekiem. Ghillie mask\u0113\u0161anas komplekta galven\u0101s iez\u012bmes ir: &#8211; Materi\u0101ls: 65% poliesters un 35% kokvilnas<br \/>\n&#8211; iesai\u0146ots vienas mask\u0113\u0161an\u0101s kr\u0101sas maisos<br \/>\n&#8211; Sp\u0113c\u012bgas \u0161uves<\/p>\n","protected":false},"featured_media":133558,"template":"","meta":{"_acf_changed":false},"product_brand":[],"product_cat":[1075,1073],"product_tag":[],"class_list":{"0":"post-137004","1":"product","2":"type-product","3":"status-publish","4":"has-post-thumbnail","6":"product_cat-clothes-footwear-lv","7":"product_cat-kopas","9":"first","10":"instock","11":"taxable","12":"shipping-taxable","13":"purchasable","14":"product-type-simple"},"acf":[],"_links":{"self":[{"href":"https:\/\/kingarms.ee\/lv\/wp-json\/wp\/v2\/product\/137004","targetHints":{"allow":["GET"]}}],"collection":[{"href":"https:\/\/kingarms.ee\/lv\/wp-json\/wp\/v2\/product"}],"about":[{"href":"https:\/\/kingarms.ee\/lv\/wp-json\/wp\/v2\/types\/product"}],"wp:featuredmedia":[{"embeddable":true,"href":"https:\/\/kingarms.ee\/lv\/wp-json\/wp\/v2\/media\/133558"}],"wp:attachment":[{"href":"https:\/\/kingarms.ee\/lv\/wp-json\/wp\/v2\/media?parent=137004"}],"wp:term":[{"taxonomy":"product_brand","embeddable":true,"href":"https:\/\/kingarms.ee\/lv\/wp-json\/wp\/v2\/product_brand?post=137004"},{"taxonomy":"product_cat","embeddable":true,"href":"https:\/\/kingarms.ee\/lv\/wp-json\/wp\/v2\/product_cat?post=137004"},{"taxonomy":"product_tag","embeddable":true,"href":"https:\/\/kingarms.ee\/lv\/wp-json\/wp\/v2\/product_tag?post=137004"}],"curies":[{"name":"wp","href":"https:\/\/api.w.org\/{rel}","templated":true}]}}