{"id":137016,"date":"2024-01-10T14:44:14","date_gmt":"2024-01-10T11:44:14","guid":{"rendered":"https:\/\/kingarms.ee\/product\/vortex-venom-red-dot\/"},"modified":"2025-08-03T13:47:57","modified_gmt":"2025-08-03T10:47:57","slug":"virpulot","status":"publish","type":"product","link":"https:\/\/kingarms.ee\/lv\/product\/virpulot\/","title":{"rendered":"Vortex Venom Red Dot"},"content":{"rendered":"","protected":false},"excerpt":{"rendered":"<p>Vortex Venom Red Dot padara j\u016bsu ieroci v\u0113l efekt\u012bv\u0101ku ar Venom Red Spot. Lielais ekr\u0101ns sp\u0113c\u012bg\u0101 alum\u012bnija r\u0101m\u012b \u013cauj pla\u0161s skata lauks, un 3 MOA punkts pal\u012bdz \u0101tri att\u0113l\u0101 eso\u0161ajam m\u0113r\u0137im. Akumulatora darb\u012bbas laiks: l\u012bdz 150 stund\u0101m ar maksim\u0101lu apgaismojumu, l\u012bdz 30 000 stund\u0101m ar minim\u0101lu apgaismojumu.<\/p>\n<p><span style=\"color: #ff0000;\">NB: Ir 6 MOA un 3 MOA. Pas\u016btot pas\u016bt\u012bjumu, atz\u012bm\u0113jiet sarkano punktu ar v\u0113lamo MOA <\/span><\/p>\n","protected":false},"featured_media":133526,"template":"","meta":{"_acf_changed":false},"product_brand":[],"product_cat":[1031,1027],"product_tag":[],"class_list":{"0":"post-137016","1":"product","2":"type-product","3":"status-publish","4":"has-post-thumbnail","6":"product_cat-sarkana-vieta","7":"product_cat-telot","9":"first","10":"outofstock","11":"sale","12":"taxable","13":"shipping-taxable","14":"purchasable","15":"product-type-simple"},"acf":[],"_links":{"self":[{"href":"https:\/\/kingarms.ee\/lv\/wp-json\/wp\/v2\/product\/137016","targetHints":{"allow":["GET"]}}],"collection":[{"href":"https:\/\/kingarms.ee\/lv\/wp-json\/wp\/v2\/product"}],"about":[{"href":"https:\/\/kingarms.ee\/lv\/wp-json\/wp\/v2\/types\/product"}],"wp:featuredmedia":[{"embeddable":true,"href":"https:\/\/kingarms.ee\/lv\/wp-json\/wp\/v2\/media\/133526"}],"wp:attachment":[{"href":"https:\/\/kingarms.ee\/lv\/wp-json\/wp\/v2\/media?parent=137016"}],"wp:term":[{"taxonomy":"product_brand","embeddable":true,"href":"https:\/\/kingarms.ee\/lv\/wp-json\/wp\/v2\/product_brand?post=137016"},{"taxonomy":"product_cat","embeddable":true,"href":"https:\/\/kingarms.ee\/lv\/wp-json\/wp\/v2\/product_cat?post=137016"},{"taxonomy":"product_tag","embeddable":true,"href":"https:\/\/kingarms.ee\/lv\/wp-json\/wp\/v2\/product_tag?post=137016"}],"curies":[{"name":"wp","href":"https:\/\/api.w.org\/{rel}","templated":true}]}}