{"id":137021,"date":"2023-12-29T14:46:22","date_gmt":"2023-12-29T11:46:22","guid":{"rendered":"https:\/\/kingarms.ee\/product\/gaisa-ierocis-makarovs-ar-pm49-neveiksmi\/"},"modified":"2025-08-03T13:55:21","modified_gmt":"2025-08-03T10:55:21","slug":"ar-ohkrelv-makarov-pm49-background","status":"publish","type":"product","link":"https:\/\/kingarms.ee\/lv\/product\/ar-ohkrelv-makarov-pm49-background\/","title":{"rendered":"Gaisa ierocis Makarovs ar PM49 neveiksmi"},"content":{"rendered":"<p><img loading=\"lazy\" decoding=\"async\" class=\"alignnone size-full wp-image-90102\" src=\"https:\/\/kingarms.ee\/wp-content\/uploads\/2023\/12\/KingArms.jpg\" alt=\"\" width=\"619\" height=\"479\" srcset=\"https:\/\/kingarms.ee\/wp-content\/uploads\/2023\/12\/KingArms.jpg 619w, https:\/\/kingarms.ee\/wp-content\/uploads\/2023\/12\/KingArms-300x232.jpg 300w, https:\/\/kingarms.ee\/wp-content\/uploads\/2023\/12\/KingArms-500x387.jpg 500w, https:\/\/kingarms.ee\/wp-content\/uploads\/2023\/12\/KingArms-150x116.jpg 150w\" sizes=\"auto, (max-width: 619px) 100vw, 619px\" \/><\/p>\n","protected":false},"excerpt":{"rendered":"<p>Borner PM49 Blowback ir Makarova pistoles kopija, kas satrauc apa\u013cas bumbi\u0146as. Pistole p\u0101rvietojas uz ragavas (sitiena) kalibru: 4,5 mm (.177).<br \/>\nEner\u0123ijas avots: CO2 balons.<br \/>\nBumbas \u0101trums: l\u012bdz 120 m\/s.<br \/>\nBumbas veids: BB, apa\u013cas t\u0113rauda bumbi\u0146as.<\/p>\n","protected":false},"featured_media":148259,"template":"","meta":{"_acf_changed":false},"product_brand":[],"product_cat":[1005],"product_tag":[],"class_list":{"0":"post-137021","1":"product","2":"type-product","3":"status-publish","4":"has-post-thumbnail","6":"product_cat-rokas-pistoles-lv","8":"first","9":"instock","10":"taxable","11":"shipping-taxable","12":"purchasable","13":"product-type-simple"},"acf":[],"_links":{"self":[{"href":"https:\/\/kingarms.ee\/lv\/wp-json\/wp\/v2\/product\/137021","targetHints":{"allow":["GET"]}}],"collection":[{"href":"https:\/\/kingarms.ee\/lv\/wp-json\/wp\/v2\/product"}],"about":[{"href":"https:\/\/kingarms.ee\/lv\/wp-json\/wp\/v2\/types\/product"}],"wp:featuredmedia":[{"embeddable":true,"href":"https:\/\/kingarms.ee\/lv\/wp-json\/wp\/v2\/media\/148259"}],"wp:attachment":[{"href":"https:\/\/kingarms.ee\/lv\/wp-json\/wp\/v2\/media?parent=137021"}],"wp:term":[{"taxonomy":"product_brand","embeddable":true,"href":"https:\/\/kingarms.ee\/lv\/wp-json\/wp\/v2\/product_brand?post=137021"},{"taxonomy":"product_cat","embeddable":true,"href":"https:\/\/kingarms.ee\/lv\/wp-json\/wp\/v2\/product_cat?post=137021"},{"taxonomy":"product_tag","embeddable":true,"href":"https:\/\/kingarms.ee\/lv\/wp-json\/wp\/v2\/product_tag?post=137021"}],"curies":[{"name":"wp","href":"https:\/\/api.w.org\/{rel}","templated":true}]}}