{"id":137057,"date":"2024-03-14T15:18:14","date_gmt":"2024-11-08T11:40:28","guid":{"rendered":"https:\/\/kingarms.ee\/product\/akumulatora-banka-50-000-mah-led\/"},"modified":"2025-08-02T18:45:47","modified_gmt":"2025-08-02T15:45:47","slug":"akumulatora-bankas-50-000-mah-vadits","status":"publish","type":"product","link":"https:\/\/kingarms.ee\/lv\/product\/akumulatora-bankas-50-000-mah-vadits\/","title":{"rendered":"Akumulatora banka 50 000 mAh LED"},"content":{"rendered":"<p><img loading=\"lazy\" decoding=\"async\" class=\"alignnone size-full wp-image-100713\" src=\"https:\/\/kingarms.ee\/wp-content\/uploads\/2024\/03\/Portable-Charger-Power-Bank-External-Battery-Pack-27-000mAh-Capacity-for-Cell-Phones_296fc8df-96f2-4ece-bd19-112ad4a725fb.971b2735af5e564d57a513f98e9cbcf5.webp\" alt=\"\" width=\"768\" height=\"768\" srcset=\"https:\/\/kingarms.ee\/wp-content\/uploads\/2024\/03\/Portable-Charger-Power-Bank-External-Battery-Pack-27-000mAh-Capacity-for-Cell-Phones_296fc8df-96f2-4ece-bd19-112ad4a725fb.971b2735af5e564d57a513f98e9cbcf5.webp 768w, https:\/\/kingarms.ee\/wp-content\/uploads\/2024\/03\/Portable-Charger-Power-Bank-External-Battery-Pack-27-000mAh-Capacity-for-Cell-Phones_296fc8df-96f2-4ece-bd19-112ad4a725fb.971b2735af5e564d57a513f98e9cbcf5-300x300.webp 300w, https:\/\/kingarms.ee\/wp-content\/uploads\/2024\/03\/Portable-Charger-Power-Bank-External-Battery-Pack-27-000mAh-Capacity-for-Cell-Phones_296fc8df-96f2-4ece-bd19-112ad4a725fb.971b2735af5e564d57a513f98e9cbcf5-150x150.webp 150w, https:\/\/kingarms.ee\/wp-content\/uploads\/2024\/03\/Portable-Charger-Power-Bank-External-Battery-Pack-27-000mAh-Capacity-for-Cell-Phones_296fc8df-96f2-4ece-bd19-112ad4a725fb.971b2735af5e564d57a513f98e9cbcf5-500x500.webp 500w\" sizes=\"auto, (max-width: 768px) 100vw, 768px\" \/><\/p>\n","protected":false},"excerpt":{"rendered":"<p>50 000 mAh augstas ener\u0123ijas portat\u012bv\u0101s ener\u0123ijas bankas l\u0101d\u0113t\u0101js. 50 000 mAh portat\u012bvais l\u0101d\u0113t\u0101js uzl\u0101d\u0113 iPhone 15 reizes, Samsung 11 reizes un plan\u0161etdators 5 reizes. Taj\u0101 pa\u0161\u0101 laik\u0101 \u0161\u012b akumulatora banka var uzl\u0101d\u0113t 22,5 W \u0101tr\u0101k\u0101 \u0101trum\u0101, 30 min\u016bt\u0113s aug\u0161upiel\u0101d\u0113jot t\u0101lruni l\u012bdz 60%. Tr\u012bs \u0101tras maksas ir A-Port, un viens USB-C ports atbilst vienlaic\u012bgai vajadz\u012bbai p\u0113c vair\u0101k\u0101m ier\u012bc\u0113m, j\u016bs varat dal\u012bties ar pl\u016bsmu ar draugiem, kam\u0113r kust\u012bb\u0101. Advanced LED ekr\u0101ns par\u0101da atliku\u0161o jaudu skaidr\u0101k nek\u0101 neskaidrs LED indikators, un j\u016bs prec\u012bzi zin\u0101t, kad uzl\u0101d\u0113t \u0101r\u0113jo l\u0101d\u0113t\u0101ju. P\u0101rn\u0113s\u0101jamais izm\u0113rs padara to \u0113rtu n\u0113s\u0101\u0161anu visur. T\u0101 ir \u0113rta un uzticama akumulatora banka j\u016bsu ikdienas lieto\u0161anai.<\/p>\n<p><span style=\"color: #ff0000;\">NB! L\u016bdzu, \u0146emiet v\u0113r\u0101, ka att\u0113ls ir ilustrat\u012bvs <\/span><\/p>\n","protected":false},"featured_media":135179,"template":"","meta":{"_acf_changed":false},"product_brand":[],"product_cat":[1120],"product_tag":[],"class_list":{"0":"post-137057","1":"product","2":"type-product","3":"status-publish","4":"has-post-thumbnail","6":"product_cat-energijas-banka","8":"first","9":"instock","10":"taxable","11":"shipping-taxable","12":"purchasable","13":"product-type-simple"},"acf":[],"_links":{"self":[{"href":"https:\/\/kingarms.ee\/lv\/wp-json\/wp\/v2\/product\/137057","targetHints":{"allow":["GET"]}}],"collection":[{"href":"https:\/\/kingarms.ee\/lv\/wp-json\/wp\/v2\/product"}],"about":[{"href":"https:\/\/kingarms.ee\/lv\/wp-json\/wp\/v2\/types\/product"}],"wp:featuredmedia":[{"embeddable":true,"href":"https:\/\/kingarms.ee\/lv\/wp-json\/wp\/v2\/media\/135179"}],"wp:attachment":[{"href":"https:\/\/kingarms.ee\/lv\/wp-json\/wp\/v2\/media?parent=137057"}],"wp:term":[{"taxonomy":"product_brand","embeddable":true,"href":"https:\/\/kingarms.ee\/lv\/wp-json\/wp\/v2\/product_brand?post=137057"},{"taxonomy":"product_cat","embeddable":true,"href":"https:\/\/kingarms.ee\/lv\/wp-json\/wp\/v2\/product_cat?post=137057"},{"taxonomy":"product_tag","embeddable":true,"href":"https:\/\/kingarms.ee\/lv\/wp-json\/wp\/v2\/product_tag?post=137057"}],"curies":[{"name":"wp","href":"https:\/\/api.w.org\/{rel}","templated":true}]}}