{"id":137058,"date":"2024-03-14T12:51:50","date_gmt":"2024-11-08T11:40:29","guid":{"rendered":"https:\/\/kingarms.ee\/product\/gaisa-pistoles-elites-speks-umarex\/"},"modified":"2025-08-02T18:47:14","modified_gmt":"2025-08-02T15:47:14","slug":"gaisa-pistoles-elites-speks-umarex","status":"publish","type":"product","link":"https:\/\/kingarms.ee\/lv\/product\/gaisa-pistoles-elites-speks-umarex\/","title":{"rendered":"Gaisa pistoles elites sp\u0113ks (Umarex)"},"content":{"rendered":"<p><img loading=\"lazy\" decoding=\"async\" class=\"alignnone size-full wp-image-100695\" src=\"https:\/\/kingarms.ee\/wp-content\/uploads\/2024\/03\/6054_1_.jpg.webp\" alt=\"\" width=\"1920\" height=\"1080\" srcset=\"https:\/\/kingarms.ee\/wp-content\/uploads\/2024\/03\/6054_1_.jpg.webp 1920w, https:\/\/kingarms.ee\/wp-content\/uploads\/2024\/03\/6054_1_.jpg-300x169.webp 300w, https:\/\/kingarms.ee\/wp-content\/uploads\/2024\/03\/6054_1_.jpg-1024x576.webp 1024w, https:\/\/kingarms.ee\/wp-content\/uploads\/2024\/03\/6054_1_.jpg-768x432.webp 768w, https:\/\/kingarms.ee\/wp-content\/uploads\/2024\/03\/6054_1_.jpg-1536x864.webp 1536w, https:\/\/kingarms.ee\/wp-content\/uploads\/2024\/03\/6054_1_.jpg-500x281.webp 500w, https:\/\/kingarms.ee\/wp-content\/uploads\/2024\/03\/6054_1_.jpg-150x84.webp 150w\" sizes=\"auto, (max-width: 1920px) 100vw, 1920px\" \/><\/p>\n","protected":false},"excerpt":{"rendered":"<p>Gaisa lielgabals elites sp\u0113kos (Umarex) ir presti\u017e\u0101k\u0101s sacens\u012bbas, kuru pamat\u0101 ir starptautisk\u0101s praktisk\u0101s \u0161au\u0161anas konfeder\u0101cijas noteikumi. \u0160eit izmantotie iero\u010di iev\u0113rojami at\u0161\u0137iras no parastajiem iero\u010diem to \u012bpa\u0161\u012bb\u0101s un tehnolo\u0123ij\u0101s. Ra\u017eot\u0101js\/pre\u010du z\u012bme Umarex<br \/>\n\u0160au\u0161anas \u0101trums 125m\/s<br \/>\nIeteicam\u0101s bumbi\u0146as 4,5 mm<br \/>\nEner\u0123ija apm\u0113ram 3 d\u017eoul\u0101<br \/>\nSvars (g) 1200<br \/>\nCo2 ziede<br \/>\nBlowback (neveiksme) j\u0101<br \/>\nPilns met\u0101la materi\u0101ls<br \/>\n21. papl\u0101tes s\u0113jums<br \/>\nPistoles garums 265 mm<br \/>\nDa\u013c\u0113ji -autom\u0101tisks<br \/>\nIek\u0161\u0113j\u0101s caurules garums 160 mm<br \/>\nUnik\u0101ls s\u0113rijas numurs J\u0101<\/p>\n","protected":false},"featured_media":148333,"template":"","meta":{"_acf_changed":false},"product_brand":[],"product_cat":[1005],"product_tag":[],"class_list":{"0":"post-137058","1":"product","2":"type-product","3":"status-publish","4":"has-post-thumbnail","6":"product_cat-rokas-pistoles-lv","8":"first","9":"instock","10":"taxable","11":"shipping-taxable","12":"purchasable","13":"product-type-simple"},"acf":[],"_links":{"self":[{"href":"https:\/\/kingarms.ee\/lv\/wp-json\/wp\/v2\/product\/137058","targetHints":{"allow":["GET"]}}],"collection":[{"href":"https:\/\/kingarms.ee\/lv\/wp-json\/wp\/v2\/product"}],"about":[{"href":"https:\/\/kingarms.ee\/lv\/wp-json\/wp\/v2\/types\/product"}],"wp:featuredmedia":[{"embeddable":true,"href":"https:\/\/kingarms.ee\/lv\/wp-json\/wp\/v2\/media\/148333"}],"wp:attachment":[{"href":"https:\/\/kingarms.ee\/lv\/wp-json\/wp\/v2\/media?parent=137058"}],"wp:term":[{"taxonomy":"product_brand","embeddable":true,"href":"https:\/\/kingarms.ee\/lv\/wp-json\/wp\/v2\/product_brand?post=137058"},{"taxonomy":"product_cat","embeddable":true,"href":"https:\/\/kingarms.ee\/lv\/wp-json\/wp\/v2\/product_cat?post=137058"},{"taxonomy":"product_tag","embeddable":true,"href":"https:\/\/kingarms.ee\/lv\/wp-json\/wp\/v2\/product_tag?post=137058"}],"curies":[{"name":"wp","href":"https:\/\/api.w.org\/{rel}","templated":true}]}}