{"id":137069,"date":"2024-03-14T15:47:45","date_gmt":"2024-11-08T11:54:52","guid":{"rendered":"https:\/\/kingarms.ee\/product\/akumulatora-banka-60-000-mah\/"},"modified":"2025-08-02T18:44:03","modified_gmt":"2025-08-02T15:44:03","slug":"akumulatora-banka-60-000-mah","status":"publish","type":"product","link":"https:\/\/kingarms.ee\/lv\/product\/akumulatora-banka-60-000-mah\/","title":{"rendered":"Akumulatora banka 60 000 mAh"},"content":{"rendered":"<p><img loading=\"lazy\" decoding=\"async\" class=\"alignnone size-full wp-image-100729\" src=\"https:\/\/kingarms.ee\/wp-content\/uploads\/2024\/03\/039150.jpg\" alt=\"\" width=\"800\" height=\"800\" srcset=\"https:\/\/kingarms.ee\/wp-content\/uploads\/2024\/03\/039150.jpg 800w, https:\/\/kingarms.ee\/wp-content\/uploads\/2024\/03\/039150-300x300.jpg 300w, https:\/\/kingarms.ee\/wp-content\/uploads\/2024\/03\/039150-150x150.jpg 150w, https:\/\/kingarms.ee\/wp-content\/uploads\/2024\/03\/039150-768x768.jpg 768w, https:\/\/kingarms.ee\/wp-content\/uploads\/2024\/03\/039150-500x500.jpg 500w\" sizes=\"auto, (max-width: 800px) 100vw, 800px\" \/><\/p>\n","protected":false},"excerpt":{"rendered":"<p>Lejupiel\u0101d\u0113jiet 3 ier\u012bces vienlaikus. PowerBank ir apr\u012bkots ar portiem: USB-C un X2 USB-A, lai vienlaikus var\u0113tu lejupiel\u0101d\u0113t 3 ier\u012bces. Turkl\u0101t, pateicoties 22,5 W jaudai, j\u016bs uzlabojat ier\u012bci vien\u0101 mirkl\u012b apm\u0113ram 30 min\u016btes, j\u016bsu iPhone 13 akumulatora l\u012bmenis sasniegs 65%. Turkl\u0101t 60 000 mAh ietilp\u012bba \u013cauj iPhone 13 iel\u0101d\u0113t apm\u0113ram 12 reizes un AirPode l\u012bdz 64 reizes! Satur:<br \/>\nakumulatora kr\u0101ns<br \/>\nUSB-A-USB-C kabelis<\/p>\n","protected":false},"featured_media":135182,"template":"","meta":{"_acf_changed":false},"product_brand":[],"product_cat":[1120],"product_tag":[],"class_list":{"0":"post-137069","1":"product","2":"type-product","3":"status-publish","4":"has-post-thumbnail","6":"product_cat-energijas-banka","8":"first","9":"instock","10":"taxable","11":"shipping-taxable","12":"purchasable","13":"product-type-simple"},"acf":[],"_links":{"self":[{"href":"https:\/\/kingarms.ee\/lv\/wp-json\/wp\/v2\/product\/137069","targetHints":{"allow":["GET"]}}],"collection":[{"href":"https:\/\/kingarms.ee\/lv\/wp-json\/wp\/v2\/product"}],"about":[{"href":"https:\/\/kingarms.ee\/lv\/wp-json\/wp\/v2\/types\/product"}],"wp:featuredmedia":[{"embeddable":true,"href":"https:\/\/kingarms.ee\/lv\/wp-json\/wp\/v2\/media\/135182"}],"wp:attachment":[{"href":"https:\/\/kingarms.ee\/lv\/wp-json\/wp\/v2\/media?parent=137069"}],"wp:term":[{"taxonomy":"product_brand","embeddable":true,"href":"https:\/\/kingarms.ee\/lv\/wp-json\/wp\/v2\/product_brand?post=137069"},{"taxonomy":"product_cat","embeddable":true,"href":"https:\/\/kingarms.ee\/lv\/wp-json\/wp\/v2\/product_cat?post=137069"},{"taxonomy":"product_tag","embeddable":true,"href":"https:\/\/kingarms.ee\/lv\/wp-json\/wp\/v2\/product_tag?post=137069"}],"curies":[{"name":"wp","href":"https:\/\/api.w.org\/{rel}","templated":true}]}}