{"id":137070,"date":"2024-04-03T12:13:54","date_gmt":"2024-11-08T11:55:14","guid":{"rendered":"https:\/\/kingarms.ee\/product\/bigblue-b450-36w-portativais-saules-panelisbigblue-b450-36w-portativais-saules-panelis\/"},"modified":"2025-08-02T18:40:18","modified_gmt":"2025-08-02T15:40:18","slug":"bigblue-b450-36w-kaasaskantav-paikesepaneel","status":"publish","type":"product","link":"https:\/\/kingarms.ee\/lv\/product\/bigblue-b450-36w-kaasaskantav-paikesepaneel\/","title":{"rendered":"BigBlue B450 36W portat\u012bvais saules panelisBigBlue B450 36W portat\u012bvais saules panelis"},"content":{"rendered":"<p><img loading=\"lazy\" decoding=\"async\" class=\"alignnone size-full wp-image-100888\" src=\"https:\/\/kingarms.ee\/wp-content\/uploads\/2024\/04\/260287216_xxl3.png\" alt=\"\" width=\"1627\" height=\"1024\" srcset=\"https:\/\/kingarms.ee\/wp-content\/uploads\/2024\/04\/260287216_xxl3.png 1627w, https:\/\/kingarms.ee\/wp-content\/uploads\/2024\/04\/260287216_xxl3-300x189.png 300w, https:\/\/kingarms.ee\/wp-content\/uploads\/2024\/04\/260287216_xxl3-1024x644.png 1024w, https:\/\/kingarms.ee\/wp-content\/uploads\/2024\/04\/260287216_xxl3-768x483.png 768w, https:\/\/kingarms.ee\/wp-content\/uploads\/2024\/04\/260287216_xxl3-1536x967.png 1536w, https:\/\/kingarms.ee\/wp-content\/uploads\/2024\/04\/260287216_xxl3-500x315.png 500w, https:\/\/kingarms.ee\/wp-content\/uploads\/2024\/04\/260287216_xxl3-150x94.png 150w\" sizes=\"auto, (max-width: 1627px) 100vw, 1627px\" \/><\/p>\n","protected":false},"excerpt":{"rendered":"<p>Saliekams saules panelis ar 2 USB iel\u0101des ligzdu.<\/p>\n<div class=\"ProductDescription-BulletPoints\">\n<ul class=\"cds-List cds-List--Bulleted\">\n<li>Saliekams kompakts, kofera dizains<\/li>\n<li>4 Augsta efekt\u012bva monokrist\u0101la panelis<\/li>\n<li>USB-A l\u0101d\u0113\u0161anas ports: Maks. 20 W (5 V \/ 3 A, 9 V \/ 2 A, 12 V \/ 1,5 A) un USB-C uzl\u0101des ports: Max 18 W (5 V \/ 3 A, 9 V \/ 2, 22 A, 12 V \/ 1,67 a)<\/li>\n<li>L\u012bdzstr\u0101vas izvade: Max 36 W (20 V \/ 1,8 A)<\/li>\n<li>Izm\u0113ri kop\u0101: 360 x 195 x 35 mm<\/li>\n<li>Izm\u0113ri va\u013c\u012bgi: 948 x 360 x 5 mmM\u00f5\u00f5dud lahtivoldituna: 948 x 360 x 5 mm<\/li>\n<\/ul>\n<\/div>\n<p class=\"ProductDescription-Lead\">BigBlue Solarpowa 36 ir USB ports, l\u012bdzstr\u0101vas izvade un USB-C ports, kas atbilst vis\u0101m j\u016bsu vajadz\u012bb\u0101m. DC izeja (20 V\/1,8A) ir sader\u012bga ar da\u017e\u0101m maz\u0101m elektrostacij\u0101m (zem 200W). Solarpowa 36 ar monokrist\u0101lisk\u0101m saules baterij\u0101m sasniedz l\u012bdz 22% no jaudas konvert\u0101cijas \u0101truma, kas \u013cauj uzl\u0101d\u0113t divas ier\u012bces vienlaikus. Atvienojiet pane\u013cus un izmantojiet b\u0101zes, lai nor\u012btu par 25% vair\u0101k saules gaismas, lai piel\u0101gotu le\u0146\u0137i. Vair\u0101k saules gaismas, lai j\u016bs var\u0113tu \u0101tr\u0101k iel\u0101d\u0113t ier\u012bces. Izgatavots no r\u016bpnieciskas kvalit\u0101tes m\u0101jdz\u012bvnieku polim\u0113ra (IP54 \u016bdensnecaurlaid\u012bgs), lai iztur\u0113tu nodilumu un nodilumu lieto\u0161anai \u0101rpus telp\u0101m. Tas ir piem\u0113rots p\u0101rg\u0101jieniem vai kempingam, un t\u0101 ir svar\u012bga daudzu cilv\u0113ku somu un automa\u0161\u012bnu komplektu sast\u0101vda\u013ca.BigBlue Solarpowa 36-l on USB-port, alalisvooluv\u00e4ljund ja USB-C-port, mis vastavad k\u00f5igile teie vajadustele. Alalisvoolu v\u00e4ljund (20V\/1,8A) \u00fchildub m\u00f5ne v\u00e4ikese elektrijaamaga (alla 200W). Monokristalliliste p\u00e4ikesepatareidega varustatud Solarpowa 36 saavutab kuni 22% v\u00f5imsuse konversioonim\u00e4\u00e4ra, mis v\u00f5imaldab laadida kahte seadet korraga. Voltige paneelid lahti ja kasutage nurga reguleerimiseks aluseid, mis suudavad neelata 25% rohkem p\u00e4ikesevalgust. Rohkem p\u00e4ikesevalgust, et saaksite oma seadmeid kiiremini laadida. Valmistatud t\u00f6\u00f6stusliku kvaliteediga PET-pol\u00fcmeerkangast (IP54 veekindel), et taluda kulumist ja kulumist v\u00e4listingimustes kasutamiseks. See sobib matkamiseks v\u00f5i telkimiseks ning on paljude inimeste kottide ja autokomplektide oluline osa.<\/p>\n<p>Ideaalne lahendus koos https:\/\/kingarms.ee\/toode\/jackery-explorer-500-portable-power-station-akujaam\/<\/p>\n","protected":false},"featured_media":135218,"template":"","meta":{"_acf_changed":false},"product_brand":[],"product_cat":[1120],"product_tag":[],"class_list":{"0":"post-137070","1":"product","2":"type-product","3":"status-publish","4":"has-post-thumbnail","6":"product_cat-energijas-banka","8":"first","9":"instock","10":"taxable","11":"shipping-taxable","12":"purchasable","13":"product-type-simple"},"acf":[],"_links":{"self":[{"href":"https:\/\/kingarms.ee\/lv\/wp-json\/wp\/v2\/product\/137070","targetHints":{"allow":["GET"]}}],"collection":[{"href":"https:\/\/kingarms.ee\/lv\/wp-json\/wp\/v2\/product"}],"about":[{"href":"https:\/\/kingarms.ee\/lv\/wp-json\/wp\/v2\/types\/product"}],"wp:featuredmedia":[{"embeddable":true,"href":"https:\/\/kingarms.ee\/lv\/wp-json\/wp\/v2\/media\/135218"}],"wp:attachment":[{"href":"https:\/\/kingarms.ee\/lv\/wp-json\/wp\/v2\/media?parent=137070"}],"wp:term":[{"taxonomy":"product_brand","embeddable":true,"href":"https:\/\/kingarms.ee\/lv\/wp-json\/wp\/v2\/product_brand?post=137070"},{"taxonomy":"product_cat","embeddable":true,"href":"https:\/\/kingarms.ee\/lv\/wp-json\/wp\/v2\/product_cat?post=137070"},{"taxonomy":"product_tag","embeddable":true,"href":"https:\/\/kingarms.ee\/lv\/wp-json\/wp\/v2\/product_tag?post=137070"}],"curies":[{"name":"wp","href":"https:\/\/api.w.org\/{rel}","templated":true}]}}