{"id":137078,"date":"2024-03-02T18:27:37","date_gmt":"2024-11-08T12:03:30","guid":{"rendered":"https:\/\/kingarms.ee\/product\/5000mah-21700-li-ion-akumulators-fenix\/"},"modified":"2025-08-02T19:11:13","modified_gmt":"2025-08-02T16:11:13","slug":"5000mah-21700-li-ion-aku-fenix","status":"publish","type":"product","link":"https:\/\/kingarms.ee\/lv\/product\/5000mah-21700-li-ion-aku-fenix\/","title":{"rendered":"5000mAh 21700 li-ion akumulators (Fenix)"},"content":{"rendered":"<p><img loading=\"lazy\" decoding=\"async\" class=\"alignnone size-full wp-image-99090\" src=\"https:\/\/kingarms.ee\/wp-content\/uploads\/2024\/03\/battery.png\" alt=\"\" width=\"1000\" height=\"1000\" srcset=\"https:\/\/kingarms.ee\/wp-content\/uploads\/2024\/03\/battery.png 1000w, https:\/\/kingarms.ee\/wp-content\/uploads\/2024\/03\/battery-300x300.png 300w, https:\/\/kingarms.ee\/wp-content\/uploads\/2024\/03\/battery-150x150.png 150w, https:\/\/kingarms.ee\/wp-content\/uploads\/2024\/03\/battery-768x768.png 768w, https:\/\/kingarms.ee\/wp-content\/uploads\/2024\/03\/battery-500x500.png 500w\" sizes=\"auto, (max-width: 1000px) 100vw, 1000px\" \/><\/p>\n","protected":false},"excerpt":{"rendered":"<p>5000mAh 21700 Li-Ion akumulators (Fenix) Augstas kvalit\u0101tes tipa 21700 litija jonu akumulators. Aizsardz\u012bbas meh\u0101nisms nodro\u0161ina, ka akumulators nep\u0101rkars\u0113 vai griestos. Pa\u0161p\u0101rliecin\u0101\u0161ana tiek samazin\u0101ta l\u012bdz minimumam, ar visu m\u016b\u017eu vair\u0101k nek\u0101 500 uzl\u0101des ciklu. P\u0101rbaud\u012bts gan aukst\u0101, gan karst\u0101 vides apst\u0101k\u013cos. Nep\u0101rtraukta maksim\u0101l\u0101 slodzes ietilp\u012bba 7.5A.<\/p>\n","protected":false},"featured_media":134866,"template":"","meta":{"_acf_changed":false},"product_brand":[],"product_cat":[1056],"product_tag":[],"class_list":{"0":"post-137078","1":"product","2":"type-product","3":"status-publish","4":"has-post-thumbnail","6":"product_cat-batterses","8":"first","9":"instock","10":"taxable","11":"shipping-taxable","12":"purchasable","13":"product-type-simple"},"acf":[],"_links":{"self":[{"href":"https:\/\/kingarms.ee\/lv\/wp-json\/wp\/v2\/product\/137078","targetHints":{"allow":["GET"]}}],"collection":[{"href":"https:\/\/kingarms.ee\/lv\/wp-json\/wp\/v2\/product"}],"about":[{"href":"https:\/\/kingarms.ee\/lv\/wp-json\/wp\/v2\/types\/product"}],"wp:featuredmedia":[{"embeddable":true,"href":"https:\/\/kingarms.ee\/lv\/wp-json\/wp\/v2\/media\/134866"}],"wp:attachment":[{"href":"https:\/\/kingarms.ee\/lv\/wp-json\/wp\/v2\/media?parent=137078"}],"wp:term":[{"taxonomy":"product_brand","embeddable":true,"href":"https:\/\/kingarms.ee\/lv\/wp-json\/wp\/v2\/product_brand?post=137078"},{"taxonomy":"product_cat","embeddable":true,"href":"https:\/\/kingarms.ee\/lv\/wp-json\/wp\/v2\/product_cat?post=137078"},{"taxonomy":"product_tag","embeddable":true,"href":"https:\/\/kingarms.ee\/lv\/wp-json\/wp\/v2\/product_tag?post=137078"}],"curies":[{"name":"wp","href":"https:\/\/api.w.org\/{rel}","templated":true}]}}