{"id":137079,"date":"2023-12-21T22:52:19","date_gmt":"2024-11-08T12:06:24","guid":{"rendered":"https:\/\/kingarms.ee\/product\/airsoft-pistol-glock-18-daleji-pilna-automasina\/"},"modified":"2025-08-03T13:56:54","modified_gmt":"2025-08-03T10:56:54","slug":"airsoft-pustol-glock-18-semi-pull-auto","status":"publish","type":"product","link":"https:\/\/kingarms.ee\/lv\/product\/airsoft-pustol-glock-18-semi-pull-auto\/","title":{"rendered":"Airsoft Pistol Glock 18 (da\u013c\u0113ji\/pilna automa\u0161\u012bna)"},"content":{"rendered":"<p><img loading=\"lazy\" decoding=\"async\" class=\"alignnone size-full wp-image-89734\" src=\"https:\/\/kingarms.ee\/wp-content\/uploads\/2023\/12\/blowback-gas-semifull-auto-pistol-vg1-a.jpeg\" alt=\"\" width=\"1000\" height=\"1000\" srcset=\"https:\/\/kingarms.ee\/wp-content\/uploads\/2023\/12\/blowback-gas-semifull-auto-pistol-vg1-a.jpeg 1000w, https:\/\/kingarms.ee\/wp-content\/uploads\/2023\/12\/blowback-gas-semifull-auto-pistol-vg1-a-300x300.jpeg 300w, https:\/\/kingarms.ee\/wp-content\/uploads\/2023\/12\/blowback-gas-semifull-auto-pistol-vg1-a-150x150.jpeg 150w, https:\/\/kingarms.ee\/wp-content\/uploads\/2023\/12\/blowback-gas-semifull-auto-pistol-vg1-a-768x768.jpeg 768w, https:\/\/kingarms.ee\/wp-content\/uploads\/2023\/12\/blowback-gas-semifull-auto-pistol-vg1-a-500x500.jpeg 500w\" sizes=\"auto, (max-width: 1000px) 100vw, 1000px\" \/><\/p>\n","protected":false},"excerpt":{"rendered":"<p>Airsoft Pistol Glock 18 (da\u013c\u0113ji\/pilna automa\u0161\u012bna)<\/p>\n<p>Airsoft pistole ar neveiksmi<br \/>\nKorpuss ir izgatavots no polim\u0113ra un ragavu met\u0101la<br \/>\nPapl\u0101tes tilpums ir 25 bumbi\u0146as<br \/>\nPapl\u0101tes tips ir za\u013c\u0101 g\u0101ze<br \/>\n\u0160au\u0161anas iesp\u0113ja ir ar atsevi\u0161\u0137iem kadriem un kust\u012bg\u0101m (pilna autom\u0101tisk\u0101 funkcija)<br \/>\nIero\u010da garums ir 190 mm<br \/>\nIero\u010da svars ir 734G<br \/>\nKr\u0101sa ir melna<\/p>\n","protected":false},"featured_media":133123,"template":"","meta":{"_acf_changed":false},"product_brand":[],"product_cat":[1000],"product_tag":[],"class_list":{"0":"post-137079","1":"product","2":"type-product","3":"status-publish","4":"has-post-thumbnail","6":"product_cat-rokas-pistoles","8":"first","9":"instock","10":"taxable","11":"shipping-taxable","12":"purchasable","13":"product-type-simple"},"acf":[],"_links":{"self":[{"href":"https:\/\/kingarms.ee\/lv\/wp-json\/wp\/v2\/product\/137079","targetHints":{"allow":["GET"]}}],"collection":[{"href":"https:\/\/kingarms.ee\/lv\/wp-json\/wp\/v2\/product"}],"about":[{"href":"https:\/\/kingarms.ee\/lv\/wp-json\/wp\/v2\/types\/product"}],"wp:featuredmedia":[{"embeddable":true,"href":"https:\/\/kingarms.ee\/lv\/wp-json\/wp\/v2\/media\/133123"}],"wp:attachment":[{"href":"https:\/\/kingarms.ee\/lv\/wp-json\/wp\/v2\/media?parent=137079"}],"wp:term":[{"taxonomy":"product_brand","embeddable":true,"href":"https:\/\/kingarms.ee\/lv\/wp-json\/wp\/v2\/product_brand?post=137079"},{"taxonomy":"product_cat","embeddable":true,"href":"https:\/\/kingarms.ee\/lv\/wp-json\/wp\/v2\/product_cat?post=137079"},{"taxonomy":"product_tag","embeddable":true,"href":"https:\/\/kingarms.ee\/lv\/wp-json\/wp\/v2\/product_tag?post=137079"}],"curies":[{"name":"wp","href":"https:\/\/api.w.org\/{rel}","templated":true}]}}