{"id":137082,"date":"2023-12-16T17:33:38","date_gmt":"2024-11-08T12:12:08","guid":{"rendered":"https:\/\/kingarms.ee\/product\/gaisa-pistoles-retay-125x-camo\/"},"modified":"2025-08-03T13:57:43","modified_gmt":"2025-08-03T10:57:43","slug":"ohkrelv-retay-125x-camo","status":"publish","type":"product","link":"https:\/\/kingarms.ee\/lv\/product\/ohkrelv-retay-125x-camo\/","title":{"rendered":"Gaisa pistoles retay 125x camo"},"content":{"rendered":"<p><img loading=\"lazy\" decoding=\"async\" class=\"alignnone size-full wp-image-89609\" src=\"https:\/\/kingarms.ee\/wp-content\/uploads\/2023\/12\/125x-camo.png\" alt=\"\" width=\"2501\" height=\"827\" srcset=\"https:\/\/kingarms.ee\/wp-content\/uploads\/2023\/12\/125x-camo.png 2501w, https:\/\/kingarms.ee\/wp-content\/uploads\/2023\/12\/125x-camo-300x99.png 300w, https:\/\/kingarms.ee\/wp-content\/uploads\/2023\/12\/125x-camo-1024x339.png 1024w, https:\/\/kingarms.ee\/wp-content\/uploads\/2023\/12\/125x-camo-768x254.png 768w, https:\/\/kingarms.ee\/wp-content\/uploads\/2023\/12\/125x-camo-1536x508.png 1536w, https:\/\/kingarms.ee\/wp-content\/uploads\/2023\/12\/125x-camo-2048x677.png 2048w, https:\/\/kingarms.ee\/wp-content\/uploads\/2023\/12\/125x-camo-500x165.png 500w, https:\/\/kingarms.ee\/wp-content\/uploads\/2023\/12\/125x-camo-150x50.png 150w\" sizes=\"auto, (max-width: 2501px) 100vw, 2501px\" \/><\/p>\n","protected":false},"excerpt":{"rendered":"<p>Kalibrs .177 &#8221; \/ 4,5 mm<br \/>\nP\u0101rtraukuma mucas pagrieziena sist\u0113ma<br \/>\n\u0100trums 258m\/s<br \/>\nSvars 3390 gr<br \/>\nGarums 1161 mm<br \/>\nGalvenais sint\u0113tiskais, m\u012bkstais siksnas p\u0101rkl\u0101ts ar \u012bk\u0161\u0137iem<br \/>\nPicatinny dzelzce\u013c\u0161<br \/>\nDro\u0161\u012bba<\/p>\n","protected":false},"featured_media":133119,"template":"","meta":{"_acf_changed":false},"product_brand":[],"product_cat":[1007],"product_tag":[],"class_list":{"0":"post-137082","1":"product","2":"type-product","3":"status-publish","4":"has-post-thumbnail","6":"product_cat-snaipera-pistoles-lv","8":"first","9":"instock","10":"taxable","11":"shipping-taxable","12":"purchasable","13":"product-type-simple"},"acf":[],"_links":{"self":[{"href":"https:\/\/kingarms.ee\/lv\/wp-json\/wp\/v2\/product\/137082","targetHints":{"allow":["GET"]}}],"collection":[{"href":"https:\/\/kingarms.ee\/lv\/wp-json\/wp\/v2\/product"}],"about":[{"href":"https:\/\/kingarms.ee\/lv\/wp-json\/wp\/v2\/types\/product"}],"wp:featuredmedia":[{"embeddable":true,"href":"https:\/\/kingarms.ee\/lv\/wp-json\/wp\/v2\/media\/133119"}],"wp:attachment":[{"href":"https:\/\/kingarms.ee\/lv\/wp-json\/wp\/v2\/media?parent=137082"}],"wp:term":[{"taxonomy":"product_brand","embeddable":true,"href":"https:\/\/kingarms.ee\/lv\/wp-json\/wp\/v2\/product_brand?post=137082"},{"taxonomy":"product_cat","embeddable":true,"href":"https:\/\/kingarms.ee\/lv\/wp-json\/wp\/v2\/product_cat?post=137082"},{"taxonomy":"product_tag","embeddable":true,"href":"https:\/\/kingarms.ee\/lv\/wp-json\/wp\/v2\/product_tag?post=137082"}],"curies":[{"name":"wp","href":"https:\/\/api.w.org\/{rel}","templated":true}]}}