{"id":137084,"date":"2023-12-16T17:25:45","date_gmt":"2024-11-08T12:14:28","guid":{"rendered":"https:\/\/kingarms.ee\/product\/gaisa-pistoles-retay-125-x\/"},"modified":"2025-08-03T13:58:30","modified_gmt":"2025-08-03T10:58:30","slug":"ohkrelv-retay-125-x","status":"publish","type":"product","link":"https:\/\/kingarms.ee\/lv\/product\/ohkrelv-retay-125-x\/","title":{"rendered":"Gaisa pistoles retay 125 x"},"content":{"rendered":"<p><img loading=\"lazy\" decoding=\"async\" class=\"alignnone size-full wp-image-89594\" src=\"https:\/\/kingarms.ee\/wp-content\/uploads\/2023\/12\/f7bd3ee9-6ab2-11ea-80f9-00155dc12307_51ca44aa-b08c-11ea-80fb-00155dc12307.webp\" alt=\"\" width=\"900\" height=\"900\" srcset=\"https:\/\/kingarms.ee\/wp-content\/uploads\/2023\/12\/f7bd3ee9-6ab2-11ea-80f9-00155dc12307_51ca44aa-b08c-11ea-80fb-00155dc12307.webp 900w, https:\/\/kingarms.ee\/wp-content\/uploads\/2023\/12\/f7bd3ee9-6ab2-11ea-80f9-00155dc12307_51ca44aa-b08c-11ea-80fb-00155dc12307-300x300.webp 300w, https:\/\/kingarms.ee\/wp-content\/uploads\/2023\/12\/f7bd3ee9-6ab2-11ea-80f9-00155dc12307_51ca44aa-b08c-11ea-80fb-00155dc12307-150x150.webp 150w, https:\/\/kingarms.ee\/wp-content\/uploads\/2023\/12\/f7bd3ee9-6ab2-11ea-80f9-00155dc12307_51ca44aa-b08c-11ea-80fb-00155dc12307-768x768.webp 768w, https:\/\/kingarms.ee\/wp-content\/uploads\/2023\/12\/f7bd3ee9-6ab2-11ea-80f9-00155dc12307_51ca44aa-b08c-11ea-80fb-00155dc12307-500x500.webp 500w\" sizes=\"auto, (max-width: 900px) 100vw, 900px\" \/><\/p>\n","protected":false},"excerpt":{"rendered":"<p>Ra\u017eot\u0101js atjauno<br \/>\n4.5. Kalibrs<br \/>\nPurna \u0101trums 258 m\/s<br \/>\nNom\u0101kts<br \/>\n\u0160autene<br \/>\nUzl\u0101d\u0113\u0161ana<br \/>\nMun\u012bcijas tipa tinpl\u00f6nns (177)<\/p>\n<p>Garantija 3A<\/p>\n","protected":false},"featured_media":133105,"template":"","meta":{"_acf_changed":false},"product_brand":[],"product_cat":[1007],"product_tag":[],"class_list":{"0":"post-137084","1":"product","2":"type-product","3":"status-publish","4":"has-post-thumbnail","6":"product_cat-snaipera-pistoles-lv","8":"first","9":"instock","10":"taxable","11":"shipping-taxable","12":"purchasable","13":"product-type-simple"},"acf":[],"_links":{"self":[{"href":"https:\/\/kingarms.ee\/lv\/wp-json\/wp\/v2\/product\/137084","targetHints":{"allow":["GET"]}}],"collection":[{"href":"https:\/\/kingarms.ee\/lv\/wp-json\/wp\/v2\/product"}],"about":[{"href":"https:\/\/kingarms.ee\/lv\/wp-json\/wp\/v2\/types\/product"}],"wp:featuredmedia":[{"embeddable":true,"href":"https:\/\/kingarms.ee\/lv\/wp-json\/wp\/v2\/media\/133105"}],"wp:attachment":[{"href":"https:\/\/kingarms.ee\/lv\/wp-json\/wp\/v2\/media?parent=137084"}],"wp:term":[{"taxonomy":"product_brand","embeddable":true,"href":"https:\/\/kingarms.ee\/lv\/wp-json\/wp\/v2\/product_brand?post=137084"},{"taxonomy":"product_cat","embeddable":true,"href":"https:\/\/kingarms.ee\/lv\/wp-json\/wp\/v2\/product_cat?post=137084"},{"taxonomy":"product_tag","embeddable":true,"href":"https:\/\/kingarms.ee\/lv\/wp-json\/wp\/v2\/product_tag?post=137084"}],"curies":[{"name":"wp","href":"https:\/\/api.w.org\/{rel}","templated":true}]}}