{"id":137086,"date":"2023-12-05T21:32:18","date_gmt":"2024-11-08T12:16:29","guid":{"rendered":"https:\/\/kingarms.ee\/product\/wosport-no-trasser-veza\/"},"modified":"2025-08-03T13:59:18","modified_gmt":"2025-08-03T10:59:18","slug":"trasser-tummer-wosport","status":"publish","type":"product","link":"https:\/\/kingarms.ee\/lv\/product\/trasser-tummer-wosport\/","title":{"rendered":"WOSPORT no trasser v\u0113\u017ea"},"content":{"rendered":"<p><img loading=\"lazy\" decoding=\"async\" class=\"alignnone size-full wp-image-85854\" src=\"https:\/\/kingarms.ee\/wp-content\/uploads\/2023\/12\/wosport-autotracer-unit-lighter-5-11mm-wo-ex08b.jpeg\" alt=\"\" width=\"1000\" height=\"1000\" srcset=\"https:\/\/kingarms.ee\/wp-content\/uploads\/2023\/12\/wosport-autotracer-unit-lighter-5-11mm-wo-ex08b.jpeg 1000w, https:\/\/kingarms.ee\/wp-content\/uploads\/2023\/12\/wosport-autotracer-unit-lighter-5-11mm-wo-ex08b-300x300.jpeg 300w, https:\/\/kingarms.ee\/wp-content\/uploads\/2023\/12\/wosport-autotracer-unit-lighter-5-11mm-wo-ex08b-150x150.jpeg 150w, https:\/\/kingarms.ee\/wp-content\/uploads\/2023\/12\/wosport-autotracer-unit-lighter-5-11mm-wo-ex08b-768x768.jpeg 768w, https:\/\/kingarms.ee\/wp-content\/uploads\/2023\/12\/wosport-autotracer-unit-lighter-5-11mm-wo-ex08b-500x500.jpeg 500w\" sizes=\"auto, (max-width: 1000px) 100vw, 1000px\" \/><\/p>\n","protected":false},"excerpt":{"rendered":"<p>WOSPORT no trasser v\u0113\u017ea<\/p>\n<p>Automa\u0161\u012bna v\u0113rt\u0113ta<br \/>\nPiem\u0113rots rokas pistolei un tirdzniec\u012bbas autom\u0101tam<br \/>\nAdapteris ir iek\u013cauts komplekt\u0101<br \/>\nIzgatavots no alum\u012bnija<br \/>\n5w sp\u0113ks<br \/>\nN\u0101k ar USB l\u0101d\u0113\u0161anas kabeli<br \/>\nUzb\u016bv\u0113ts -3,7 V 250mAh litija akumulators<br \/>\nSvars 90g<br \/>\nGarums 85 mm<br \/>\nDiametrs 29mm<\/p>\n","protected":false},"featured_media":131440,"template":"","meta":{"_acf_changed":false},"product_brand":[],"product_cat":[1113],"product_tag":[],"class_list":{"0":"post-137086","1":"product","2":"type-product","3":"status-publish","4":"has-post-thumbnail","6":"product_cat-troksna-slapetaji","8":"first","9":"instock","10":"taxable","11":"shipping-taxable","12":"purchasable","13":"product-type-simple"},"acf":[],"_links":{"self":[{"href":"https:\/\/kingarms.ee\/lv\/wp-json\/wp\/v2\/product\/137086","targetHints":{"allow":["GET"]}}],"collection":[{"href":"https:\/\/kingarms.ee\/lv\/wp-json\/wp\/v2\/product"}],"about":[{"href":"https:\/\/kingarms.ee\/lv\/wp-json\/wp\/v2\/types\/product"}],"wp:featuredmedia":[{"embeddable":true,"href":"https:\/\/kingarms.ee\/lv\/wp-json\/wp\/v2\/media\/131440"}],"wp:attachment":[{"href":"https:\/\/kingarms.ee\/lv\/wp-json\/wp\/v2\/media?parent=137086"}],"wp:term":[{"taxonomy":"product_brand","embeddable":true,"href":"https:\/\/kingarms.ee\/lv\/wp-json\/wp\/v2\/product_brand?post=137086"},{"taxonomy":"product_cat","embeddable":true,"href":"https:\/\/kingarms.ee\/lv\/wp-json\/wp\/v2\/product_cat?post=137086"},{"taxonomy":"product_tag","embeddable":true,"href":"https:\/\/kingarms.ee\/lv\/wp-json\/wp\/v2\/product_tag?post=137086"}],"curies":[{"name":"wp","href":"https:\/\/api.w.org\/{rel}","templated":true}]}}