{"id":137090,"date":"2023-12-05T21:19:51","date_gmt":"2024-11-08T12:20:31","guid":{"rendered":"https:\/\/kingarms.ee\/product\/hi-capa-6-0-mes\/"},"modified":"2025-08-03T14:00:59","modified_gmt":"2025-08-03T11:00:59","slug":"hi-capa-6-0-wow","status":"publish","type":"product","link":"https:\/\/kingarms.ee\/lv\/product\/hi-capa-6-0-wow\/","title":{"rendered":"Hi-capa 6.0 (m\u0113s)"},"content":{"rendered":"<p><img loading=\"lazy\" decoding=\"async\" class=\"alignnone size-full wp-image-85822\" src=\"https:\/\/kingarms.ee\/wp-content\/uploads\/2023\/12\/we-gas-pistol-hi-capa-60-i-rex-black-silver-barrel-wh18a2-bksv.jpeg\" alt=\"\" width=\"1000\" height=\"1000\" srcset=\"https:\/\/kingarms.ee\/wp-content\/uploads\/2023\/12\/we-gas-pistol-hi-capa-60-i-rex-black-silver-barrel-wh18a2-bksv.jpeg 1000w, https:\/\/kingarms.ee\/wp-content\/uploads\/2023\/12\/we-gas-pistol-hi-capa-60-i-rex-black-silver-barrel-wh18a2-bksv-300x300.jpeg 300w, https:\/\/kingarms.ee\/wp-content\/uploads\/2023\/12\/we-gas-pistol-hi-capa-60-i-rex-black-silver-barrel-wh18a2-bksv-150x150.jpeg 150w, https:\/\/kingarms.ee\/wp-content\/uploads\/2023\/12\/we-gas-pistol-hi-capa-60-i-rex-black-silver-barrel-wh18a2-bksv-768x768.jpeg 768w, https:\/\/kingarms.ee\/wp-content\/uploads\/2023\/12\/we-gas-pistol-hi-capa-60-i-rex-black-silver-barrel-wh18a2-bksv-500x500.jpeg 500w\" sizes=\"auto, (max-width: 1000px) 100vw, 1000px\" \/><\/p>\n","protected":false},"excerpt":{"rendered":"<p>Hi-capa 6.0 (m\u0113s)<\/p>\n<p>G\u0101zes pistole hi-capa 6.0<br \/>\nIzgatavots no met\u0101la ragav\u0101m un polim\u0113ra korpusa<br \/>\nAtgrie\u0161an\u0101s sist\u0113ma (sitiens)<br \/>\nReil ir iesp\u0113jams uzst\u0101d\u012bt l\u0101zera ce\u013cvedi<br \/>\nPapl\u0101tes tilpums 29 lodes<br \/>\nAizsarg\u0101jo\u0161s insults un viens \u0161\u0101viens<br \/>\nM\u0113r\u0137is ir regul\u0113jams<br \/>\nGarums 243 mm<br \/>\nSvars 1022G<\/p>\n","protected":false},"featured_media":131422,"template":"","meta":{"_acf_changed":false},"product_brand":[],"product_cat":[1000],"product_tag":[],"class_list":{"0":"post-137090","1":"product","2":"type-product","3":"status-publish","4":"has-post-thumbnail","6":"product_cat-rokas-pistoles","8":"first","9":"onbackorder","10":"taxable","11":"shipping-taxable","12":"product-type-simple"},"acf":[],"_links":{"self":[{"href":"https:\/\/kingarms.ee\/lv\/wp-json\/wp\/v2\/product\/137090","targetHints":{"allow":["GET"]}}],"collection":[{"href":"https:\/\/kingarms.ee\/lv\/wp-json\/wp\/v2\/product"}],"about":[{"href":"https:\/\/kingarms.ee\/lv\/wp-json\/wp\/v2\/types\/product"}],"wp:featuredmedia":[{"embeddable":true,"href":"https:\/\/kingarms.ee\/lv\/wp-json\/wp\/v2\/media\/131422"}],"wp:attachment":[{"href":"https:\/\/kingarms.ee\/lv\/wp-json\/wp\/v2\/media?parent=137090"}],"wp:term":[{"taxonomy":"product_brand","embeddable":true,"href":"https:\/\/kingarms.ee\/lv\/wp-json\/wp\/v2\/product_brand?post=137090"},{"taxonomy":"product_cat","embeddable":true,"href":"https:\/\/kingarms.ee\/lv\/wp-json\/wp\/v2\/product_cat?post=137090"},{"taxonomy":"product_tag","embeddable":true,"href":"https:\/\/kingarms.ee\/lv\/wp-json\/wp\/v2\/product_tag?post=137090"}],"curies":[{"name":"wp","href":"https:\/\/api.w.org\/{rel}","templated":true}]}}