{"id":137092,"date":"2023-12-05T21:12:40","date_gmt":"2024-11-08T14:17:01","guid":{"rendered":"https:\/\/kingarms.ee\/product\/glock-g18-mes\/"},"modified":"2025-08-03T14:01:51","modified_gmt":"2025-08-03T11:01:51","slug":"glock-g18-we","status":"publish","type":"product","link":"https:\/\/kingarms.ee\/lv\/product\/glock-g18-we\/","title":{"rendered":"Glock G18 (m\u0113s)"},"content":{"rendered":"<p><img loading=\"lazy\" decoding=\"async\" class=\"alignnone size-full wp-image-85800\" src=\"https:\/\/kingarms.ee\/wp-content\/uploads\/2023\/12\/we-gas-pistol-g18-force-series-t3-wg02wet-3.jpeg\" alt=\"\" width=\"1000\" height=\"1000\" srcset=\"https:\/\/kingarms.ee\/wp-content\/uploads\/2023\/12\/we-gas-pistol-g18-force-series-t3-wg02wet-3.jpeg 1000w, https:\/\/kingarms.ee\/wp-content\/uploads\/2023\/12\/we-gas-pistol-g18-force-series-t3-wg02wet-3-300x300.jpeg 300w, https:\/\/kingarms.ee\/wp-content\/uploads\/2023\/12\/we-gas-pistol-g18-force-series-t3-wg02wet-3-150x150.jpeg 150w, https:\/\/kingarms.ee\/wp-content\/uploads\/2023\/12\/we-gas-pistol-g18-force-series-t3-wg02wet-3-768x768.jpeg 768w, https:\/\/kingarms.ee\/wp-content\/uploads\/2023\/12\/we-gas-pistol-g18-force-series-t3-wg02wet-3-500x500.jpeg 500w\" sizes=\"auto, (max-width: 1000px) 100vw, 1000px\" \/><\/p>\n","protected":false},"excerpt":{"rendered":"<p>Glock G18 (m\u0113s)<\/p>\n<p>G\u0101zes pistoles G18 sp\u0113ku s\u0113rija (GBB)<br \/>\nZelta kr\u0101su caurule, sudraba ragavas un melns \u0137ermenis<br \/>\nIzgatavots no met\u0101la ragav\u0101m un polim\u0113ra korpusa<br \/>\nAtgrie\u0161an\u0101s sist\u0113ma (sitiens)<br \/>\nPapl\u0101tes tilpums 24 bumbi\u0146u<br \/>\nAizsarg\u0101jo\u0161s insults, viens \u0161\u0101viens un kust\u012bba<br \/>\nM\u0113r\u0137is ir regul\u0113jams<br \/>\nGarums 190mm<br \/>\nSvars 800G<\/p>\n","protected":false},"featured_media":131410,"template":"","meta":{"_acf_changed":false},"product_brand":[],"product_cat":[1000],"product_tag":[],"class_list":{"0":"post-137092","1":"product","2":"type-product","3":"status-publish","4":"has-post-thumbnail","6":"product_cat-rokas-pistoles","8":"first","9":"onbackorder","10":"taxable","11":"shipping-taxable","12":"product-type-simple"},"acf":[],"_links":{"self":[{"href":"https:\/\/kingarms.ee\/lv\/wp-json\/wp\/v2\/product\/137092","targetHints":{"allow":["GET"]}}],"collection":[{"href":"https:\/\/kingarms.ee\/lv\/wp-json\/wp\/v2\/product"}],"about":[{"href":"https:\/\/kingarms.ee\/lv\/wp-json\/wp\/v2\/types\/product"}],"wp:featuredmedia":[{"embeddable":true,"href":"https:\/\/kingarms.ee\/lv\/wp-json\/wp\/v2\/media\/131410"}],"wp:attachment":[{"href":"https:\/\/kingarms.ee\/lv\/wp-json\/wp\/v2\/media?parent=137092"}],"wp:term":[{"taxonomy":"product_brand","embeddable":true,"href":"https:\/\/kingarms.ee\/lv\/wp-json\/wp\/v2\/product_brand?post=137092"},{"taxonomy":"product_cat","embeddable":true,"href":"https:\/\/kingarms.ee\/lv\/wp-json\/wp\/v2\/product_cat?post=137092"},{"taxonomy":"product_tag","embeddable":true,"href":"https:\/\/kingarms.ee\/lv\/wp-json\/wp\/v2\/product_tag?post=137092"}],"curies":[{"name":"wp","href":"https:\/\/api.w.org\/{rel}","templated":true}]}}