{"id":137094,"date":"2023-12-05T20:53:00","date_gmt":"2024-11-08T14:21:04","guid":{"rendered":"https:\/\/kingarms.ee\/product\/pistole-uz-piekartu-pludmali\/"},"modified":"2025-08-03T14:03:43","modified_gmt":"2025-08-03T11:03:43","slug":"pavasaris-rokas-ieroca-vigors","status":"publish","type":"product","link":"https:\/\/kingarms.ee\/lv\/product\/pavasaris-rokas-ieroca-vigors\/","title":{"rendered":"Pistole uz piek\u0101rtu pludmali"},"content":{"rendered":"<p><img loading=\"lazy\" decoding=\"async\" class=\"alignnone size-full wp-image-85773\" src=\"https:\/\/kingarms.ee\/wp-content\/uploads\/2023\/12\/vigor-spring-powered-pistol-v015.jpeg\" alt=\"\" width=\"1000\" height=\"1000\" srcset=\"https:\/\/kingarms.ee\/wp-content\/uploads\/2023\/12\/vigor-spring-powered-pistol-v015.jpeg 1000w, https:\/\/kingarms.ee\/wp-content\/uploads\/2023\/12\/vigor-spring-powered-pistol-v015-300x300.jpeg 300w, https:\/\/kingarms.ee\/wp-content\/uploads\/2023\/12\/vigor-spring-powered-pistol-v015-150x150.jpeg 150w, https:\/\/kingarms.ee\/wp-content\/uploads\/2023\/12\/vigor-spring-powered-pistol-v015-768x768.jpeg 768w, https:\/\/kingarms.ee\/wp-content\/uploads\/2023\/12\/vigor-spring-powered-pistol-v015-500x500.jpeg 500w\" sizes=\"auto, (max-width: 1000px) 100vw, 1000px\" \/><\/p>\n","protected":false},"excerpt":{"rendered":"<p>Pistole<br \/>\nMet\u0101la ragavas un \u0137erme\u0146a abs plastmasa<br \/>\nViens \u0161\u0101viens<br \/>\nPapl\u0101tnes s\u0113juma 12. bumbi\u0146as<br \/>\nIr iesp\u0113jams uzst\u0101d\u012bt l\u0101zera sl\u0101ni<br \/>\nIzm\u0113ri 190 mm x 140 mm x 35 mm<br \/>\nSvars 340g<\/p>\n","protected":false},"featured_media":131398,"template":"","meta":{"_acf_changed":false},"product_brand":[],"product_cat":[1000],"product_tag":[],"class_list":{"0":"post-137094","1":"product","2":"type-product","3":"status-publish","4":"has-post-thumbnail","6":"product_cat-rokas-pistoles","8":"first","9":"instock","10":"taxable","11":"shipping-taxable","12":"purchasable","13":"product-type-simple"},"acf":[],"_links":{"self":[{"href":"https:\/\/kingarms.ee\/lv\/wp-json\/wp\/v2\/product\/137094","targetHints":{"allow":["GET"]}}],"collection":[{"href":"https:\/\/kingarms.ee\/lv\/wp-json\/wp\/v2\/product"}],"about":[{"href":"https:\/\/kingarms.ee\/lv\/wp-json\/wp\/v2\/types\/product"}],"wp:featuredmedia":[{"embeddable":true,"href":"https:\/\/kingarms.ee\/lv\/wp-json\/wp\/v2\/media\/131398"}],"wp:attachment":[{"href":"https:\/\/kingarms.ee\/lv\/wp-json\/wp\/v2\/media?parent=137094"}],"wp:term":[{"taxonomy":"product_brand","embeddable":true,"href":"https:\/\/kingarms.ee\/lv\/wp-json\/wp\/v2\/product_brand?post=137094"},{"taxonomy":"product_cat","embeddable":true,"href":"https:\/\/kingarms.ee\/lv\/wp-json\/wp\/v2\/product_cat?post=137094"},{"taxonomy":"product_tag","embeddable":true,"href":"https:\/\/kingarms.ee\/lv\/wp-json\/wp\/v2\/product_tag?post=137094"}],"curies":[{"name":"wp","href":"https:\/\/api.w.org\/{rel}","templated":true}]}}