{"id":137096,"date":"2023-12-05T20:44:51","date_gmt":"2024-11-08T14:23:14","guid":{"rendered":"https:\/\/kingarms.ee\/product\/ambu-soma-italu-camo\/"},"modified":"2025-08-03T14:04:31","modified_gmt":"2025-08-03T11:04:31","slug":"ambu-bag-italian-camo","status":"publish","type":"product","link":"https:\/\/kingarms.ee\/lv\/product\/ambu-bag-italian-camo\/","title":{"rendered":"Ambu soma &#8211; it\u0101\u013cu camo"},"content":{"rendered":"<p><img loading=\"lazy\" decoding=\"async\" class=\"alignnone size-full wp-image-85763\" src=\"https:\/\/kingarms.ee\/wp-content\/uploads\/2023\/12\/royal-crossbow-bag-italian-camo-t50-tc.jpeg\" alt=\"\" width=\"1000\" height=\"1000\" srcset=\"https:\/\/kingarms.ee\/wp-content\/uploads\/2023\/12\/royal-crossbow-bag-italian-camo-t50-tc.jpeg 1000w, https:\/\/kingarms.ee\/wp-content\/uploads\/2023\/12\/royal-crossbow-bag-italian-camo-t50-tc-300x300.jpeg 300w, https:\/\/kingarms.ee\/wp-content\/uploads\/2023\/12\/royal-crossbow-bag-italian-camo-t50-tc-150x150.jpeg 150w, https:\/\/kingarms.ee\/wp-content\/uploads\/2023\/12\/royal-crossbow-bag-italian-camo-t50-tc-768x768.jpeg 768w, https:\/\/kingarms.ee\/wp-content\/uploads\/2023\/12\/royal-crossbow-bag-italian-camo-t50-tc-500x500.jpeg 500w\" sizes=\"auto, (max-width: 1000px) 100vw, 1000px\" \/><\/p>\n","protected":false},"excerpt":{"rendered":"<p>Ambu soma &#8211; it\u0101\u013cu camo<\/p>\n<p>Somi\u0146a<br \/>\nKordura<br \/>\nIzm\u0113ri 98cm x 76cm<br \/>\nIt\u0101\u013cu camo kr\u0101sa<\/p>\n","protected":false},"featured_media":132815,"template":"","meta":{"_acf_changed":false},"product_brand":[],"product_cat":[1088,1059],"product_tag":[],"class_list":{"0":"post-137096","1":"product","2":"type-product","3":"status-publish","4":"has-post-thumbnail","6":"product_cat-gadijumi-un-somas","7":"product_cat-somas","9":"first","10":"instock","11":"taxable","12":"shipping-taxable","13":"purchasable","14":"product-type-simple"},"acf":[],"_links":{"self":[{"href":"https:\/\/kingarms.ee\/lv\/wp-json\/wp\/v2\/product\/137096","targetHints":{"allow":["GET"]}}],"collection":[{"href":"https:\/\/kingarms.ee\/lv\/wp-json\/wp\/v2\/product"}],"about":[{"href":"https:\/\/kingarms.ee\/lv\/wp-json\/wp\/v2\/types\/product"}],"wp:featuredmedia":[{"embeddable":true,"href":"https:\/\/kingarms.ee\/lv\/wp-json\/wp\/v2\/media\/132815"}],"wp:attachment":[{"href":"https:\/\/kingarms.ee\/lv\/wp-json\/wp\/v2\/media?parent=137096"}],"wp:term":[{"taxonomy":"product_brand","embeddable":true,"href":"https:\/\/kingarms.ee\/lv\/wp-json\/wp\/v2\/product_brand?post=137096"},{"taxonomy":"product_cat","embeddable":true,"href":"https:\/\/kingarms.ee\/lv\/wp-json\/wp\/v2\/product_cat?post=137096"},{"taxonomy":"product_tag","embeddable":true,"href":"https:\/\/kingarms.ee\/lv\/wp-json\/wp\/v2\/product_tag?post=137096"}],"curies":[{"name":"wp","href":"https:\/\/api.w.org\/{rel}","templated":true}]}}