{"id":137117,"date":"2023-12-05T19:09:58","date_gmt":"2024-11-08T14:46:59","guid":{"rendered":"https:\/\/kingarms.ee\/product\/ak-ziede-hi-cap-smilskrasas-500-apjomiga\/"},"modified":"2025-08-03T14:14:04","modified_gmt":"2025-08-03T11:14:04","slug":"ak-salv-hi-cap-beez-500-sejums","status":"publish","type":"product","link":"https:\/\/kingarms.ee\/lv\/product\/ak-salv-hi-cap-beez-500-sejums\/","title":{"rendered":"AK ziede hi -cap &#8211; smil\u0161kr\u0101sas (500 apjom\u012bga)"},"content":{"rendered":"<p><img loading=\"lazy\" decoding=\"async\" class=\"alignnone size-full wp-image-85626\" src=\"https:\/\/kingarms.ee\/wp-content\/uploads\/2023\/12\/js-tactical-hi-cap-500-rounds-magazine-with-cord-for-ak-tan-js-cark47t.jpeg\" alt=\"\" width=\"1000\" height=\"1000\" srcset=\"https:\/\/kingarms.ee\/wp-content\/uploads\/2023\/12\/js-tactical-hi-cap-500-rounds-magazine-with-cord-for-ak-tan-js-cark47t.jpeg 1000w, https:\/\/kingarms.ee\/wp-content\/uploads\/2023\/12\/js-tactical-hi-cap-500-rounds-magazine-with-cord-for-ak-tan-js-cark47t-300x300.jpeg 300w, https:\/\/kingarms.ee\/wp-content\/uploads\/2023\/12\/js-tactical-hi-cap-500-rounds-magazine-with-cord-for-ak-tan-js-cark47t-150x150.jpeg 150w, https:\/\/kingarms.ee\/wp-content\/uploads\/2023\/12\/js-tactical-hi-cap-500-rounds-magazine-with-cord-for-ak-tan-js-cark47t-768x768.jpeg 768w, https:\/\/kingarms.ee\/wp-content\/uploads\/2023\/12\/js-tactical-hi-cap-500-rounds-magazine-with-cord-for-ak-tan-js-cark47t-500x500.jpeg 500w\" sizes=\"auto, (max-width: 1000px) 100vw, 1000px\" \/><\/p>\n","protected":false},"excerpt":{"rendered":"<p>AK ziede hi -cap &#8211; smil\u0161kr\u0101sas (500 apjom\u012bga)<\/p>\n<p>Ziedes hi-cap<br \/>\nPilns met\u0101ls<br \/>\n500 lodes apjom\u012bgas<br \/>\nPiem\u0113rots AK s\u0113rijas elektriskajai \u0161autenei<br \/>\nSvars 250g<br \/>\nKr\u0101sa br\u016bna<\/p>\n","protected":false},"featured_media":134288,"template":"","meta":{"_acf_changed":false},"product_brand":[],"product_cat":[1061],"product_tag":[],"class_list":{"0":"post-137117","1":"product","2":"type-product","3":"status-publish","4":"has-post-thumbnail","6":"product_cat-airsoft-lv","8":"first","9":"instock","10":"taxable","11":"shipping-taxable","12":"purchasable","13":"product-type-simple"},"acf":[],"_links":{"self":[{"href":"https:\/\/kingarms.ee\/lv\/wp-json\/wp\/v2\/product\/137117","targetHints":{"allow":["GET"]}}],"collection":[{"href":"https:\/\/kingarms.ee\/lv\/wp-json\/wp\/v2\/product"}],"about":[{"href":"https:\/\/kingarms.ee\/lv\/wp-json\/wp\/v2\/types\/product"}],"wp:featuredmedia":[{"embeddable":true,"href":"https:\/\/kingarms.ee\/lv\/wp-json\/wp\/v2\/media\/134288"}],"wp:attachment":[{"href":"https:\/\/kingarms.ee\/lv\/wp-json\/wp\/v2\/media?parent=137117"}],"wp:term":[{"taxonomy":"product_brand","embeddable":true,"href":"https:\/\/kingarms.ee\/lv\/wp-json\/wp\/v2\/product_brand?post=137117"},{"taxonomy":"product_cat","embeddable":true,"href":"https:\/\/kingarms.ee\/lv\/wp-json\/wp\/v2\/product_cat?post=137117"},{"taxonomy":"product_tag","embeddable":true,"href":"https:\/\/kingarms.ee\/lv\/wp-json\/wp\/v2\/product_tag?post=137117"}],"curies":[{"name":"wp","href":"https:\/\/api.w.org\/{rel}","templated":true}]}}