{"id":137121,"date":"2023-12-05T18:17:26","date_gmt":"2024-11-08T14:55:24","guid":{"rendered":"https:\/\/kingarms.ee\/product\/salokosana-ar-skk-tasknuga-cw-k61\/"},"modified":"2025-08-03T14:17:36","modified_gmt":"2025-08-03T11:17:36","slug":"folding-sck-tasknuga-cw-k61","status":"publish","type":"product","link":"https:\/\/kingarms.ee\/lv\/product\/folding-sck-tasknuga-cw-k61\/","title":{"rendered":"Saloko\u0161ana ar SKK Tasknuga (CW-K61)"},"content":{"rendered":"<p><img loading=\"lazy\" decoding=\"async\" class=\"alignnone size-full wp-image-85576\" src=\"https:\/\/kingarms.ee\/wp-content\/uploads\/2023\/12\/sck-foldable-pocket-knife-cw-k61.jpeg\" alt=\"\" width=\"1000\" height=\"1000\" srcset=\"https:\/\/kingarms.ee\/wp-content\/uploads\/2023\/12\/sck-foldable-pocket-knife-cw-k61.jpeg 1000w, https:\/\/kingarms.ee\/wp-content\/uploads\/2023\/12\/sck-foldable-pocket-knife-cw-k61-300x300.jpeg 300w, https:\/\/kingarms.ee\/wp-content\/uploads\/2023\/12\/sck-foldable-pocket-knife-cw-k61-150x150.jpeg 150w, https:\/\/kingarms.ee\/wp-content\/uploads\/2023\/12\/sck-foldable-pocket-knife-cw-k61-768x768.jpeg 768w, https:\/\/kingarms.ee\/wp-content\/uploads\/2023\/12\/sck-foldable-pocket-knife-cw-k61-500x500.jpeg 500w\" sizes=\"auto, (max-width: 1000px) 100vw, 1000px\" \/><\/p>\n","protected":false},"excerpt":{"rendered":"<p>Saloko\u0161ana ar SKK Tasknuga (CW-K61)<\/p>\n<p>Saloko\u0161ana ar uzdevumu<br \/>\nNer\u016bs\u0113jo\u0161ais t\u0113rauds<br \/>\nAnod\u0113ts alum\u012bnija rokturis<br \/>\nMotorollers<br \/>\n\u012ak\u0161\u0137is<br \/>\nLiedes blo\u0137\u0113\u0161ana<br \/>\nSl\u0113gts garums 114mm<br \/>\nAsmens garums 198mm<br \/>\nSvars 90g<\/p>\n","protected":false},"featured_media":131328,"template":"","meta":{"_acf_changed":false},"product_brand":[],"product_cat":[991],"product_tag":[],"class_list":{"0":"post-137121","1":"product","2":"type-product","3":"status-publish","4":"has-post-thumbnail","6":"product_cat-nazi","8":"first","9":"instock","10":"sale","11":"taxable","12":"shipping-taxable","13":"purchasable","14":"product-type-simple"},"acf":[],"_links":{"self":[{"href":"https:\/\/kingarms.ee\/lv\/wp-json\/wp\/v2\/product\/137121","targetHints":{"allow":["GET"]}}],"collection":[{"href":"https:\/\/kingarms.ee\/lv\/wp-json\/wp\/v2\/product"}],"about":[{"href":"https:\/\/kingarms.ee\/lv\/wp-json\/wp\/v2\/types\/product"}],"wp:featuredmedia":[{"embeddable":true,"href":"https:\/\/kingarms.ee\/lv\/wp-json\/wp\/v2\/media\/131328"}],"wp:attachment":[{"href":"https:\/\/kingarms.ee\/lv\/wp-json\/wp\/v2\/media?parent=137121"}],"wp:term":[{"taxonomy":"product_brand","embeddable":true,"href":"https:\/\/kingarms.ee\/lv\/wp-json\/wp\/v2\/product_brand?post=137121"},{"taxonomy":"product_cat","embeddable":true,"href":"https:\/\/kingarms.ee\/lv\/wp-json\/wp\/v2\/product_cat?post=137121"},{"taxonomy":"product_tag","embeddable":true,"href":"https:\/\/kingarms.ee\/lv\/wp-json\/wp\/v2\/product_tag?post=137121"}],"curies":[{"name":"wp","href":"https:\/\/api.w.org\/{rel}","templated":true}]}}