{"id":137126,"date":"2023-12-05T16:03:51","date_gmt":"2024-11-08T15:07:19","guid":{"rendered":"https:\/\/kingarms.ee\/product\/d-zenu-elektriska-pistole-m4-10\/"},"modified":"2025-08-03T14:22:42","modified_gmt":"2025-08-03T11:22:42","slug":"dboys-electripus-m4-10","status":"publish","type":"product","link":"https:\/\/kingarms.ee\/lv\/product\/dboys-electripus-m4-10\/","title":{"rendered":"D | z\u0113nu elektrisk\u0101 pistole M4 10"},"content":{"rendered":"<p><img loading=\"lazy\" decoding=\"async\" class=\"alignnone size-full wp-image-85483\" src=\"https:\/\/kingarms.ee\/wp-content\/uploads\/2023\/12\/dboys-electric-rifle-m4-10-handguard-black-3381.jpeg\" alt=\"\" width=\"600\" height=\"600\" srcset=\"https:\/\/kingarms.ee\/wp-content\/uploads\/2023\/12\/dboys-electric-rifle-m4-10-handguard-black-3381.jpeg 600w, https:\/\/kingarms.ee\/wp-content\/uploads\/2023\/12\/dboys-electric-rifle-m4-10-handguard-black-3381-300x300.jpeg 300w, https:\/\/kingarms.ee\/wp-content\/uploads\/2023\/12\/dboys-electric-rifle-m4-10-handguard-black-3381-150x150.jpeg 150w, https:\/\/kingarms.ee\/wp-content\/uploads\/2023\/12\/dboys-electric-rifle-m4-10-handguard-black-3381-500x500.jpeg 500w\" sizes=\"auto, (max-width: 600px) 100vw, 600px\" \/><\/p>\n","protected":false},"excerpt":{"rendered":"<p>D | z\u0113nu elektrisk\u0101 pistole M4 10<\/p>\n<p>Elektrisk\u0101 \u0161autene M4 10 &#8220;rokas s\u016bdi<br \/>\nPolim\u0113ra korpuss<br \/>\nMet\u0101la caurule un ziede<br \/>\n300 apjom\u012bgas ziedes m4 hi-cap<br \/>\nRot\u0113jo\u0161s<br \/>\nPiel\u0101gojams atpaka\u013c<br \/>\n10 collu aizsardz\u012bba ar roku ar 4 autobusiem<br \/>\nPiel\u0101gojams l\u0113ciens uz aug\u0161u<br \/>\nGarums 790 mm &#8211; 870 mm<br \/>\nSvars 2350g<br \/>\nMelns<br \/>\nAkumulators un ladja nav iek\u013cauti<\/p>\n","protected":false},"featured_media":131300,"template":"","meta":{"_acf_changed":false},"product_brand":[],"product_cat":[1001],"product_tag":[],"class_list":{"0":"post-137126","1":"product","2":"type-product","3":"status-publish","4":"has-post-thumbnail","6":"product_cat-tirdzniecibas-automati","8":"first","9":"instock","10":"taxable","11":"shipping-taxable","12":"purchasable","13":"product-type-simple"},"acf":[],"_links":{"self":[{"href":"https:\/\/kingarms.ee\/lv\/wp-json\/wp\/v2\/product\/137126","targetHints":{"allow":["GET"]}}],"collection":[{"href":"https:\/\/kingarms.ee\/lv\/wp-json\/wp\/v2\/product"}],"about":[{"href":"https:\/\/kingarms.ee\/lv\/wp-json\/wp\/v2\/types\/product"}],"wp:featuredmedia":[{"embeddable":true,"href":"https:\/\/kingarms.ee\/lv\/wp-json\/wp\/v2\/media\/131300"}],"wp:attachment":[{"href":"https:\/\/kingarms.ee\/lv\/wp-json\/wp\/v2\/media?parent=137126"}],"wp:term":[{"taxonomy":"product_brand","embeddable":true,"href":"https:\/\/kingarms.ee\/lv\/wp-json\/wp\/v2\/product_brand?post=137126"},{"taxonomy":"product_cat","embeddable":true,"href":"https:\/\/kingarms.ee\/lv\/wp-json\/wp\/v2\/product_cat?post=137126"},{"taxonomy":"product_tag","embeddable":true,"href":"https:\/\/kingarms.ee\/lv\/wp-json\/wp\/v2\/product_tag?post=137126"}],"curies":[{"name":"wp","href":"https:\/\/api.w.org\/{rel}","templated":true}]}}