{"id":137127,"date":"2023-12-05T15:16:02","date_gmt":"2024-11-08T15:09:44","guid":{"rendered":"https:\/\/kingarms.ee\/product\/knaibles-ar-vairakiem-instrumentiem\/"},"modified":"2025-08-03T14:23:32","modified_gmt":"2025-08-03T11:23:32","slug":"vairaku-instrumentu-pilsetinas","status":"publish","type":"product","link":"https:\/\/kingarms.ee\/lv\/product\/vairaku-instrumentu-pilsetinas\/","title":{"rendered":"Knaibles ar vair\u0101kiem instrumentiem"},"content":{"rendered":"<p><img loading=\"lazy\" decoding=\"async\" class=\"alignnone size-full wp-image-85457\" src=\"https:\/\/kingarms.ee\/wp-content\/uploads\/2023\/12\/multi-tool-pliers-10512.jpeg\" alt=\"\" width=\"1000\" height=\"1000\" srcset=\"https:\/\/kingarms.ee\/wp-content\/uploads\/2023\/12\/multi-tool-pliers-10512.jpeg 1000w, https:\/\/kingarms.ee\/wp-content\/uploads\/2023\/12\/multi-tool-pliers-10512-300x300.jpeg 300w, https:\/\/kingarms.ee\/wp-content\/uploads\/2023\/12\/multi-tool-pliers-10512-150x150.jpeg 150w, https:\/\/kingarms.ee\/wp-content\/uploads\/2023\/12\/multi-tool-pliers-10512-768x768.jpeg 768w, https:\/\/kingarms.ee\/wp-content\/uploads\/2023\/12\/multi-tool-pliers-10512-500x500.jpeg 500w\" sizes=\"auto, (max-width: 1000px) 100vw, 1000px\" \/><\/p>\n","protected":false},"excerpt":{"rendered":"<p>Knaibles ar vair\u0101kiem instrumentiem<\/p>\n<p>Knaibles ar vair\u0101kiem instrumentiem<br \/>\n5 funkcijas<br \/>\nGarums 140 mm<br \/>\nKnaibles, \u0161\u0137\u0113res, skr\u016bvgrie\u017ea krusts ar galvu, kor\u0137is<\/p>\n","protected":false},"featured_media":131999,"template":"","meta":{"_acf_changed":false},"product_brand":[],"product_cat":[991],"product_tag":[],"class_list":{"0":"post-137127","1":"product","2":"type-product","3":"status-publish","4":"has-post-thumbnail","6":"product_cat-nazi","8":"first","9":"instock","10":"taxable","11":"shipping-taxable","12":"purchasable","13":"product-type-simple"},"acf":[],"_links":{"self":[{"href":"https:\/\/kingarms.ee\/lv\/wp-json\/wp\/v2\/product\/137127","targetHints":{"allow":["GET"]}}],"collection":[{"href":"https:\/\/kingarms.ee\/lv\/wp-json\/wp\/v2\/product"}],"about":[{"href":"https:\/\/kingarms.ee\/lv\/wp-json\/wp\/v2\/types\/product"}],"wp:featuredmedia":[{"embeddable":true,"href":"https:\/\/kingarms.ee\/lv\/wp-json\/wp\/v2\/media\/131999"}],"wp:attachment":[{"href":"https:\/\/kingarms.ee\/lv\/wp-json\/wp\/v2\/media?parent=137127"}],"wp:term":[{"taxonomy":"product_brand","embeddable":true,"href":"https:\/\/kingarms.ee\/lv\/wp-json\/wp\/v2\/product_brand?post=137127"},{"taxonomy":"product_cat","embeddable":true,"href":"https:\/\/kingarms.ee\/lv\/wp-json\/wp\/v2\/product_cat?post=137127"},{"taxonomy":"product_tag","embeddable":true,"href":"https:\/\/kingarms.ee\/lv\/wp-json\/wp\/v2\/product_tag?post=137127"}],"curies":[{"name":"wp","href":"https:\/\/api.w.org\/{rel}","templated":true}]}}