{"id":137131,"date":"2023-11-20T13:14:54","date_gmt":"2024-11-08T15:20:00","guid":{"rendered":"https:\/\/kingarms.ee\/product\/armijas-smidzinasanas-krasa-wh-lauka-peleks-paklajs-400-ml\/"},"modified":"2025-08-03T14:27:40","modified_gmt":"2025-08-03T11:27:40","slug":"armijas-gray-paint-the-lauka-peleks-mat-400-ml","status":"publish","type":"product","link":"https:\/\/kingarms.ee\/lv\/product\/armijas-gray-paint-the-lauka-peleks-mat-400-ml\/","title":{"rendered":"Armijas smidzin\u0101\u0161anas kr\u0101sa, wh lauka pel\u0113ks, pakl\u0101js, 400 ml"},"content":{"rendered":"<p><img loading=\"lazy\" decoding=\"async\" class=\"alignnone size-full wp-image-84118\" src=\"https:\/\/kingarms.ee\/wp-content\/uploads\/2023\/11\/27375O.jpeg\" alt=\"\" width=\"1200\" height=\"1200\" srcset=\"https:\/\/kingarms.ee\/wp-content\/uploads\/2023\/11\/27375O.jpeg 1200w, https:\/\/kingarms.ee\/wp-content\/uploads\/2023\/11\/27375O-300x300.jpeg 300w, https:\/\/kingarms.ee\/wp-content\/uploads\/2023\/11\/27375O-1024x1024.jpeg 1024w, https:\/\/kingarms.ee\/wp-content\/uploads\/2023\/11\/27375O-150x150.jpeg 150w, https:\/\/kingarms.ee\/wp-content\/uploads\/2023\/11\/27375O-768x768.jpeg 768w, https:\/\/kingarms.ee\/wp-content\/uploads\/2023\/11\/27375O-500x500.jpeg 500w\" sizes=\"auto, (max-width: 1200px) 100vw, 1200px\" \/><\/p>\n","protected":false},"excerpt":{"rendered":"<p>Nitro Kommin\u0113t\u0101s sve\u0137u laka uzz met\u0101la,<br \/>\nKoks, Akmens, Stikls, Polistirola Putas Un Plastic<br \/>\nP\u0113zh apm\u0113ram 20 min\u016bt\u0113ms putk\u013ci nozh\u016bst<br \/>\nPilniegi Sauss P\u0113zh Apm\u0113ram 12 stund\u0101m<\/p>\n","protected":false},"featured_media":130815,"template":"","meta":{"_acf_changed":false},"product_brand":[],"product_cat":[1064],"product_tag":[],"class_list":{"0":"post-137131","1":"product","2":"type-product","3":"status-publish","4":"has-post-thumbnail","6":"product_cat-krasas-un-maskesana","8":"first","9":"instock","10":"taxable","11":"shipping-taxable","12":"purchasable","13":"product-type-simple"},"acf":[],"_links":{"self":[{"href":"https:\/\/kingarms.ee\/lv\/wp-json\/wp\/v2\/product\/137131","targetHints":{"allow":["GET"]}}],"collection":[{"href":"https:\/\/kingarms.ee\/lv\/wp-json\/wp\/v2\/product"}],"about":[{"href":"https:\/\/kingarms.ee\/lv\/wp-json\/wp\/v2\/types\/product"}],"wp:featuredmedia":[{"embeddable":true,"href":"https:\/\/kingarms.ee\/lv\/wp-json\/wp\/v2\/media\/130815"}],"wp:attachment":[{"href":"https:\/\/kingarms.ee\/lv\/wp-json\/wp\/v2\/media?parent=137131"}],"wp:term":[{"taxonomy":"product_brand","embeddable":true,"href":"https:\/\/kingarms.ee\/lv\/wp-json\/wp\/v2\/product_brand?post=137131"},{"taxonomy":"product_cat","embeddable":true,"href":"https:\/\/kingarms.ee\/lv\/wp-json\/wp\/v2\/product_cat?post=137131"},{"taxonomy":"product_tag","embeddable":true,"href":"https:\/\/kingarms.ee\/lv\/wp-json\/wp\/v2\/product_tag?post=137131"}],"curies":[{"name":"wp","href":"https:\/\/api.w.org\/{rel}","templated":true}]}}