{"id":137133,"date":"2023-11-20T13:12:09","date_gmt":"2024-11-08T15:22:06","guid":{"rendered":"https:\/\/kingarms.ee\/product\/armijas-smidzinasanas-krasa-signala-dzeltena-400-ml\/"},"modified":"2025-08-03T14:28:27","modified_gmt":"2025-08-03T11:28:27","slug":"armijas-gray-paint-signcal-yellow-400-ml","status":"publish","type":"product","link":"https:\/\/kingarms.ee\/lv\/product\/armijas-gray-paint-signcal-yellow-400-ml\/","title":{"rendered":"Armijas smidzin\u0101\u0161anas kr\u0101sa, sign\u0101la dzeltena, 400 ml"},"content":{"rendered":"<p><img loading=\"lazy\" decoding=\"async\" class=\"alignnone size-full wp-image-84111\" src=\"https:\/\/kingarms.ee\/wp-content\/uploads\/2023\/11\/27375M.jpeg\" alt=\"\" width=\"1200\" height=\"1200\" srcset=\"https:\/\/kingarms.ee\/wp-content\/uploads\/2023\/11\/27375M.jpeg 1200w, https:\/\/kingarms.ee\/wp-content\/uploads\/2023\/11\/27375M-300x300.jpeg 300w, https:\/\/kingarms.ee\/wp-content\/uploads\/2023\/11\/27375M-1024x1024.jpeg 1024w, https:\/\/kingarms.ee\/wp-content\/uploads\/2023\/11\/27375M-150x150.jpeg 150w, https:\/\/kingarms.ee\/wp-content\/uploads\/2023\/11\/27375M-768x768.jpeg 768w, https:\/\/kingarms.ee\/wp-content\/uploads\/2023\/11\/27375M-500x500.jpeg 500w\" sizes=\"auto, (max-width: 1200px) 100vw, 1200px\" \/><\/p>\n","protected":false},"excerpt":{"rendered":"<p>Nitro kombin\u0113t\u0101s sve\u0137u laka uz met\u0101la,<br \/>\nKoks, akmens, stikls, polistirola putas un plastmasa<br \/>\nP\u0113c apm\u0113ram 20 min\u016bt\u0113m putek\u013ci no\u017e\u016bst<br \/>\npiln\u012bgi sauss p\u0113c apm\u0113ram 12 stund\u0101m<br \/>\nRAL1026<\/p>\n","protected":false},"featured_media":130937,"template":"","meta":{"_acf_changed":false},"product_brand":[],"product_cat":[1064],"product_tag":[],"class_list":{"0":"post-137133","1":"product","2":"type-product","3":"status-publish","4":"has-post-thumbnail","6":"product_cat-krasas-un-maskesana","8":"first","9":"instock","10":"taxable","11":"shipping-taxable","12":"purchasable","13":"product-type-simple"},"acf":[],"_links":{"self":[{"href":"https:\/\/kingarms.ee\/lv\/wp-json\/wp\/v2\/product\/137133","targetHints":{"allow":["GET"]}}],"collection":[{"href":"https:\/\/kingarms.ee\/lv\/wp-json\/wp\/v2\/product"}],"about":[{"href":"https:\/\/kingarms.ee\/lv\/wp-json\/wp\/v2\/types\/product"}],"wp:featuredmedia":[{"embeddable":true,"href":"https:\/\/kingarms.ee\/lv\/wp-json\/wp\/v2\/media\/130937"}],"wp:attachment":[{"href":"https:\/\/kingarms.ee\/lv\/wp-json\/wp\/v2\/media?parent=137133"}],"wp:term":[{"taxonomy":"product_brand","embeddable":true,"href":"https:\/\/kingarms.ee\/lv\/wp-json\/wp\/v2\/product_brand?post=137133"},{"taxonomy":"product_cat","embeddable":true,"href":"https:\/\/kingarms.ee\/lv\/wp-json\/wp\/v2\/product_cat?post=137133"},{"taxonomy":"product_tag","embeddable":true,"href":"https:\/\/kingarms.ee\/lv\/wp-json\/wp\/v2\/product_tag?post=137133"}],"curies":[{"name":"wp","href":"https:\/\/api.w.org\/{rel}","templated":true}]}}