{"id":137152,"date":"2023-11-20T12:44:53","date_gmt":"2024-11-08T15:40:14","guid":{"rendered":"https:\/\/kingarms.ee\/product\/armijas-smidzinasanas-krasa-nva-zala-krasa-matts-400-ml\/"},"modified":"2025-08-03T14:34:47","modified_gmt":"2025-08-03T11:34:47","slug":"armija-gray-paint-nva-zala-matt-400-ml","status":"publish","type":"product","link":"https:\/\/kingarms.ee\/lv\/product\/armija-gray-paint-nva-zala-matt-400-ml\/","title":{"rendered":"Armijas smidzin\u0101\u0161anas kr\u0101sa, NVA za\u013c\u0101 kr\u0101s\u0101, Matts, 400 ml"},"content":{"rendered":"<p><img loading=\"lazy\" decoding=\"async\" class=\"alignnone size-full wp-image-84032\" src=\"https:\/\/kingarms.ee\/wp-content\/uploads\/2023\/11\/27375C.jpeg\" alt=\"\" width=\"1200\" height=\"1200\" srcset=\"https:\/\/kingarms.ee\/wp-content\/uploads\/2023\/11\/27375C.jpeg 1200w, https:\/\/kingarms.ee\/wp-content\/uploads\/2023\/11\/27375C-300x300.jpeg 300w, https:\/\/kingarms.ee\/wp-content\/uploads\/2023\/11\/27375C-1024x1024.jpeg 1024w, https:\/\/kingarms.ee\/wp-content\/uploads\/2023\/11\/27375C-150x150.jpeg 150w, https:\/\/kingarms.ee\/wp-content\/uploads\/2023\/11\/27375C-768x768.jpeg 768w, https:\/\/kingarms.ee\/wp-content\/uploads\/2023\/11\/27375C-500x500.jpeg 500w\" sizes=\"auto, (max-width: 1200px) 100vw, 1200px\" \/><\/p>\n","protected":false},"excerpt":{"rendered":"<p>Nitro Kommin\u0113t\u0101s sve\u0137u laka uzz,<br \/>\nKoks, Akmens, Stikls, Polistirola Putas Un Plastic<br \/>\nP\u0113zh apm\u0113ram 20 min\u016bt\u0113ms putk spiediens nozh\u016bst<br \/>\nPilniegi Sauss P\u0113zh Aptm\u0113ram 12 Stutstutas<\/p>\n","protected":false},"featured_media":130965,"template":"","meta":{"_acf_changed":false},"product_brand":[],"product_cat":[1064],"product_tag":[],"class_list":{"0":"post-137152","1":"product","2":"type-product","3":"status-publish","4":"has-post-thumbnail","6":"product_cat-krasas-un-maskesana","8":"first","9":"onbackorder","10":"taxable","11":"shipping-taxable","12":"product-type-simple"},"acf":[],"_links":{"self":[{"href":"https:\/\/kingarms.ee\/lv\/wp-json\/wp\/v2\/product\/137152","targetHints":{"allow":["GET"]}}],"collection":[{"href":"https:\/\/kingarms.ee\/lv\/wp-json\/wp\/v2\/product"}],"about":[{"href":"https:\/\/kingarms.ee\/lv\/wp-json\/wp\/v2\/types\/product"}],"wp:featuredmedia":[{"embeddable":true,"href":"https:\/\/kingarms.ee\/lv\/wp-json\/wp\/v2\/media\/130965"}],"wp:attachment":[{"href":"https:\/\/kingarms.ee\/lv\/wp-json\/wp\/v2\/media?parent=137152"}],"wp:term":[{"taxonomy":"product_brand","embeddable":true,"href":"https:\/\/kingarms.ee\/lv\/wp-json\/wp\/v2\/product_brand?post=137152"},{"taxonomy":"product_cat","embeddable":true,"href":"https:\/\/kingarms.ee\/lv\/wp-json\/wp\/v2\/product_cat?post=137152"},{"taxonomy":"product_tag","embeddable":true,"href":"https:\/\/kingarms.ee\/lv\/wp-json\/wp\/v2\/product_tag?post=137152"}],"curies":[{"name":"wp","href":"https:\/\/api.w.org\/{rel}","templated":true}]}}