{"id":137163,"date":"2023-11-20T12:09:57","date_gmt":"2023-11-20T09:09:57","guid":{"rendered":"https:\/\/kingarms.ee\/product\/piparu-smidzinasanas-strukla-40-ml\/"},"modified":"2025-08-03T14:42:12","modified_gmt":"2025-08-03T11:42:12","slug":"piparu-aerosa-jet-40ml","status":"publish","type":"product","link":"https:\/\/kingarms.ee\/lv\/product\/piparu-aerosa-jet-40ml\/","title":{"rendered":"Piparu smidzin\u0101\u0161anas str\u016bkla &#8211; 40 ml"},"content":{"rendered":"<p><img loading=\"lazy\" decoding=\"async\" class=\"alignnone size-full wp-image-83949\" src=\"https:\/\/kingarms.ee\/wp-content\/uploads\/2023\/11\/27305.jpeg\" alt=\"\" width=\"1200\" height=\"1200\" srcset=\"https:\/\/kingarms.ee\/wp-content\/uploads\/2023\/11\/27305.jpeg 1200w, https:\/\/kingarms.ee\/wp-content\/uploads\/2023\/11\/27305-300x300.jpeg 300w, https:\/\/kingarms.ee\/wp-content\/uploads\/2023\/11\/27305-1024x1024.jpeg 1024w, https:\/\/kingarms.ee\/wp-content\/uploads\/2023\/11\/27305-150x150.jpeg 150w, https:\/\/kingarms.ee\/wp-content\/uploads\/2023\/11\/27305-768x768.jpeg 768w, https:\/\/kingarms.ee\/wp-content\/uploads\/2023\/11\/27305-500x500.jpeg 500w\" sizes=\"auto, (max-width: 1200px) 100vw, 1200px\" \/><\/p>\n","protected":false},"excerpt":{"rendered":"<p>Piparu smidzin\u0101\u0161anas str\u016bkla &#8211; 40 ml tie\u0161as pl\u016bsmas prec\u012bzai m\u0113r\u0137auditorijai<br \/>\ndarb\u012bbas joma l\u012bdz 5 m<br \/>\nAizsardz\u012bbas smidzin\u0101\u0161anas kor\u0137i liel\u0101koties aizsarg\u0101<br \/>\npret net\u012b\u0161\u0101m aktiviz\u0101cij\u0101m<br \/>\nKairino\u0161s: 3 % oleores\u012bna kapsicum<br \/>\nIzm\u0113ri: apm. 9 x 3 cm<\/p>\n","protected":false},"featured_media":130997,"template":"","meta":{"_acf_changed":false},"product_brand":[],"product_cat":[1111],"product_tag":[],"class_list":{"0":"post-137163","1":"product","2":"type-product","3":"status-publish","4":"has-post-thumbnail","6":"product_cat-piparu-aerosols","8":"first","9":"outofstock","10":"taxable","11":"shipping-taxable","12":"purchasable","13":"product-type-simple"},"acf":[],"_links":{"self":[{"href":"https:\/\/kingarms.ee\/lv\/wp-json\/wp\/v2\/product\/137163","targetHints":{"allow":["GET"]}}],"collection":[{"href":"https:\/\/kingarms.ee\/lv\/wp-json\/wp\/v2\/product"}],"about":[{"href":"https:\/\/kingarms.ee\/lv\/wp-json\/wp\/v2\/types\/product"}],"wp:featuredmedia":[{"embeddable":true,"href":"https:\/\/kingarms.ee\/lv\/wp-json\/wp\/v2\/media\/130997"}],"wp:attachment":[{"href":"https:\/\/kingarms.ee\/lv\/wp-json\/wp\/v2\/media?parent=137163"}],"wp:term":[{"taxonomy":"product_brand","embeddable":true,"href":"https:\/\/kingarms.ee\/lv\/wp-json\/wp\/v2\/product_brand?post=137163"},{"taxonomy":"product_cat","embeddable":true,"href":"https:\/\/kingarms.ee\/lv\/wp-json\/wp\/v2\/product_cat?post=137163"},{"taxonomy":"product_tag","embeddable":true,"href":"https:\/\/kingarms.ee\/lv\/wp-json\/wp\/v2\/product_tag?post=137163"}],"curies":[{"name":"wp","href":"https:\/\/api.w.org\/{rel}","templated":true}]}}