{"id":137175,"date":"2023-11-20T10:51:30","date_gmt":"2024-11-08T16:17:35","guid":{"rendered":"https:\/\/kingarms.ee\/product\/veja-necaurlaidigs-zibens\/"},"modified":"2025-08-03T14:53:51","modified_gmt":"2025-08-03T11:53:51","slug":"veja-izturigs-olbaltumviela","status":"publish","type":"product","link":"https:\/\/kingarms.ee\/lv\/product\/veja-izturigs-olbaltumviela\/","title":{"rendered":"V\u0113ja necaurlaid\u012bgs zibens"},"content":{"rendered":"<p><img loading=\"lazy\" decoding=\"async\" class=\"alignnone size-full wp-image-83811\" src=\"https:\/\/kingarms.ee\/wp-content\/uploads\/2023\/11\/24073Q.jpeg\" alt=\"\" width=\"1200\" height=\"1200\" srcset=\"https:\/\/kingarms.ee\/wp-content\/uploads\/2023\/11\/24073Q.jpeg 1200w, https:\/\/kingarms.ee\/wp-content\/uploads\/2023\/11\/24073Q-300x300.jpeg 300w, https:\/\/kingarms.ee\/wp-content\/uploads\/2023\/11\/24073Q-1024x1024.jpeg 1024w, https:\/\/kingarms.ee\/wp-content\/uploads\/2023\/11\/24073Q-150x150.jpeg 150w, https:\/\/kingarms.ee\/wp-content\/uploads\/2023\/11\/24073Q-768x768.jpeg 768w, https:\/\/kingarms.ee\/wp-content\/uploads\/2023\/11\/24073Q-500x500.jpeg 500w\" sizes=\"auto, (max-width: 1200px) 100vw, 1200px\" \/><\/p>\n","protected":false},"excerpt":{"rendered":"<p>V\u0113ja necaurlaid\u012bgs zibens &#8211; hroma un pul\u0113ta izm\u0113ri: apm. 5,5 x 4 x 1,3 cm<\/p>\n","protected":false},"featured_media":130807,"template":"","meta":{"_acf_changed":false},"product_brand":[],"product_cat":[1130],"product_tag":[],"class_list":{"0":"post-137175","1":"product","2":"type-product","3":"status-publish","4":"has-post-thumbnail","6":"product_cat-cits-lv","8":"first","9":"instock","10":"taxable","11":"shipping-taxable","12":"purchasable","13":"product-type-simple"},"acf":[],"_links":{"self":[{"href":"https:\/\/kingarms.ee\/lv\/wp-json\/wp\/v2\/product\/137175","targetHints":{"allow":["GET"]}}],"collection":[{"href":"https:\/\/kingarms.ee\/lv\/wp-json\/wp\/v2\/product"}],"about":[{"href":"https:\/\/kingarms.ee\/lv\/wp-json\/wp\/v2\/types\/product"}],"wp:featuredmedia":[{"embeddable":true,"href":"https:\/\/kingarms.ee\/lv\/wp-json\/wp\/v2\/media\/130807"}],"wp:attachment":[{"href":"https:\/\/kingarms.ee\/lv\/wp-json\/wp\/v2\/media?parent=137175"}],"wp:term":[{"taxonomy":"product_brand","embeddable":true,"href":"https:\/\/kingarms.ee\/lv\/wp-json\/wp\/v2\/product_brand?post=137175"},{"taxonomy":"product_cat","embeddable":true,"href":"https:\/\/kingarms.ee\/lv\/wp-json\/wp\/v2\/product_cat?post=137175"},{"taxonomy":"product_tag","embeddable":true,"href":"https:\/\/kingarms.ee\/lv\/wp-json\/wp\/v2\/product_tag?post=137175"}],"curies":[{"name":"wp","href":"https:\/\/api.w.org\/{rel}","templated":true}]}}