{"id":137181,"date":"2023-11-18T19:45:18","date_gmt":"2024-11-08T16:23:45","guid":{"rendered":"https:\/\/kingarms.ee\/product\/bumbu-tornado-magnum-45-mm-078-g-100-gab\/"},"modified":"2025-08-03T14:56:24","modified_gmt":"2025-08-03T11:56:24","slug":"bumbinu-torna-magnum-45-mm-078-g-100tk","status":"publish","type":"product","link":"https:\/\/kingarms.ee\/lv\/product\/bumbinu-torna-magnum-45-mm-078-g-100tk\/","title":{"rendered":"Bumbu tornado magnum 4,5 mm, 0,78 g (100 gab)"},"content":{"rendered":"<p><img loading=\"lazy\" decoding=\"async\" class=\"alignnone size-full wp-image-83721\" src=\"https:\/\/kingarms.ee\/wp-content\/uploads\/2023\/11\/8bbd15369aa5b1208c79caee4f6a534c.jpg\" alt=\"\" width=\"660\" height=\"550\" srcset=\"https:\/\/kingarms.ee\/wp-content\/uploads\/2023\/11\/8bbd15369aa5b1208c79caee4f6a534c.jpg 660w, https:\/\/kingarms.ee\/wp-content\/uploads\/2023\/11\/8bbd15369aa5b1208c79caee4f6a534c-300x250.jpg 300w, https:\/\/kingarms.ee\/wp-content\/uploads\/2023\/11\/8bbd15369aa5b1208c79caee4f6a534c-500x417.jpg 500w, https:\/\/kingarms.ee\/wp-content\/uploads\/2023\/11\/8bbd15369aa5b1208c79caee4f6a534c-150x125.jpg 150w\" sizes=\"auto, (max-width: 660px) 100vw, 660px\" \/><\/p>\n","protected":false},"excerpt":{"rendered":"<p>Ra\u017eot\u0101js: PKF Quintor LLC<br \/>\nKalibrs: 4,5 mm (.177)<br \/>\nGarums: 10,1 mm<br \/>\nSvars: 0,78 grami (12,09 asmens)<br \/>\nLom\u0101s: ko\u0161\u013c\u0101t<br \/>\nDaudzums: 100 gab<\/p>\n","protected":false},"featured_media":130618,"template":"","meta":{"_acf_changed":false},"product_brand":[],"product_cat":[1047],"product_tag":[],"class_list":{"0":"post-137181","1":"product","2":"type-product","3":"status-publish","4":"has-post-thumbnail","6":"product_cat-airuna-4-5-mm","8":"first","9":"instock","10":"taxable","11":"shipping-taxable","12":"purchasable","13":"product-type-simple"},"acf":[],"_links":{"self":[{"href":"https:\/\/kingarms.ee\/lv\/wp-json\/wp\/v2\/product\/137181","targetHints":{"allow":["GET"]}}],"collection":[{"href":"https:\/\/kingarms.ee\/lv\/wp-json\/wp\/v2\/product"}],"about":[{"href":"https:\/\/kingarms.ee\/lv\/wp-json\/wp\/v2\/types\/product"}],"wp:featuredmedia":[{"embeddable":true,"href":"https:\/\/kingarms.ee\/lv\/wp-json\/wp\/v2\/media\/130618"}],"wp:attachment":[{"href":"https:\/\/kingarms.ee\/lv\/wp-json\/wp\/v2\/media?parent=137181"}],"wp:term":[{"taxonomy":"product_brand","embeddable":true,"href":"https:\/\/kingarms.ee\/lv\/wp-json\/wp\/v2\/product_brand?post=137181"},{"taxonomy":"product_cat","embeddable":true,"href":"https:\/\/kingarms.ee\/lv\/wp-json\/wp\/v2\/product_cat?post=137181"},{"taxonomy":"product_tag","embeddable":true,"href":"https:\/\/kingarms.ee\/lv\/wp-json\/wp\/v2\/product_tag?post=137181"}],"curies":[{"name":"wp","href":"https:\/\/api.w.org\/{rel}","templated":true}]}}