{"id":137185,"date":"2023-11-18T19:23:37","date_gmt":"2024-11-08T16:30:14","guid":{"rendered":"https:\/\/kingarms.ee\/product\/bumbinu-luman-lidaka-45-mm-07-g-450-gab\/"},"modified":"2025-08-03T14:59:05","modified_gmt":"2025-08-03T11:59:05","slug":"bumbinas-luman-like-45-mm-07-g-450-tk","status":"publish","type":"product","link":"https:\/\/kingarms.ee\/lv\/product\/bumbinas-luman-like-45-mm-07-g-450-tk\/","title":{"rendered":"Bumbi\u0146u luman l\u012bdaka 4,5 mm 0,7 g (450 gab.)"},"content":{"rendered":"<p><img loading=\"lazy\" decoding=\"async\" class=\"alignnone size-full wp-image-83683\" src=\"https:\/\/kingarms.ee\/wp-content\/uploads\/2023\/11\/puli-lyuman-pike-4-5-mm-0-7-g-450-shtuk-2.jpg\" alt=\"\" width=\"1150\" height=\"960\" srcset=\"https:\/\/kingarms.ee\/wp-content\/uploads\/2023\/11\/puli-lyuman-pike-4-5-mm-0-7-g-450-shtuk-2.jpg 1150w, https:\/\/kingarms.ee\/wp-content\/uploads\/2023\/11\/puli-lyuman-pike-4-5-mm-0-7-g-450-shtuk-2-300x250.jpg 300w, https:\/\/kingarms.ee\/wp-content\/uploads\/2023\/11\/puli-lyuman-pike-4-5-mm-0-7-g-450-shtuk-2-1024x855.jpg 1024w, https:\/\/kingarms.ee\/wp-content\/uploads\/2023\/11\/puli-lyuman-pike-4-5-mm-0-7-g-450-shtuk-2-768x641.jpg 768w, https:\/\/kingarms.ee\/wp-content\/uploads\/2023\/11\/puli-lyuman-pike-4-5-mm-0-7-g-450-shtuk-2-500x417.jpg 500w, https:\/\/kingarms.ee\/wp-content\/uploads\/2023\/11\/puli-lyuman-pike-4-5-mm-0-7-g-450-shtuk-2-150x125.jpg 150w\" sizes=\"auto, (max-width: 1150px) 100vw, 1150px\" \/><\/p>\n","protected":false},"excerpt":{"rendered":"<p>Bumbi\u0146u luman l\u012bdaka 4,5 mm 0,7 g (450 gab.)<\/p>\n<p>Ra\u017eot\u0101js: TM &#8220;Lyuman&#8221; (Krievija \/ Ukraina)<br \/>\nKalibrs: 4,5 mm (.177)<br \/>\nSvars: 0,7 grami (10,8 asme\u0146i)<br \/>\nLom\u0101s: puslodes (kupola formas)<br \/>\nLieto\u0161anas zonas: grauz\u0113ju jahta, mazas gl\u0101st\u012b\u0161anas<br \/>\nDaudzums: 450 gab<\/p>\n","protected":false},"featured_media":130602,"template":"","meta":{"_acf_changed":false},"product_brand":[],"product_cat":[1047],"product_tag":[],"class_list":{"0":"post-137185","1":"product","2":"type-product","3":"status-publish","4":"has-post-thumbnail","6":"product_cat-airuna-4-5-mm","8":"first","9":"instock","10":"taxable","11":"shipping-taxable","12":"purchasable","13":"product-type-simple"},"acf":[],"_links":{"self":[{"href":"https:\/\/kingarms.ee\/lv\/wp-json\/wp\/v2\/product\/137185","targetHints":{"allow":["GET"]}}],"collection":[{"href":"https:\/\/kingarms.ee\/lv\/wp-json\/wp\/v2\/product"}],"about":[{"href":"https:\/\/kingarms.ee\/lv\/wp-json\/wp\/v2\/types\/product"}],"wp:featuredmedia":[{"embeddable":true,"href":"https:\/\/kingarms.ee\/lv\/wp-json\/wp\/v2\/media\/130602"}],"wp:attachment":[{"href":"https:\/\/kingarms.ee\/lv\/wp-json\/wp\/v2\/media?parent=137185"}],"wp:term":[{"taxonomy":"product_brand","embeddable":true,"href":"https:\/\/kingarms.ee\/lv\/wp-json\/wp\/v2\/product_brand?post=137185"},{"taxonomy":"product_cat","embeddable":true,"href":"https:\/\/kingarms.ee\/lv\/wp-json\/wp\/v2\/product_cat?post=137185"},{"taxonomy":"product_tag","embeddable":true,"href":"https:\/\/kingarms.ee\/lv\/wp-json\/wp\/v2\/product_tag?post=137185"}],"curies":[{"name":"wp","href":"https:\/\/api.w.org\/{rel}","templated":true}]}}