{"id":137188,"date":"2023-11-18T18:43:28","date_gmt":"2024-11-08T16:42:06","guid":{"rendered":"https:\/\/kingarms.ee\/product\/lyuman-045-g-650-procenti\/"},"modified":"2025-08-03T15:04:05","modified_gmt":"2025-08-03T12:04:05","slug":"lyuman-0-45g-650pt","status":"publish","type":"product","link":"https:\/\/kingarms.ee\/lv\/product\/lyuman-0-45g-650pt\/","title":{"rendered":"Lyuman 0,45 g (650 procenti)"},"content":{"rendered":"<p><img loading=\"lazy\" decoding=\"async\" class=\"alignnone size-full wp-image-83598\" src=\"https:\/\/kingarms.ee\/wp-content\/uploads\/2023\/11\/puli-lyuman-domed-pellets-light-4-5-mm-0-45-g-650-shtuk-1-570x475-1.jpg\" alt=\"\" width=\"570\" height=\"475\" srcset=\"https:\/\/kingarms.ee\/wp-content\/uploads\/2023\/11\/puli-lyuman-domed-pellets-light-4-5-mm-0-45-g-650-shtuk-1-570x475-1.jpg 570w, https:\/\/kingarms.ee\/wp-content\/uploads\/2023\/11\/puli-lyuman-domed-pellets-light-4-5-mm-0-45-g-650-shtuk-1-570x475-1-300x250.jpg 300w, https:\/\/kingarms.ee\/wp-content\/uploads\/2023\/11\/puli-lyuman-domed-pellets-light-4-5-mm-0-45-g-650-shtuk-1-570x475-1-500x417.jpg 500w, https:\/\/kingarms.ee\/wp-content\/uploads\/2023\/11\/puli-lyuman-domed-pellets-light-4-5-mm-0-45-g-650-shtuk-1-570x475-1-150x125.jpg 150w\" sizes=\"auto, (max-width: 570px) 100vw, 570px\" \/><\/p>\n","protected":false},"excerpt":{"rendered":"<p>Lyuman 0,45 g (650 procenti)<\/p>\n<p>Ra\u017eot\u0101js: TM &#8220;Lyuman&#8221; (Ukraina)<br \/>\nKalibrs: 4,5 mm (.177)<br \/>\nSvars: 0,45 grami (6,94 asmens)<br \/>\nLom\u0101s: puslodes (ar kupolu)<br \/>\nLieto\u0161anas zona: rindo\u0161ana, izklaid\u0113jo\u0161a \u0161au\u0161ana<br \/>\nDaudzums: 650 gab<\/p>\n","protected":false},"featured_media":130572,"template":"","meta":{"_acf_changed":false},"product_brand":[],"product_cat":[1047],"product_tag":[],"class_list":{"0":"post-137188","1":"product","2":"type-product","3":"status-publish","4":"has-post-thumbnail","6":"product_cat-airuna-4-5-mm","8":"first","9":"instock","10":"taxable","11":"shipping-taxable","12":"purchasable","13":"product-type-simple"},"acf":[],"_links":{"self":[{"href":"https:\/\/kingarms.ee\/lv\/wp-json\/wp\/v2\/product\/137188","targetHints":{"allow":["GET"]}}],"collection":[{"href":"https:\/\/kingarms.ee\/lv\/wp-json\/wp\/v2\/product"}],"about":[{"href":"https:\/\/kingarms.ee\/lv\/wp-json\/wp\/v2\/types\/product"}],"wp:featuredmedia":[{"embeddable":true,"href":"https:\/\/kingarms.ee\/lv\/wp-json\/wp\/v2\/media\/130572"}],"wp:attachment":[{"href":"https:\/\/kingarms.ee\/lv\/wp-json\/wp\/v2\/media?parent=137188"}],"wp:term":[{"taxonomy":"product_brand","embeddable":true,"href":"https:\/\/kingarms.ee\/lv\/wp-json\/wp\/v2\/product_brand?post=137188"},{"taxonomy":"product_cat","embeddable":true,"href":"https:\/\/kingarms.ee\/lv\/wp-json\/wp\/v2\/product_cat?post=137188"},{"taxonomy":"product_tag","embeddable":true,"href":"https:\/\/kingarms.ee\/lv\/wp-json\/wp\/v2\/product_tag?post=137188"}],"curies":[{"name":"wp","href":"https:\/\/api.w.org\/{rel}","templated":true}]}}