{"id":137195,"date":"2023-11-18T18:06:32","date_gmt":"2024-11-08T16:51:55","guid":{"rendered":"https:\/\/kingarms.ee\/product\/apolo-plesejs-45-mm-400tk\/"},"modified":"2025-08-03T15:08:12","modified_gmt":"2025-08-03T12:08:12","slug":"apolo-preedator-4-5mm-400tk","status":"publish","type":"product","link":"https:\/\/kingarms.ee\/lv\/product\/apolo-preedator-4-5mm-400tk\/","title":{"rendered":"Apolo pl\u0113s\u0113js 4,5 mm (400TK)"},"content":{"rendered":"<p><img loading=\"lazy\" decoding=\"async\" class=\"alignnone size-full wp-image-83527\" src=\"https:\/\/kingarms.ee\/wp-content\/uploads\/2023\/11\/apolo-predator-2-1000x1000-1.jpg\" alt=\"\" width=\"1000\" height=\"619\" srcset=\"https:\/\/kingarms.ee\/wp-content\/uploads\/2023\/11\/apolo-predator-2-1000x1000-1.jpg 1000w, https:\/\/kingarms.ee\/wp-content\/uploads\/2023\/11\/apolo-predator-2-1000x1000-1-300x186.jpg 300w, https:\/\/kingarms.ee\/wp-content\/uploads\/2023\/11\/apolo-predator-2-1000x1000-1-768x475.jpg 768w, https:\/\/kingarms.ee\/wp-content\/uploads\/2023\/11\/apolo-predator-2-1000x1000-1-500x310.jpg 500w, https:\/\/kingarms.ee\/wp-content\/uploads\/2023\/11\/apolo-predator-2-1000x1000-1-150x93.jpg 150w\" sizes=\"auto, (max-width: 1000px) 100vw, 1000px\" \/><\/p>\n","protected":false},"excerpt":{"rendered":"<p>Apolo pl\u0113s\u0113js 4,5 mm (400TK)<\/p>\n<p>Pre\u010du z\u012bme Apolo<br \/>\nKalibrs 0,177 Cal \/ 4,5 mm<br \/>\nGalvas forma asa kupols<br \/>\nMateri\u0101ls<br \/>\nRa\u017eot\u0101js Apolo, Argent\u012bna<br \/>\nSvars: 0,70 g<\/p>\n","protected":false},"featured_media":130548,"template":"","meta":{"_acf_changed":false},"product_brand":[],"product_cat":[1047],"product_tag":[],"class_list":{"0":"post-137195","1":"product","2":"type-product","3":"status-publish","4":"has-post-thumbnail","6":"product_cat-airuna-4-5-mm","8":"first","9":"instock","10":"taxable","11":"shipping-taxable","12":"purchasable","13":"product-type-simple"},"acf":[],"_links":{"self":[{"href":"https:\/\/kingarms.ee\/lv\/wp-json\/wp\/v2\/product\/137195","targetHints":{"allow":["GET"]}}],"collection":[{"href":"https:\/\/kingarms.ee\/lv\/wp-json\/wp\/v2\/product"}],"about":[{"href":"https:\/\/kingarms.ee\/lv\/wp-json\/wp\/v2\/types\/product"}],"wp:featuredmedia":[{"embeddable":true,"href":"https:\/\/kingarms.ee\/lv\/wp-json\/wp\/v2\/media\/130548"}],"wp:attachment":[{"href":"https:\/\/kingarms.ee\/lv\/wp-json\/wp\/v2\/media?parent=137195"}],"wp:term":[{"taxonomy":"product_brand","embeddable":true,"href":"https:\/\/kingarms.ee\/lv\/wp-json\/wp\/v2\/product_brand?post=137195"},{"taxonomy":"product_cat","embeddable":true,"href":"https:\/\/kingarms.ee\/lv\/wp-json\/wp\/v2\/product_cat?post=137195"},{"taxonomy":"product_tag","embeddable":true,"href":"https:\/\/kingarms.ee\/lv\/wp-json\/wp\/v2\/product_tag?post=137195"}],"curies":[{"name":"wp","href":"https:\/\/api.w.org\/{rel}","templated":true}]}}