{"id":137211,"date":"2023-10-17T12:26:46","date_gmt":"2024-11-09T11:32:37","guid":{"rendered":"https:\/\/kingarms.ee\/product\/roku-aizsardzibas-kartela-cr-6\/"},"modified":"2025-08-03T15:22:49","modified_gmt":"2025-08-03T12:22:49","slug":"izraksanas-karts-cr-6","status":"publish","type":"product","link":"https:\/\/kingarms.ee\/lv\/product\/izraksanas-karts-cr-6\/","title":{"rendered":"Roku aizsardz\u012bbas karte\u013ca CR-6"},"content":{"rendered":"","protected":false},"excerpt":{"rendered":"<p>Rokas aizsardz\u012bba Cartel Cr-6 karte\u013ca CR-6 apak\u0161delma aizsardz\u012bba ir izgatavota no iztur\u012bgas plastmasas. Pateicoties elast\u012bg\u0101m gumijas siksn\u0101m, aizsardz\u012bbu var piel\u0101got jebkuram apak\u0161delma lielumam.<\/p>\n","protected":false},"featured_media":130303,"template":"","meta":{"_acf_changed":false},"product_brand":[],"product_cat":[1017,1015],"product_tag":[],"class_list":{"0":"post-137211","1":"product","2":"type-product","3":"status-publish","4":"has-post-thumbnail","6":"product_cat-piederumi","7":"product_cat-roku-aizsardziba-bultinu-galvas","9":"first","10":"instock","11":"taxable","12":"shipping-taxable","13":"purchasable","14":"product-type-simple"},"acf":[],"_links":{"self":[{"href":"https:\/\/kingarms.ee\/lv\/wp-json\/wp\/v2\/product\/137211","targetHints":{"allow":["GET"]}}],"collection":[{"href":"https:\/\/kingarms.ee\/lv\/wp-json\/wp\/v2\/product"}],"about":[{"href":"https:\/\/kingarms.ee\/lv\/wp-json\/wp\/v2\/types\/product"}],"wp:featuredmedia":[{"embeddable":true,"href":"https:\/\/kingarms.ee\/lv\/wp-json\/wp\/v2\/media\/130303"}],"wp:attachment":[{"href":"https:\/\/kingarms.ee\/lv\/wp-json\/wp\/v2\/media?parent=137211"}],"wp:term":[{"taxonomy":"product_brand","embeddable":true,"href":"https:\/\/kingarms.ee\/lv\/wp-json\/wp\/v2\/product_brand?post=137211"},{"taxonomy":"product_cat","embeddable":true,"href":"https:\/\/kingarms.ee\/lv\/wp-json\/wp\/v2\/product_cat?post=137211"},{"taxonomy":"product_tag","embeddable":true,"href":"https:\/\/kingarms.ee\/lv\/wp-json\/wp\/v2\/product_tag?post=137211"}],"curies":[{"name":"wp","href":"https:\/\/api.w.org\/{rel}","templated":true}]}}