{"id":137213,"date":"2023-10-11T14:22:22","date_gmt":"2024-11-09T11:44:31","guid":{"rendered":"https:\/\/kingarms.ee\/product\/kabatas-naza-iedegums\/"},"modified":"2025-08-03T15:29:43","modified_gmt":"2025-08-03T12:29:43","slug":"kabatas-nazis","status":"publish","type":"product","link":"https:\/\/kingarms.ee\/lv\/product\/kabatas-nazis\/","title":{"rendered":"Kabatas na\u017ea iedegums"},"content":{"rendered":"<p><img loading=\"lazy\" decoding=\"async\" class=\"alignnone size-medium wp-image-81862\" src=\"https:\/\/kingarms.ee\/wp-content\/uploads\/2023\/10\/1152210213_1-300x200.webp\" alt=\"\" width=\"300\" height=\"200\" srcset=\"https:\/\/kingarms.ee\/wp-content\/uploads\/2023\/10\/1152210213_1-300x200.webp 300w, https:\/\/kingarms.ee\/wp-content\/uploads\/2023\/10\/1152210213_1-768x512.webp 768w, https:\/\/kingarms.ee\/wp-content\/uploads\/2023\/10\/1152210213_1-500x333.webp 500w, https:\/\/kingarms.ee\/wp-content\/uploads\/2023\/10\/1152210213_1-150x100.webp 150w, https:\/\/kingarms.ee\/wp-content\/uploads\/2023\/10\/1152210213_1.webp 800w\" sizes=\"auto, (max-width: 300px) 100vw, 300px\" \/><\/p>\n","protected":false},"excerpt":{"rendered":"<p>Kabatas na\u017ea iedegums ar nelielu kabatas nazi, kas izgatavota no viena 440c ner\u016bs\u0113jo\u0161\u0101 t\u0113rauda gabala. Na\u017ea rokturis ir p\u0101rkl\u0101ts ar gumijas materi\u0101lu, kura anti -slip tekst\u016bra nodro\u0161ina cietu sa\u0137eri. V\u0101ks ir izgatavots no identiska materi\u0101la. Komplekt\u0101 ietilpst iztur\u012bgs plastmasas molle stiprin\u0101jums. Nazi lieliski papildina izdz\u012bvo\u0161anas komplekts<\/p>\n","protected":false},"featured_media":130218,"template":"","meta":{"_acf_changed":false},"product_brand":[],"product_cat":[991,1117],"product_tag":[],"class_list":{"0":"post-137213","1":"product","2":"type-product","3":"status-publish","4":"has-post-thumbnail","6":"product_cat-nazi","7":"product_cat-celojuma-nazi","9":"first","10":"instock","11":"taxable","12":"shipping-taxable","13":"purchasable","14":"product-type-simple"},"acf":[],"_links":{"self":[{"href":"https:\/\/kingarms.ee\/lv\/wp-json\/wp\/v2\/product\/137213","targetHints":{"allow":["GET"]}}],"collection":[{"href":"https:\/\/kingarms.ee\/lv\/wp-json\/wp\/v2\/product"}],"about":[{"href":"https:\/\/kingarms.ee\/lv\/wp-json\/wp\/v2\/types\/product"}],"wp:featuredmedia":[{"embeddable":true,"href":"https:\/\/kingarms.ee\/lv\/wp-json\/wp\/v2\/media\/130218"}],"wp:attachment":[{"href":"https:\/\/kingarms.ee\/lv\/wp-json\/wp\/v2\/media?parent=137213"}],"wp:term":[{"taxonomy":"product_brand","embeddable":true,"href":"https:\/\/kingarms.ee\/lv\/wp-json\/wp\/v2\/product_brand?post=137213"},{"taxonomy":"product_cat","embeddable":true,"href":"https:\/\/kingarms.ee\/lv\/wp-json\/wp\/v2\/product_cat?post=137213"},{"taxonomy":"product_tag","embeddable":true,"href":"https:\/\/kingarms.ee\/lv\/wp-json\/wp\/v2\/product_tag?post=137213"}],"curies":[{"name":"wp","href":"https:\/\/api.w.org\/{rel}","templated":true}]}}