{"id":137214,"date":"2023-10-10T18:00:10","date_gmt":"2023-10-10T15:00:10","guid":{"rendered":"https:\/\/kingarms.ee\/product\/pavasara-ierocis-m16a4-labi\/"},"modified":"2025-08-03T15:32:41","modified_gmt":"2025-08-03T12:32:41","slug":"pavasaris-m16a4-iedobe","status":"publish","type":"product","link":"https:\/\/kingarms.ee\/lv\/product\/pavasaris-m16a4-iedobe\/","title":{"rendered":"Pavasara ierocis M16A4 (labi)"},"content":{"rendered":"<p><img loading=\"lazy\" decoding=\"async\" class=\"alignnone size-medium wp-image-81773\" src=\"https:\/\/kingarms.ee\/wp-content\/uploads\/2023\/10\/1133308184_1-300x205.webp\" alt=\"\" width=\"300\" height=\"205\" srcset=\"https:\/\/kingarms.ee\/wp-content\/uploads\/2023\/10\/1133308184_1-300x205.webp 300w, https:\/\/kingarms.ee\/wp-content\/uploads\/2023\/10\/1133308184_1-500x341.webp 500w, https:\/\/kingarms.ee\/wp-content\/uploads\/2023\/10\/1133308184_1-150x102.webp 150w, https:\/\/kingarms.ee\/wp-content\/uploads\/2023\/10\/1133308184_1.webp 550w\" sizes=\"auto, (max-width: 300px) 100vw, 300px\" \/><\/p>\n","protected":false},"excerpt":{"rendered":"<p>Pavasara ierocis M16A4 (labi)<\/p>\n<p>Specifik\u0101cijas:<\/p>\n<p>V\u0101rds: M16 A4<br \/>\nRa\u017eot\u0101js: Nu<br \/>\nPistoles vilce: pavasaris<br \/>\nM\u0113rogs: 1: 1<br \/>\nPistoles korpuss: plastmasa + iek\u0161\u0113j\u0101 alum\u012bnija caurule<br \/>\n\u0100trums: ~ 0,6 J<br \/>\nAug\u0161pus\u0113: 25-30 m<br \/>\nPapl\u0101tes s\u0113jums: 30 BB<br \/>\nPistoles garums: 70 cm<br \/>\nPistoles svars: 2000 g<br \/>\nPiederumi: siksna, kolimators, luktur\u012btis<\/p>\n","protected":false},"featured_media":130165,"template":"","meta":{"_acf_changed":false},"product_brand":[],"product_cat":[1001],"product_tag":[],"class_list":{"0":"post-137214","1":"product","2":"type-product","3":"status-publish","4":"has-post-thumbnail","6":"product_cat-tirdzniecibas-automati","8":"first","9":"instock","10":"taxable","11":"shipping-taxable","12":"purchasable","13":"product-type-simple"},"acf":[],"_links":{"self":[{"href":"https:\/\/kingarms.ee\/lv\/wp-json\/wp\/v2\/product\/137214","targetHints":{"allow":["GET"]}}],"collection":[{"href":"https:\/\/kingarms.ee\/lv\/wp-json\/wp\/v2\/product"}],"about":[{"href":"https:\/\/kingarms.ee\/lv\/wp-json\/wp\/v2\/types\/product"}],"wp:featuredmedia":[{"embeddable":true,"href":"https:\/\/kingarms.ee\/lv\/wp-json\/wp\/v2\/media\/130165"}],"wp:attachment":[{"href":"https:\/\/kingarms.ee\/lv\/wp-json\/wp\/v2\/media?parent=137214"}],"wp:term":[{"taxonomy":"product_brand","embeddable":true,"href":"https:\/\/kingarms.ee\/lv\/wp-json\/wp\/v2\/product_brand?post=137214"},{"taxonomy":"product_cat","embeddable":true,"href":"https:\/\/kingarms.ee\/lv\/wp-json\/wp\/v2\/product_cat?post=137214"},{"taxonomy":"product_tag","embeddable":true,"href":"https:\/\/kingarms.ee\/lv\/wp-json\/wp\/v2\/product_tag?post=137214"}],"curies":[{"name":"wp","href":"https:\/\/api.w.org\/{rel}","templated":true}]}}