{"id":137216,"date":"2023-10-05T19:34:03","date_gmt":"2024-11-09T12:33:26","guid":{"rendered":"https:\/\/kingarms.ee\/product\/dmr-gaisa-pistoles-komplekts\/"},"modified":"2025-08-03T15:45:46","modified_gmt":"2025-08-03T12:45:46","slug":"gun-dmr-komplekts","status":"publish","type":"product","link":"https:\/\/kingarms.ee\/lv\/product\/gun-dmr-komplekts\/","title":{"rendered":"DMR gaisa pistoles komplekts"},"content":{"rendered":"<p><img loading=\"lazy\" decoding=\"async\" class=\"alignnone size-medium wp-image-81431\" src=\"https:\/\/kingarms.ee\/wp-content\/uploads\/2023\/10\/KingArms-Pakkumised.4-300x300.jpg\" alt=\"\" width=\"300\" height=\"300\" srcset=\"https:\/\/kingarms.ee\/wp-content\/uploads\/2023\/10\/KingArms-Pakkumised.4-300x300.jpg 300w, https:\/\/kingarms.ee\/wp-content\/uploads\/2023\/10\/KingArms-Pakkumised.4-1024x1024.jpg 1024w, https:\/\/kingarms.ee\/wp-content\/uploads\/2023\/10\/KingArms-Pakkumised.4-150x150.jpg 150w, https:\/\/kingarms.ee\/wp-content\/uploads\/2023\/10\/KingArms-Pakkumised.4-768x768.jpg 768w, https:\/\/kingarms.ee\/wp-content\/uploads\/2023\/10\/KingArms-Pakkumised.4-500x500.jpg 500w, https:\/\/kingarms.ee\/wp-content\/uploads\/2023\/10\/KingArms-Pakkumised.4.jpg 1080w\" sizes=\"auto, (max-width: 300px) 100vw, 300px\" \/><\/p>\n","protected":false},"excerpt":{"rendered":"<p>Gaisa pistoles DMR komplekts:<\/p>\n<p>Bruni CO2 gaisa pistole<br \/>\n1&#215;40 sarkanais punkt\u0113ts m\u0113r\u0137is<br \/>\nM\u0113r\u0137is &#8220;L\u0101cis&#8221; 50 gab<br \/>\napavu bumbi\u0146as 1500pc<br \/>\nCO2 kapsula x10<\/p>\n","protected":false},"featured_media":130001,"template":"","meta":{"_acf_changed":false},"product_brand":[],"product_cat":[990],"product_tag":[],"class_list":{"0":"post-137216","1":"product","2":"type-product","3":"status-publish","4":"has-post-thumbnail","6":"product_cat-naudotu-produktu","8":"first","9":"instock","10":"taxable","11":"shipping-taxable","12":"purchasable","13":"product-type-simple"},"acf":[],"_links":{"self":[{"href":"https:\/\/kingarms.ee\/lv\/wp-json\/wp\/v2\/product\/137216","targetHints":{"allow":["GET"]}}],"collection":[{"href":"https:\/\/kingarms.ee\/lv\/wp-json\/wp\/v2\/product"}],"about":[{"href":"https:\/\/kingarms.ee\/lv\/wp-json\/wp\/v2\/types\/product"}],"wp:featuredmedia":[{"embeddable":true,"href":"https:\/\/kingarms.ee\/lv\/wp-json\/wp\/v2\/media\/130001"}],"wp:attachment":[{"href":"https:\/\/kingarms.ee\/lv\/wp-json\/wp\/v2\/media?parent=137216"}],"wp:term":[{"taxonomy":"product_brand","embeddable":true,"href":"https:\/\/kingarms.ee\/lv\/wp-json\/wp\/v2\/product_brand?post=137216"},{"taxonomy":"product_cat","embeddable":true,"href":"https:\/\/kingarms.ee\/lv\/wp-json\/wp\/v2\/product_cat?post=137216"},{"taxonomy":"product_tag","embeddable":true,"href":"https:\/\/kingarms.ee\/lv\/wp-json\/wp\/v2\/product_tag?post=137216"}],"curies":[{"name":"wp","href":"https:\/\/api.w.org\/{rel}","templated":true}]}}