{"id":137218,"date":"2023-10-04T14:32:05","date_gmt":"2023-10-04T11:32:05","guid":{"rendered":"https:\/\/kingarms.ee\/product\/saciet-pistoli-g19c-retay\/"},"modified":"2025-08-03T15:46:42","modified_gmt":"2025-08-03T12:46:42","slug":"start-pustol-g19cretay","status":"publish","type":"product","link":"https:\/\/kingarms.ee\/lv\/product\/start-pustol-g19cretay\/","title":{"rendered":"S\u0101ciet pistoli G19c (retay)"},"content":{"rendered":"<p><img loading=\"lazy\" decoding=\"async\" class=\"alignnone size-medium wp-image-81392\" src=\"https:\/\/kingarms.ee\/wp-content\/uploads\/2023\/10\/1-2212-300x300.jpg\" alt=\"\" width=\"300\" height=\"300\" srcset=\"https:\/\/kingarms.ee\/wp-content\/uploads\/2023\/10\/1-2212-300x300.jpg 300w, https:\/\/kingarms.ee\/wp-content\/uploads\/2023\/10\/1-2212-150x150.jpg 150w, https:\/\/kingarms.ee\/wp-content\/uploads\/2023\/10\/1-2212-500x500.jpg 500w, https:\/\/kingarms.ee\/wp-content\/uploads\/2023\/10\/1-2212.jpg 556w\" sizes=\"auto, (max-width: 300px) 100vw, 300px\" \/><\/p>\n","protected":false},"excerpt":{"rendered":"<p>S\u0101ciet pistoli G19c (retay)<\/p>\n<p>RETAY G19 C ir slaven\u0101 da\u013c\u0113ji -utom\u0101tisk\u0101 lielgabala Glock 19 kopija.<br \/>\nKalibrs 9mm p.a.k<br \/>\n\u017durn\u0101la s\u0113jums 14+1<br \/>\nDro\u0161\u012bba: spr\u016bda dro\u0161\u012bba<br \/>\nSpr\u016bda: viena laika darb\u012bba<\/p>\n","protected":false},"featured_media":152555,"template":"","meta":{"_acf_changed":false},"product_brand":[],"product_cat":[1010],"product_tag":[],"class_list":{"0":"post-137218","1":"product","2":"type-product","3":"status-publish","4":"has-post-thumbnail","6":"product_cat-starta-pistoles","8":"first","9":"instock","10":"taxable","11":"shipping-taxable","12":"purchasable","13":"product-type-simple"},"acf":[],"_links":{"self":[{"href":"https:\/\/kingarms.ee\/lv\/wp-json\/wp\/v2\/product\/137218","targetHints":{"allow":["GET"]}}],"collection":[{"href":"https:\/\/kingarms.ee\/lv\/wp-json\/wp\/v2\/product"}],"about":[{"href":"https:\/\/kingarms.ee\/lv\/wp-json\/wp\/v2\/types\/product"}],"wp:featuredmedia":[{"embeddable":true,"href":"https:\/\/kingarms.ee\/lv\/wp-json\/wp\/v2\/media\/152555"}],"wp:attachment":[{"href":"https:\/\/kingarms.ee\/lv\/wp-json\/wp\/v2\/media?parent=137218"}],"wp:term":[{"taxonomy":"product_brand","embeddable":true,"href":"https:\/\/kingarms.ee\/lv\/wp-json\/wp\/v2\/product_brand?post=137218"},{"taxonomy":"product_cat","embeddable":true,"href":"https:\/\/kingarms.ee\/lv\/wp-json\/wp\/v2\/product_cat?post=137218"},{"taxonomy":"product_tag","embeddable":true,"href":"https:\/\/kingarms.ee\/lv\/wp-json\/wp\/v2\/product_tag?post=137218"}],"curies":[{"name":"wp","href":"https:\/\/api.w.org\/{rel}","templated":true}]}}